{"id":4688,"date":"2024-06-23T17:02:33","date_gmt":"2024-06-23T15:02:33","guid":{"rendered":"https:\/\/sultanspices.es\/haldis-moong-dal-200g\/"},"modified":"2026-02-23T12:40:47","modified_gmt":"2026-02-23T11:40:47","slug":"haldis-moong-dal-200g","status":"publish","type":"product","link":"https:\/\/sultanspices.es\/pt\/produto\/haldis-moong-dal-200g\/","title":{"rendered":"HALDI'S MOONG DAL 200G"},"content":{"rendered":"<div class=\"flex flex-grow flex-col max-w-full\">\n<div class=\"min-h-[20px] text-message flex flex-col items-start whitespace-pre-wrap break-words [.text-message+&amp;]:mt-5 juice:w-full juice:items-end overflow-x-auto gap-2\" dir=\"auto\" data-message-author-role=\"assistant\" data-message-id=\"ce9d8cd9-920d-4fa6-b5ec-09b76b11fca3\">\n<div class=\"flex w-full flex-col gap-1 juice:empty:hidden juice:first:pt-[3px]\">\n<div class=\"markdown prose w-full break-words dark:prose-invert dark\">\n<p>Descubra a bondade saud\u00e1vel de <strong>HALDI'S MOONG DAL 200G<\/strong> na Sultan Spices, a sua mercearia indiana de confian\u00e7a em M\u00e1laga. Este moong dal de primeira qualidade, selecionado pela Haldi's, oferece uma adi\u00e7\u00e3o nutritiva e vers\u00e1til ao seu repert\u00f3rio culin\u00e1rio, perfeito para pratos indianos tradicionais e receitas inovadoras.<\/p>\n<p><strong>Caracter\u00edsticas principais:<\/strong><\/p>\n<ul>\n<li><strong>Qualidade superior:<\/strong> O moong dal cuidadosamente selecionado garante um sabor e uma textura superiores.<\/li>\n<li><strong>Rico em nutrientes:<\/strong> Rico em prote\u00ednas, fibras e minerais essenciais para uma alimenta\u00e7\u00e3o equilibrada.<\/li>\n<li><strong>Utiliza\u00e7\u00e3o vers\u00e1til:<\/strong> Ideal para prepara\u00e7\u00f5es de dal, sopas, guisados e aperitivos como o halwa de moong dal.<\/li>\n<li><strong>Sabor aut\u00eantico:<\/strong> Real\u00e7a os sabores da cozinha indiana, perfeita para refei\u00e7\u00f5es di\u00e1rias e ocasi\u00f5es festivas.<\/li>\n<li><strong>Embalagem c\u00f3moda:<\/strong> Apresenta-se numa embalagem de 200G, conveniente para utiliza\u00e7\u00e3o dom\u00e9stica e armazenamento.<\/li>\n<\/ul>\n<p>Na Sultan Spices, orgulhamo-nos de oferecer ingredientes de alta qualidade que elevam a sua experi\u00eancia culin\u00e1ria. <strong>HALDI'S MOONG DAL 200G<\/strong> exemplifica o nosso compromisso com a autenticidade e o sabor.<\/p>\n<p>Visite Sultan Spices em M\u00e1laga para explorar a nossa extensa gama de lentilhas, especiarias e artigos especiais. Com <strong>HALDI'S MOONG DAL 200G<\/strong>Se quiser, pode melhorar os seus pratos com os sabores ricos e os benef\u00edcios nutricionais do moong dal.<\/p>\n<p>Melhore a sua cozinha com <strong>HALDI'S MOONG DAL 200G<\/strong> da Sultan Spices, e saboreie a bondade saud\u00e1vel e o sabor aut\u00eantico que traz \u00e0s suas refei\u00e7\u00f5es.<\/p>\n<\/div>\n<\/div>\n<\/div>\n<\/div>","protected":false},"excerpt":{"rendered":"<p>Descubra a bondade saud\u00e1vel do HALDI'S MOONG DAL 200G na Sultan Spices, a sua mercearia indiana de confian\u00e7a em M\u00e1laga. Este moong dal premium, com curadoria da Haldi's, oferece uma adi\u00e7\u00e3o nutritiva e vers\u00e1til ao seu repert\u00f3rio culin\u00e1rio, perfeito para pratos indianos tradicionais e receitas inovadoras. Caracter\u00edsticas principais: Qualidade superior: O moong dal cuidadosamente selecionado garante uma qualidade superior...<\/p>","protected":false},"featured_media":4742,"comment_status":"open","ping_status":"closed","template":"","meta":{"_kad_blocks_custom_css":"","_kad_blocks_head_custom_js":"","_kad_blocks_body_custom_js":"","_kad_blocks_footer_custom_js":"","_kadence_starter_templates_imported_post":false,"_kad_post_transparent":"default","_kad_post_title":"","_kad_post_layout":"default","_kad_post_sidebar_id":"","_kad_post_content_style":"default","_kad_post_vertical_padding":"default","_kad_post_feature":"","_kad_post_feature_position":"","_kad_post_header":false,"_kad_post_footer":false,"_kad_post_classname":""},"product_brand":[],"product_cat":[47,56],"product_tag":[],"class_list":{"0":"post-4688","1":"product","2":"type-product","3":"status-publish","4":"has-post-thumbnail","6":"product_cat-lentils","7":"product_cat-indian-snacks","9":"first","10":"outofstock","11":"shipping-taxable","12":"purchasable","13":"product-type-simple","14":"entry","15":"content-bg","16":"loop-entry"},"taxonomy_info":{"product_cat":[{"value":47,"label":"Lentils"},{"value":56,"label":"Snacks"}]},"featured_image_src_large":["https:\/\/sultanspices.es\/wp-content\/uploads\/2024\/06\/ProductsPIX-13-1024x1024.png",1024,1024,true],"author_info":[],"comment_info":0,"jetpack_sharing_enabled":true,"_links":{"self":[{"href":"https:\/\/sultanspices.es\/pt\/wp-json\/wp\/v2\/product\/4688","targetHints":{"allow":["GET"]}}],"collection":[{"href":"https:\/\/sultanspices.es\/pt\/wp-json\/wp\/v2\/product"}],"about":[{"href":"https:\/\/sultanspices.es\/pt\/wp-json\/wp\/v2\/types\/product"}],"replies":[{"embeddable":true,"href":"https:\/\/sultanspices.es\/pt\/wp-json\/wp\/v2\/comments?post=4688"}],"wp:featuredmedia":[{"embeddable":true,"href":"https:\/\/sultanspices.es\/pt\/wp-json\/wp\/v2\/media\/4742"}],"wp:attachment":[{"href":"https:\/\/sultanspices.es\/pt\/wp-json\/wp\/v2\/media?parent=4688"}],"wp:term":[{"taxonomy":"product_brand","embeddable":true,"href":"https:\/\/sultanspices.es\/pt\/wp-json\/wp\/v2\/product_brand?post=4688"},{"taxonomy":"product_cat","embeddable":true,"href":"https:\/\/sultanspices.es\/pt\/wp-json\/wp\/v2\/product_cat?post=4688"},{"taxonomy":"product_tag","embeddable":true,"href":"https:\/\/sultanspices.es\/pt\/wp-json\/wp\/v2\/product_tag?post=4688"}],"curies":[{"name":"wp","href":"https:\/\/api.w.org\/{rel}","templated":true}]}}