{"id":4687,"date":"2024-06-23T17:02:32","date_gmt":"2024-06-23T15:02:32","guid":{"rendered":"https:\/\/sultanspices.es\/haldis-chana-dal-200g\/"},"modified":"2026-02-23T12:40:47","modified_gmt":"2026-02-23T11:40:47","slug":"haldis-chana-dal-200g","status":"publish","type":"product","link":"https:\/\/sultanspices.es\/pt\/produto\/haldis-chana-dal-200g\/","title":{"rendered":"HALDI'S CHANA DAL 200G"},"content":{"rendered":"<p>Descubra a riqueza de <strong>HALDI'S CHANA DAL 200G<\/strong> na Sultan Spices, a sua mercearia indiana de elei\u00e7\u00e3o em M\u00e1laga. Este chana dal de primeira qualidade, com a curadoria da Haldi's, \u00e9 uma adi\u00e7\u00e3o vers\u00e1til e nutritiva \u00e0 sua despensa, perfeita para uma variedade de pratos indianos e cria\u00e7\u00f5es culin\u00e1rias.<\/p>\n<p><strong>Caracter\u00edsticas principais:<\/strong><\/p>\n<ul>\n<li><strong>Qualidade superior:<\/strong> O chana dal cuidadosamente selecionado garante um sabor e uma textura superiores.<\/li>\n<li><strong>Rico em nutrientes:<\/strong> Rico em prote\u00ednas, fibras e minerais essenciais, promovendo uma dieta equilibrada.<\/li>\n<li><strong>Utiliza\u00e7\u00e3o vers\u00e1til:<\/strong> Ideal para prepara\u00e7\u00f5es de dal, sopas, guisados e refei\u00e7\u00f5es ligeiras como o chana dal chaat.<\/li>\n<li><strong>Sabor aut\u00eantico:<\/strong> Real\u00e7a os sabores da cozinha indiana, perfeita para refei\u00e7\u00f5es di\u00e1rias e ocasi\u00f5es festivas.<\/li>\n<li><strong>Embalagem c\u00f3moda:<\/strong> Apresenta-se numa embalagem de 200G, ideal para utiliza\u00e7\u00e3o dom\u00e9stica e f\u00e1cil armazenamento.<\/li>\n<\/ul>\n<p>Na Sultan Spices, estamos empenhados em fornecer ingredientes de alta qualidade que elevam a sua experi\u00eancia culin\u00e1ria. <strong>HALDI'S CHANA DAL 200G<\/strong> reflecte a nossa dedica\u00e7\u00e3o \u00e0 autenticidade e ao sabor.<\/p>\n<p>Visite Sultan Spices em M\u00e1laga para explorar a nossa vasta gama de lentilhas, especiarias e artigos especiais. Com <strong>HALDI'S CHANA DAL 200G<\/strong>Se quiser, pode melhorar os seus pratos com os sabores ricos e os benef\u00edcios nutricionais do chana dal.<\/p>\n<p>Melhore a sua cozinha com <strong>HALDI'S CHANA DAL 200G<\/strong> da Sultan Spices, e desfrute da bondade saud\u00e1vel e do sabor aut\u00eantico que traz \u00e0 sua refei\u00e7\u00e3o.<\/p>","protected":false},"excerpt":{"rendered":"<p>Descubra a riqueza do HALDI'S CHANA DAL 200G na Sultan Spices, a sua mercearia indiana de refer\u00eancia em M\u00e1laga. Este chana dal de primeira qualidade, com a curadoria da Haldi's, \u00e9 uma adi\u00e7\u00e3o vers\u00e1til e nutritiva \u00e0 sua despensa, perfeita para uma variedade de pratos indianos e cria\u00e7\u00f5es culin\u00e1rias. Caracter\u00edsticas principais: Qualidade superior: O chana dal cuidadosamente selecionado garante um sabor superior...<\/p>","protected":false},"featured_media":4743,"comment_status":"open","ping_status":"closed","template":"","meta":{"_kad_blocks_custom_css":"","_kad_blocks_head_custom_js":"","_kad_blocks_body_custom_js":"","_kad_blocks_footer_custom_js":"","_kadence_starter_templates_imported_post":false,"_kad_post_transparent":"default","_kad_post_title":"","_kad_post_layout":"default","_kad_post_sidebar_id":"","_kad_post_content_style":"default","_kad_post_vertical_padding":"default","_kad_post_feature":"","_kad_post_feature_position":"","_kad_post_header":false,"_kad_post_footer":false,"_kad_post_classname":""},"product_brand":[],"product_cat":[56,47],"product_tag":[],"class_list":{"0":"post-4687","1":"product","2":"type-product","3":"status-publish","4":"has-post-thumbnail","6":"product_cat-indian-snacks","7":"product_cat-lentils","9":"first","10":"outofstock","11":"shipping-taxable","12":"purchasable","13":"product-type-simple","14":"entry","15":"content-bg","16":"loop-entry"},"taxonomy_info":{"product_cat":[{"value":56,"label":"Snacks"},{"value":47,"label":"Lentils"}]},"featured_image_src_large":["https:\/\/sultanspices.es\/wp-content\/uploads\/2024\/06\/ProductsPIX-14-1024x1024.png",1024,1024,true],"author_info":[],"comment_info":1,"jetpack_sharing_enabled":true,"_links":{"self":[{"href":"https:\/\/sultanspices.es\/pt\/wp-json\/wp\/v2\/product\/4687","targetHints":{"allow":["GET"]}}],"collection":[{"href":"https:\/\/sultanspices.es\/pt\/wp-json\/wp\/v2\/product"}],"about":[{"href":"https:\/\/sultanspices.es\/pt\/wp-json\/wp\/v2\/types\/product"}],"replies":[{"embeddable":true,"href":"https:\/\/sultanspices.es\/pt\/wp-json\/wp\/v2\/comments?post=4687"}],"wp:featuredmedia":[{"embeddable":true,"href":"https:\/\/sultanspices.es\/pt\/wp-json\/wp\/v2\/media\/4743"}],"wp:attachment":[{"href":"https:\/\/sultanspices.es\/pt\/wp-json\/wp\/v2\/media?parent=4687"}],"wp:term":[{"taxonomy":"product_brand","embeddable":true,"href":"https:\/\/sultanspices.es\/pt\/wp-json\/wp\/v2\/product_brand?post=4687"},{"taxonomy":"product_cat","embeddable":true,"href":"https:\/\/sultanspices.es\/pt\/wp-json\/wp\/v2\/product_cat?post=4687"},{"taxonomy":"product_tag","embeddable":true,"href":"https:\/\/sultanspices.es\/pt\/wp-json\/wp\/v2\/product_tag?post=4687"}],"curies":[{"name":"wp","href":"https:\/\/api.w.org\/{rel}","templated":true}]}}