{"id":4685,"date":"2024-06-23T17:02:31","date_gmt":"2024-06-23T15:02:31","guid":{"rendered":"https:\/\/sultanspices.es\/gram-flour-trs-2kg\/"},"modified":"2026-02-23T12:40:47","modified_gmt":"2026-02-23T11:40:47","slug":"gram-flour-trs-2kg","status":"publish","type":"product","link":"https:\/\/sultanspices.es\/pt\/produto\/farinha-de-grama-trs-2kg\/","title":{"rendered":"FARINHA DE GRAMA TRS 2KG"},"content":{"rendered":"<div class=\"flex flex-grow flex-col max-w-full\">\n<div class=\"min-h-[20px] text-message flex flex-col items-start whitespace-pre-wrap break-words [.text-message+&amp;]:mt-5 juice:w-full juice:items-end overflow-x-auto gap-2\" dir=\"auto\" data-message-author-role=\"assistant\" data-message-id=\"282ed558-a1da-43e8-9117-9ae2ee1009fc\">\n<div class=\"flex w-full flex-col gap-1 juice:empty:hidden juice:first:pt-[3px]\">\n<div class=\"markdown prose w-full break-words dark:prose-invert dark\">\n<p>Descubra a versatilidade de <strong>FARINHA DE GRAMA TRS 2KG<\/strong> na Sultan Spices, a sua mercearia indiana de confian\u00e7a em M\u00e1laga. Tamb\u00e9m conhecida como besan, esta farinha de grama premium da TRS \u00e9 um ingrediente b\u00e1sico na cozinha indiana, oferecendo sabor e nutri\u00e7\u00e3o a uma grande variedade de pratos.<\/p>\n<p><strong>Caracter\u00edsticas principais:<\/strong><\/p>\n<ul>\n<li><strong>Qualidade superior:<\/strong> Produzido a partir de gr\u00e3o-de-bico finamente mo\u00eddo para garantir uma textura e um sabor superiores.<\/li>\n<li><strong>Rico em nutrientes:<\/strong> Rico em prote\u00ednas, fibras alimentares e minerais essenciais, contribuindo para uma dieta equilibrada.<\/li>\n<li><strong>Utiliza\u00e7\u00e3o vers\u00e1til:<\/strong> Ideal para confecionar pratos tradicionais como pakoras, bhajis e doces como besan ladoo.<\/li>\n<li><strong>Alternativa sem gl\u00faten:<\/strong> Adequado para dietas sem gl\u00faten e suficientemente vers\u00e1til para cozer e engrossar molhos.<\/li>\n<li><strong>Embalagem c\u00f3moda:<\/strong> Apresenta-se numa embalagem de 2 kg, perfeita para utiliza\u00e7\u00e3o frequente e f\u00e1cil armazenamento.<\/li>\n<\/ul>\n<p>Na Sultan Spices, temos orgulho em oferecer ingredientes de alta qualidade que melhoram as suas cria\u00e7\u00f5es culin\u00e1rias. <strong>FARINHA DE GRAMA TRS 2KG<\/strong> exemplifica o nosso compromisso com a autenticidade e o sabor.<\/p>\n<p>Visite Sultan Spices em M\u00e1laga para explorar a nossa sele\u00e7\u00e3o diversificada de farinhas, especiarias e artigos especiais. Com <strong>FARINHA DE GRAMA TRS 2KG<\/strong>pode elevar os seus cozinhados com os sabores ricos e os benef\u00edcios nutricionais do besan.<\/p>\n<p>Melhore os seus pratos com <strong>FARINHA DE GRAMA TRS 2KG<\/strong> da Sultan Spices, e desfrute da versatilidade e do sabor aut\u00eantico que traz para a sua cozinha.<\/p>\n<\/div>\n<\/div>\n<\/div>\n<\/div>","protected":false},"excerpt":{"rendered":"<p>Descubra a versatilidade da farinha de gr\u00e3o TRS 2KG na Sultan Spices, a sua mercearia indiana de confian\u00e7a em M\u00e1laga. Tamb\u00e9m conhecida como besan, esta farinha de grama premium da TRS \u00e9 um ingrediente b\u00e1sico na culin\u00e1ria indiana, oferecendo sabor e nutri\u00e7\u00e3o a uma grande variedade de pratos. Caracter\u00edsticas principais: Qualidade Premium: Feita a partir de gr\u00e3os finamente mo\u00eddos...<\/p>","protected":false},"featured_media":4745,"comment_status":"open","ping_status":"closed","template":"","meta":{"_kad_blocks_custom_css":"","_kad_blocks_head_custom_js":"","_kad_blocks_body_custom_js":"","_kad_blocks_footer_custom_js":"","_kadence_starter_templates_imported_post":false,"_kad_post_transparent":"default","_kad_post_title":"","_kad_post_layout":"default","_kad_post_sidebar_id":"","_kad_post_content_style":"default","_kad_post_vertical_padding":"default","_kad_post_feature":"","_kad_post_feature_position":"","_kad_post_header":false,"_kad_post_footer":false,"_kad_post_classname":""},"product_brand":[],"product_cat":[52],"product_tag":[],"class_list":{"0":"post-4685","1":"product","2":"type-product","3":"status-publish","4":"has-post-thumbnail","6":"product_cat-flour","8":"first","9":"outofstock","10":"shipping-taxable","11":"purchasable","12":"product-type-simple","13":"entry","14":"content-bg","15":"loop-entry"},"taxonomy_info":{"product_cat":[{"value":52,"label":"Flour"}]},"featured_image_src_large":["https:\/\/sultanspices.es\/wp-content\/uploads\/2024\/06\/ProductsPIX-15-1024x1024.png",1024,1024,true],"author_info":[],"comment_info":1,"jetpack_sharing_enabled":true,"_links":{"self":[{"href":"https:\/\/sultanspices.es\/pt\/wp-json\/wp\/v2\/product\/4685","targetHints":{"allow":["GET"]}}],"collection":[{"href":"https:\/\/sultanspices.es\/pt\/wp-json\/wp\/v2\/product"}],"about":[{"href":"https:\/\/sultanspices.es\/pt\/wp-json\/wp\/v2\/types\/product"}],"replies":[{"embeddable":true,"href":"https:\/\/sultanspices.es\/pt\/wp-json\/wp\/v2\/comments?post=4685"}],"wp:featuredmedia":[{"embeddable":true,"href":"https:\/\/sultanspices.es\/pt\/wp-json\/wp\/v2\/media\/4745"}],"wp:attachment":[{"href":"https:\/\/sultanspices.es\/pt\/wp-json\/wp\/v2\/media?parent=4685"}],"wp:term":[{"taxonomy":"product_brand","embeddable":true,"href":"https:\/\/sultanspices.es\/pt\/wp-json\/wp\/v2\/product_brand?post=4685"},{"taxonomy":"product_cat","embeddable":true,"href":"https:\/\/sultanspices.es\/pt\/wp-json\/wp\/v2\/product_cat?post=4685"},{"taxonomy":"product_tag","embeddable":true,"href":"https:\/\/sultanspices.es\/pt\/wp-json\/wp\/v2\/product_tag?post=4685"}],"curies":[{"name":"wp","href":"https:\/\/api.w.org\/{rel}","templated":true}]}}