{"id":4683,"date":"2024-06-23T17:02:30","date_gmt":"2024-06-23T15:02:30","guid":{"rendered":"https:\/\/sultanspices.es\/golden-peacock-chapatti-atta-25kg\/"},"modified":"2025-07-19T12:37:16","modified_gmt":"2025-07-19T10:37:16","slug":"golden-peacock-chapatti-atta-25kg","status":"publish","type":"product","link":"https:\/\/sultanspices.es\/pt\/produto\/pessego-dourado-chapatti-atta-25kg\/","title":{"rendered":"GOLDEN PEACOCK CHAPATTI ATTA 25KG"},"content":{"rendered":"<p>Experimente a melhor qualidade <strong>GOLDEN PEACOCK CHAPATTI ATTA 25KG<\/strong> na Sultan Spices, a sua principal mercearia indiana em M\u00e1laga. Esta farinha de trigo integral de primeira qualidade, conhecida como chapatti atta, \u00e9 trabalhada na perfei\u00e7\u00e3o pela Golden Peacock, garantindo chapattis macios e fofos e uma experi\u00eancia gastron\u00f3mica saud\u00e1vel.<\/p>\n<p><strong>Caracter\u00edsticas principais:<\/strong><\/p>\n<ul>\n<li><strong>Qualidade superior:<\/strong> Produzido a partir de gr\u00e3os de trigo integral cuidadosamente selecionados para uma textura e sabor superiores.<\/li>\n<li><strong>Sabor aut\u00eantico:<\/strong> Produz chapattis macios e fofos que complementam uma variedade de pratos indianos.<\/li>\n<li><strong>Utiliza\u00e7\u00e3o vers\u00e1til:<\/strong> Ideal para fazer chapattis, parathas, puris e outros p\u00e3es tradicionais indianos.<\/li>\n<li><strong>Rico em nutrientes:<\/strong> Rico em fibras, vitaminas e minerais, promovendo um estilo de vida saud\u00e1vel.<\/li>\n<li><strong>Embalagem c\u00f3moda:<\/strong> Apresenta-se num saco de 25 kg, perfeito para cozinhas dom\u00e9sticas e comerciais.<\/li>\n<\/ul>\n<p>Na Sultan Spices, estamos empenhados em oferecer ingredientes de alta qualidade que melhoram a sua experi\u00eancia culin\u00e1ria. <strong>GOLDEN PEACOCK CHAPATTI ATTA 25KG<\/strong> reflecte a nossa dedica\u00e7\u00e3o \u00e0 autenticidade e ao sabor.<\/p>\n<p>Visite Sultan Spices em M\u00e1laga para explorar a nossa extensa gama de farinhas, especiarias e artigos especiais. Com <strong>GOLDEN PEACOCK CHAPATTI ATTA 25KG<\/strong>pode elevar os seus cozinhados com a bondade saud\u00e1vel e o sabor aut\u00eantico da chapatti atta.<\/p>\n<p>Crie refei\u00e7\u00f5es deliciosas com <strong>GOLDEN PEACOCK CHAPATTI ATTA 25KG<\/strong> da Sultan Spices, e desfrute da qualidade superior e do sabor que traz \u00e0 sua cozinha.<\/p>","protected":false},"excerpt":{"rendered":"<p>Experimente a melhor qualidade GOLDEN PEACOCK CHAPATTI ATTA 25KG na Sultan Spices, a sua principal mercearia indiana em M\u00e1laga. Esta farinha de trigo integral de primeira qualidade, conhecida como chapatti atta, \u00e9 trabalhada na perfei\u00e7\u00e3o pela Golden Peacock, garantindo chapattis macios e fofos e uma experi\u00eancia gastron\u00f3mica saud\u00e1vel. Caracter\u00edsticas principais: Qualidade superior: Feita a partir de gr\u00e3os de trigo integral cuidadosamente seleccionados...<\/p>","protected":false},"featured_media":4747,"comment_status":"open","ping_status":"closed","template":"","meta":{"_kad_blocks_custom_css":"","_kad_blocks_head_custom_js":"","_kad_blocks_body_custom_js":"","_kad_blocks_footer_custom_js":"","_kadence_starter_templates_imported_post":false,"_kad_post_transparent":"default","_kad_post_title":"","_kad_post_layout":"default","_kad_post_sidebar_id":"","_kad_post_content_style":"default","_kad_post_vertical_padding":"default","_kad_post_feature":"","_kad_post_feature_position":"","_kad_post_header":false,"_kad_post_footer":false,"_kad_post_classname":""},"product_brand":[],"product_cat":[52],"product_tag":[],"class_list":{"0":"post-4683","1":"product","2":"type-product","3":"status-publish","4":"has-post-thumbnail","6":"product_cat-flour","8":"first","9":"outofstock","10":"shipping-taxable","11":"purchasable","12":"product-type-simple","13":"entry","14":"content-bg","15":"loop-entry"},"taxonomy_info":{"product_cat":[{"value":52,"label":"Flour"}]},"featured_image_src_large":["https:\/\/sultanspices.es\/wp-content\/uploads\/2024\/06\/ProductsPIX-16-1024x1024.png",1024,1024,true],"author_info":[],"comment_info":2,"jetpack_sharing_enabled":true,"_links":{"self":[{"href":"https:\/\/sultanspices.es\/pt\/wp-json\/wp\/v2\/product\/4683","targetHints":{"allow":["GET"]}}],"collection":[{"href":"https:\/\/sultanspices.es\/pt\/wp-json\/wp\/v2\/product"}],"about":[{"href":"https:\/\/sultanspices.es\/pt\/wp-json\/wp\/v2\/types\/product"}],"replies":[{"embeddable":true,"href":"https:\/\/sultanspices.es\/pt\/wp-json\/wp\/v2\/comments?post=4683"}],"wp:featuredmedia":[{"embeddable":true,"href":"https:\/\/sultanspices.es\/pt\/wp-json\/wp\/v2\/media\/4747"}],"wp:attachment":[{"href":"https:\/\/sultanspices.es\/pt\/wp-json\/wp\/v2\/media?parent=4683"}],"wp:term":[{"taxonomy":"product_brand","embeddable":true,"href":"https:\/\/sultanspices.es\/pt\/wp-json\/wp\/v2\/product_brand?post=4683"},{"taxonomy":"product_cat","embeddable":true,"href":"https:\/\/sultanspices.es\/pt\/wp-json\/wp\/v2\/product_cat?post=4683"},{"taxonomy":"product_tag","embeddable":true,"href":"https:\/\/sultanspices.es\/pt\/wp-json\/wp\/v2\/product_tag?post=4683"}],"curies":[{"name":"wp","href":"https:\/\/api.w.org\/{rel}","templated":true}]}}