{"id":4678,"date":"2024-06-23T17:02:25","date_gmt":"2024-06-23T15:02:25","guid":{"rendered":"https:\/\/sultanspices.es\/custard-ahmed-strawberry-285g\/"},"modified":"2026-03-31T18:37:42","modified_gmt":"2026-03-31T16:37:42","slug":"custard-ahmed-strawberry-285g","status":"publish","type":"product","link":"https:\/\/sultanspices.es\/pt\/produto\/creme-de-ovos-com-morango-285g\/","title":{"rendered":"CREME AHMED MORANGO 285G"},"content":{"rendered":"<p>Delicie-se com o sabor delicioso de <strong>CREME AHMED MORANGO 285G<\/strong>dispon\u00edvel na Sultan Spices, a sua mercearia indiana preferida em M\u00e1laga. Este creme em p\u00f3 cremoso e saboroso da Ahmed \u00e9 perfeito para criar sobremesas suaves e deliciosas que todos v\u00e3o adorar.<\/p>\n<p><strong>Caracter\u00edsticas principais:<\/strong><\/p>\n<ul>\n<li><strong>Qualidade superior:<\/strong> Elaborado com os melhores ingredientes, garante uma textura rica e cremosa.<\/li>\n<li><strong>Sabor delicioso:<\/strong> Infundido com a ess\u00eancia doce dos morangos para uma experi\u00eancia de sabor deliciosa.<\/li>\n<li><strong>Prepara\u00e7\u00e3o f\u00e1cil:<\/strong> Basta misturar com leite e a\u00e7\u00facar e depois aquecer para desfrutar de uma sobremesa r\u00e1pida e satisfat\u00f3ria.<\/li>\n<li><strong>Utiliza\u00e7\u00e3o vers\u00e1til:<\/strong> Ideal para fazer cremes com sabor a morango, pudins, trifles e muito mais.<\/li>\n<li><strong>Embalagem c\u00f3moda:<\/strong> Apresentado numa embalagem de 285G, \u00e9 perfeito para o lar e para pequenas reuni\u00f5es.<\/li>\n<\/ul>\n<p>Na Sultan Spices, somos especializados em fornecer produtos de alta qualidade que melhoram as suas cria\u00e7\u00f5es culin\u00e1rias. <strong>CREME AHMED MORANGO 285G<\/strong> exemplifica o nosso empenho em oferecer sabores aut\u00eanticos e conveni\u00eancia.<\/p>\n<p>Visite Sultan Spices em M\u00e1laga para explorar a nossa vasta sele\u00e7\u00e3o de sobremesas, especiarias e artigos especiais. Com <strong>CREME AHMED MORANGO 285G<\/strong>Se quiser, pode elevar o seu jogo de sobremesas com o sabor irresist\u00edvel do creme de morango.<\/p>\n<p>Ofere\u00e7a a si e aos seus entes queridos <strong>CREME AHMED MORANGO 285G<\/strong> da Sultan Spices, e saboreie a bondade cremosa e o deleite frutado que traz \u00e0 sua mesa.<\/p>","protected":false},"excerpt":{"rendered":"<p>Delicie-se com o sabor delicioso do CUSTARD AHMED STRAWBERRY 285G, dispon\u00edvel na Sultan Spices, a sua mercearia indiana preferida em M\u00e1laga. Este creme em p\u00f3 cremoso e saboroso da Ahmed \u00e9 perfeito para criar sobremesas suaves e deliciosas que todos v\u00e3o adorar. Carater\u00edsticas principais: Qualidade superior: Feito com os melhores ingredientes, garantindo um creme rico e cremoso...<\/p>","protected":false},"featured_media":4749,"comment_status":"open","ping_status":"closed","template":"","meta":{"_kad_blocks_custom_css":"","_kad_blocks_head_custom_js":"","_kad_blocks_body_custom_js":"","_kad_blocks_footer_custom_js":"","_kadence_starter_templates_imported_post":false,"_kad_post_transparent":"default","_kad_post_title":"","_kad_post_layout":"default","_kad_post_sidebar_id":"","_kad_post_content_style":"default","_kad_post_vertical_padding":"default","_kad_post_feature":"","_kad_post_feature_position":"","_kad_post_header":false,"_kad_post_footer":false,"_kad_post_classname":""},"product_brand":[],"product_cat":[48],"product_tag":[],"class_list":{"0":"post-4678","1":"product","2":"type-product","3":"status-publish","4":"has-post-thumbnail","6":"product_cat-dessert-mixes-for-indian-sweets","8":"first","9":"instock","10":"shipping-taxable","11":"purchasable","12":"product-type-simple","13":"entry","14":"content-bg","15":"loop-entry"},"taxonomy_info":{"product_cat":[{"value":48,"label":"Dessert Mixes for Indian Sweets"}]},"featured_image_src_large":["https:\/\/sultanspices.es\/wp-content\/uploads\/2024\/06\/ProductsPIX-17-1024x1024.png",1024,1024,true],"author_info":[],"comment_info":0,"jetpack_sharing_enabled":true,"_links":{"self":[{"href":"https:\/\/sultanspices.es\/pt\/wp-json\/wp\/v2\/product\/4678","targetHints":{"allow":["GET"]}}],"collection":[{"href":"https:\/\/sultanspices.es\/pt\/wp-json\/wp\/v2\/product"}],"about":[{"href":"https:\/\/sultanspices.es\/pt\/wp-json\/wp\/v2\/types\/product"}],"replies":[{"embeddable":true,"href":"https:\/\/sultanspices.es\/pt\/wp-json\/wp\/v2\/comments?post=4678"}],"wp:featuredmedia":[{"embeddable":true,"href":"https:\/\/sultanspices.es\/pt\/wp-json\/wp\/v2\/media\/4749"}],"wp:attachment":[{"href":"https:\/\/sultanspices.es\/pt\/wp-json\/wp\/v2\/media?parent=4678"}],"wp:term":[{"taxonomy":"product_brand","embeddable":true,"href":"https:\/\/sultanspices.es\/pt\/wp-json\/wp\/v2\/product_brand?post=4678"},{"taxonomy":"product_cat","embeddable":true,"href":"https:\/\/sultanspices.es\/pt\/wp-json\/wp\/v2\/product_cat?post=4678"},{"taxonomy":"product_tag","embeddable":true,"href":"https:\/\/sultanspices.es\/pt\/wp-json\/wp\/v2\/product_tag?post=4678"}],"curies":[{"name":"wp","href":"https:\/\/api.w.org\/{rel}","templated":true}]}}