{"id":4676,"date":"2024-06-23T17:02:23","date_gmt":"2024-06-23T15:02:23","guid":{"rendered":"https:\/\/sultanspices.es\/corn-flour-ahmed-285g\/"},"modified":"2026-02-23T12:40:41","modified_gmt":"2026-02-23T11:40:41","slug":"corn-flour-ahmed-285g","status":"publish","type":"product","link":"https:\/\/sultanspices.es\/pt\/produto\/farinha-de-milho-ahmed-285g\/","title":{"rendered":"FARINHA DE MILHO AHMED 285G"},"content":{"rendered":"<p>Experimente a versatilidade do <strong>FARINHA DE MILHO AHMED 285G<\/strong> na Sultan Spices, a sua mercearia indiana de elei\u00e7\u00e3o em M\u00e1laga. Esta farinha de milho de qualidade superior da Ahmed \u00e9 perfeita para melhorar a textura e o sabor de uma vasta gama de pratos, desde sopas e molhos a produtos de pastelaria e sobremesas.<\/p>\n<p><strong>Caracter\u00edsticas principais:<\/strong><\/p>\n<ul>\n<li><strong>Qualidade superior:<\/strong> Fabricado a partir de milho finamente mo\u00eddo, garantindo uma textura suave e resultados consistentes.<\/li>\n<li><strong>Utiliza\u00e7\u00e3o vers\u00e1til:<\/strong> Ideal para engrossar molhos, massas e sopas, bem como para fazer p\u00e3o de milho e sobremesas.<\/li>\n<li><strong>Op\u00e7\u00e3o sem gl\u00faten:<\/strong> Adequado para dietas sem gl\u00faten, proporcionando uma alternativa vers\u00e1til \u00e0 farinha de trigo.<\/li>\n<li><strong>Textura melhorada:<\/strong> Acrescenta uma textura leve e sedosa \u00e0s suas cria\u00e7\u00f5es culin\u00e1rias.<\/li>\n<li><strong>Embalagem c\u00f3moda:<\/strong> Apresenta-se numa embalagem de 285G, conveniente para utiliza\u00e7\u00e3o dom\u00e9stica e armazenamento.<\/li>\n<\/ul>\n<p>Na Sultan Spices, orgulhamo-nos de oferecer ingredientes de alta qualidade que elevam a sua experi\u00eancia culin\u00e1ria. <strong>FARINHA DE MILHO AHMED 285G<\/strong> exemplifica o nosso compromisso com a autenticidade e o sabor.<\/p>\n<p>Visite Sultan Spices em M\u00e1laga para explorar a nossa sele\u00e7\u00e3o diversificada de farinhas, especiarias e artigos especiais. Com <strong>FARINHA DE MILHO AHMED 285G<\/strong>A farinha de milho \u00e9 um alimento muito vers\u00e1til, que pode ser utilizado para melhorar os seus pratos.<\/p>\n<p>Melhore a sua cozinha com <strong>FARINHA DE MILHO AHMED 285G<\/strong> da Sultan Spices, e desfrute da textura suave e do sabor melhorado que proporciona \u00e0s suas receitas favoritas.<\/p>","protected":false},"excerpt":{"rendered":"<p>Experimente a versatilidade da FARINHA DE MILHO AHMED 285G na Sultan Spices, a sua mercearia indiana de elei\u00e7\u00e3o em M\u00e1laga. Esta farinha de milho premium da Ahmed \u00e9 perfeita para melhorar a textura e o sabor de uma ampla variedade de pratos, desde sopas e molhos a produtos de panifica\u00e7\u00e3o e sobremesas. Caracter\u00edsticas principais: Qualidade superior: Feita a partir de milho finamente mo\u00eddo...<\/p>","protected":false},"featured_media":4753,"comment_status":"open","ping_status":"closed","template":"","meta":{"_kad_blocks_custom_css":"","_kad_blocks_head_custom_js":"","_kad_blocks_body_custom_js":"","_kad_blocks_footer_custom_js":"","_kadence_starter_templates_imported_post":false,"_kad_post_transparent":"default","_kad_post_title":"","_kad_post_layout":"default","_kad_post_sidebar_id":"","_kad_post_content_style":"default","_kad_post_vertical_padding":"default","_kad_post_feature":"","_kad_post_feature_position":"","_kad_post_header":false,"_kad_post_footer":false,"_kad_post_classname":""},"product_brand":[],"product_cat":[52],"product_tag":[],"class_list":{"0":"post-4676","1":"product","2":"type-product","3":"status-publish","4":"has-post-thumbnail","6":"product_cat-flour","8":"first","9":"instock","10":"shipping-taxable","11":"purchasable","12":"product-type-simple","13":"entry","14":"content-bg","15":"loop-entry"},"taxonomy_info":{"product_cat":[{"value":52,"label":"Flour"}]},"featured_image_src_large":["https:\/\/sultanspices.es\/wp-content\/uploads\/2024\/06\/ProductsPIX-19-1024x1024.png",1024,1024,true],"author_info":[],"comment_info":0,"jetpack_sharing_enabled":true,"_links":{"self":[{"href":"https:\/\/sultanspices.es\/pt\/wp-json\/wp\/v2\/product\/4676","targetHints":{"allow":["GET"]}}],"collection":[{"href":"https:\/\/sultanspices.es\/pt\/wp-json\/wp\/v2\/product"}],"about":[{"href":"https:\/\/sultanspices.es\/pt\/wp-json\/wp\/v2\/types\/product"}],"replies":[{"embeddable":true,"href":"https:\/\/sultanspices.es\/pt\/wp-json\/wp\/v2\/comments?post=4676"}],"wp:featuredmedia":[{"embeddable":true,"href":"https:\/\/sultanspices.es\/pt\/wp-json\/wp\/v2\/media\/4753"}],"wp:attachment":[{"href":"https:\/\/sultanspices.es\/pt\/wp-json\/wp\/v2\/media?parent=4676"}],"wp:term":[{"taxonomy":"product_brand","embeddable":true,"href":"https:\/\/sultanspices.es\/pt\/wp-json\/wp\/v2\/product_brand?post=4676"},{"taxonomy":"product_cat","embeddable":true,"href":"https:\/\/sultanspices.es\/pt\/wp-json\/wp\/v2\/product_cat?post=4676"},{"taxonomy":"product_tag","embeddable":true,"href":"https:\/\/sultanspices.es\/pt\/wp-json\/wp\/v2\/product_tag?post=4676"}],"curies":[{"name":"wp","href":"https:\/\/api.w.org\/{rel}","templated":true}]}}