{"id":4673,"date":"2024-06-23T17:02:23","date_gmt":"2024-06-23T15:02:23","guid":{"rendered":"https:\/\/sultanspices.es\/coconut-oil-parachute-500ml\/"},"modified":"2026-03-15T21:09:31","modified_gmt":"2026-03-15T20:09:31","slug":"coconut-oil-parachute-500ml","status":"publish","type":"product","link":"https:\/\/sultanspices.es\/pt\/produto\/oleo-de-coco-paraquedas-500ml\/","title":{"rendered":"\u00d3LEO DE COCO PARAQUEDAS 500ML"},"content":{"rendered":"<p>Descubra a pureza e a versatilidade de <strong>\u00d3LEO DE COCO PARAQUEDAS 500ML<\/strong> na Sultan Spices, a sua mercearia indiana de confian\u00e7a em M\u00e1laga. Este \u00f3leo de coco de qualidade superior da Parachute \u00e9 conhecido pela sua qualidade e pelos seus m\u00faltiplos benef\u00edcios, o que o torna um complemento essencial para a sua cozinha e regime de beleza.<\/p>\n<p><strong>Caracter\u00edsticas principais:<\/strong><\/p>\n<ul>\n<li><strong>Qualidade superior:<\/strong> Fabricado a partir dos melhores cocos, o que garante a sua pureza e a sua qualidade natural.<\/li>\n<li><strong>Utiliza\u00e7\u00e3o polivalente:<\/strong> Ideal para cozinhar, fritar, assar e como tratamento nutritivo para o cabelo e a pele.<\/li>\n<li><strong>Rico em nutrientes:<\/strong> Cont\u00e9m antioxidantes naturais e \u00e1cidos gordos de cadeia m\u00e9dia para benef\u00edcios gerais para a sa\u00fade.<\/li>\n<li><strong>Sabor refor\u00e7ado:<\/strong> Adiciona um leve sabor tropical aos pratos, real\u00e7ando o seu sabor e aroma.<\/li>\n<li><strong>Embalagem c\u00f3moda:<\/strong> Vem numa garrafa de 500ML, f\u00e1cil de utilizar e de guardar.<\/li>\n<\/ul>\n<p>Na Sultan Spices, temos orgulho em oferecer produtos aut\u00eanticos que melhoram o seu estilo de vida e bem-estar. <strong>\u00d3LEO DE COCO PARAQUEDAS 500ML<\/strong> reflecte o nosso empenho na qualidade e na satisfa\u00e7\u00e3o do cliente.<\/p>\n<p>Visite Sultan Spices em M\u00e1laga para explorar a nossa vasta gama de \u00f3leos, especiarias e ingredientes essenciais. Com <strong>\u00d3LEO DE COCO PARAQUEDAS 500ML<\/strong>A partir de agora, pode experimentar a pureza e a versatilidade do \u00f3leo de coco em aplica\u00e7\u00f5es culin\u00e1rias e de cuidados pessoais.<\/p>\n<p>Desfrute das vantagens de <strong>\u00d3LEO DE COCO PARAQUEDAS 500ML<\/strong> da Sultan Spices, e descubra porque \u00e9 que \u00e9 um favorito para a cozinha, beleza e muito mais.<\/p>","protected":false},"excerpt":{"rendered":"<p>Descubra a pureza e a versatilidade do \u00d3LEO DE COCO PARACHUTE 500ML na Sultan Spices, a sua mercearia indiana de confian\u00e7a em M\u00e1laga. Este \u00f3leo de coco premium da Parachute \u00e9 conhecido por sua qualidade e m\u00faltiplos benef\u00edcios, tornando-o um complemento essencial para sua cozinha e regime de beleza. Caracter\u00edsticas principais: Qualidade Premium: Feito a partir dos melhores cocos, garantindo...<\/p>","protected":false},"featured_media":4750,"comment_status":"open","ping_status":"closed","template":"","meta":{"_kad_blocks_custom_css":"","_kad_blocks_head_custom_js":"","_kad_blocks_body_custom_js":"","_kad_blocks_footer_custom_js":"","_kadence_starter_templates_imported_post":false,"_kad_post_transparent":"default","_kad_post_title":"","_kad_post_layout":"default","_kad_post_sidebar_id":"","_kad_post_content_style":"default","_kad_post_vertical_padding":"default","_kad_post_feature":"","_kad_post_feature_position":"","_kad_post_header":false,"_kad_post_footer":false,"_kad_post_classname":""},"product_brand":[],"product_cat":[62],"product_tag":[],"class_list":{"0":"post-4673","1":"product","2":"type-product","3":"status-publish","4":"has-post-thumbnail","6":"product_cat-oils","8":"first","9":"outofstock","10":"sale","11":"shipping-taxable","12":"purchasable","13":"product-type-simple","14":"entry","15":"content-bg","16":"loop-entry"},"taxonomy_info":{"product_cat":[{"value":62,"label":"Oils"}]},"featured_image_src_large":["https:\/\/sultanspices.es\/wp-content\/uploads\/2024\/06\/ProductsPIX-18-1024x1024.png",1024,1024,true],"author_info":[],"comment_info":1,"jetpack_sharing_enabled":true,"_links":{"self":[{"href":"https:\/\/sultanspices.es\/pt\/wp-json\/wp\/v2\/product\/4673","targetHints":{"allow":["GET"]}}],"collection":[{"href":"https:\/\/sultanspices.es\/pt\/wp-json\/wp\/v2\/product"}],"about":[{"href":"https:\/\/sultanspices.es\/pt\/wp-json\/wp\/v2\/types\/product"}],"replies":[{"embeddable":true,"href":"https:\/\/sultanspices.es\/pt\/wp-json\/wp\/v2\/comments?post=4673"}],"wp:featuredmedia":[{"embeddable":true,"href":"https:\/\/sultanspices.es\/pt\/wp-json\/wp\/v2\/media\/4750"}],"wp:attachment":[{"href":"https:\/\/sultanspices.es\/pt\/wp-json\/wp\/v2\/media?parent=4673"}],"wp:term":[{"taxonomy":"product_brand","embeddable":true,"href":"https:\/\/sultanspices.es\/pt\/wp-json\/wp\/v2\/product_brand?post=4673"},{"taxonomy":"product_cat","embeddable":true,"href":"https:\/\/sultanspices.es\/pt\/wp-json\/wp\/v2\/product_cat?post=4673"},{"taxonomy":"product_tag","embeddable":true,"href":"https:\/\/sultanspices.es\/pt\/wp-json\/wp\/v2\/product_tag?post=4673"}],"curies":[{"name":"wp","href":"https:\/\/api.w.org\/{rel}","templated":true}]}}