{"id":4672,"date":"2024-06-23T17:02:22","date_gmt":"2024-06-23T15:02:22","guid":{"rendered":"https:\/\/sultanspices.es\/coconut-milk-alibaba-cooking-400m\/"},"modified":"2026-02-23T12:40:39","modified_gmt":"2026-02-23T11:40:39","slug":"coconut-milk-alibaba-cooking-400m","status":"publish","type":"product","link":"https:\/\/sultanspices.es\/pt\/produto\/leite-de-coco-alibaba-cozedura-400m\/","title":{"rendered":"LEITE DE COCO ALIBABA COZINHAR 400M"},"content":{"rendered":"<div class=\"flex flex-grow flex-col max-w-full\">\n<div class=\"min-h-[20px] text-message flex flex-col items-start whitespace-pre-wrap break-words [.text-message+&amp;]:mt-5 juice:w-full juice:items-end overflow-x-auto gap-2\" dir=\"auto\" data-message-author-role=\"assistant\" data-message-id=\"a738d83e-c10a-4091-abcd-3fb95a24bce6\">\n<div class=\"flex w-full flex-col gap-1 juice:empty:hidden juice:first:pt-[3px]\">\n<div class=\"markdown prose w-full break-words dark:prose-invert dark\">\n<p>Explore a riqueza cremosa de <strong>LEITE DE COCO ALIBABA COZINHAR 400ML<\/strong> na Sultan Spices, a sua mercearia indiana de confian\u00e7a em M\u00e1laga. Este leite de coco de qualidade superior da Alibaba \u00e9 perfeito para dar um toque tropical \u00e0s suas cria\u00e7\u00f5es culin\u00e1rias, quer esteja a preparar caris, sopas, sobremesas ou bebidas.<\/p>\n<p><strong>Caracter\u00edsticas principais:<\/strong><\/p>\n<ul>\n<li><strong>Qualidade superior:<\/strong> Produzido a partir de cocos cuidadosamente seleccionados, garantindo riqueza e autenticidade.<\/li>\n<li><strong>Textura cremosa:<\/strong> Confere uma consist\u00eancia suave e aveludada aos pratos, real\u00e7ando o seu sabor e atratividade.<\/li>\n<li><strong>Utiliza\u00e7\u00e3o vers\u00e1til:<\/strong> Ideal para cozinhar caril, molhos, pratos de arroz, sobremesas e bebidas refrescantes.<\/li>\n<li><strong>Sabor natural:<\/strong> Real\u00e7a a do\u00e7ura natural e o aroma do coco nas suas receitas.<\/li>\n<li><strong>Embalagem c\u00f3moda:<\/strong> Apresenta-se numa lata de 400ML, f\u00e1cil de utilizar e de guardar.<\/li>\n<\/ul>\n<p>Na Sultan Spices, somos especialistas em oferecer ingredientes de alta qualidade que elevam a sua experi\u00eancia culin\u00e1ria. <strong>LEITE DE COCO ALIBABA COZINHAR 400ML<\/strong> reflecte o nosso compromisso com a autenticidade e o sabor.<\/p>\n<p>Visite Sultan Spices em M\u00e1laga para explorar a nossa vasta gama de produtos de coco, especiarias e artigos especiais. Com <strong>LEITE DE COCO ALIBABA COZINHAR 400ML<\/strong>Com o leite de coco, pode criar pratos deliciosos com o sabor rico e tropical do leite de coco.<\/p>\n<p>Melhore as suas receitas com <strong>LEITE DE COCO ALIBABA COZINHAR 400ML<\/strong> da Sultan Spices, e desfrute da riqueza cremosa e da bondade natural que traz \u00e0 sua cozinha.<\/p>\n<\/div>\n<\/div>\n<\/div>\n<\/div>","protected":false},"excerpt":{"rendered":"<p>Explore a riqueza cremosa do LEITE DE COCO ALIBABA COOKING 400ML na Sultan Spices, a sua mercearia indiana de confian\u00e7a em M\u00e1laga. Este leite de coco premium da Alibaba \u00e9 perfeito para adicionar um toque tropical \u00e0s suas cria\u00e7\u00f5es culin\u00e1rias, quer esteja a preparar caril, sopas, sobremesas ou bebidas. Carater\u00edsticas principais: Qualidade superior: Feito a partir de cocos cuidadosamente selecionados, garantindo...<\/p>","protected":false},"featured_media":4755,"comment_status":"open","ping_status":"closed","template":"","meta":{"_kad_blocks_custom_css":"","_kad_blocks_head_custom_js":"","_kad_blocks_body_custom_js":"","_kad_blocks_footer_custom_js":"","_kadence_starter_templates_imported_post":false,"_kad_post_transparent":"default","_kad_post_title":"","_kad_post_layout":"default","_kad_post_sidebar_id":"","_kad_post_content_style":"default","_kad_post_vertical_padding":"default","_kad_post_feature":"","_kad_post_feature_position":"","_kad_post_header":false,"_kad_post_footer":false,"_kad_post_classname":""},"product_brand":[],"product_cat":[55,61],"product_tag":[],"class_list":{"0":"post-4672","1":"product","2":"type-product","3":"status-publish","4":"has-post-thumbnail","6":"product_cat-pastes","7":"product_cat-dairy-productsghee","9":"first","10":"instock","11":"shipping-taxable","12":"purchasable","13":"product-type-simple","14":"entry","15":"content-bg","16":"loop-entry"},"taxonomy_info":{"product_cat":[{"value":55,"label":"Pastes, Pickles &amp; Sauces"},{"value":61,"label":"Dairy Products(ghee)"}]},"featured_image_src_large":["https:\/\/sultanspices.es\/wp-content\/uploads\/2024\/06\/ProductsPIX-20-1024x1024.png",1024,1024,true],"author_info":[],"comment_info":0,"jetpack_sharing_enabled":true,"_links":{"self":[{"href":"https:\/\/sultanspices.es\/pt\/wp-json\/wp\/v2\/product\/4672","targetHints":{"allow":["GET"]}}],"collection":[{"href":"https:\/\/sultanspices.es\/pt\/wp-json\/wp\/v2\/product"}],"about":[{"href":"https:\/\/sultanspices.es\/pt\/wp-json\/wp\/v2\/types\/product"}],"replies":[{"embeddable":true,"href":"https:\/\/sultanspices.es\/pt\/wp-json\/wp\/v2\/comments?post=4672"}],"wp:featuredmedia":[{"embeddable":true,"href":"https:\/\/sultanspices.es\/pt\/wp-json\/wp\/v2\/media\/4755"}],"wp:attachment":[{"href":"https:\/\/sultanspices.es\/pt\/wp-json\/wp\/v2\/media?parent=4672"}],"wp:term":[{"taxonomy":"product_brand","embeddable":true,"href":"https:\/\/sultanspices.es\/pt\/wp-json\/wp\/v2\/product_brand?post=4672"},{"taxonomy":"product_cat","embeddable":true,"href":"https:\/\/sultanspices.es\/pt\/wp-json\/wp\/v2\/product_cat?post=4672"},{"taxonomy":"product_tag","embeddable":true,"href":"https:\/\/sultanspices.es\/pt\/wp-json\/wp\/v2\/product_tag?post=4672"}],"curies":[{"name":"wp","href":"https:\/\/api.w.org\/{rel}","templated":true}]}}