{"id":4671,"date":"2024-06-23T17:02:21","date_gmt":"2024-06-23T15:02:21","guid":{"rendered":"https:\/\/sultanspices.es\/cock-curry-paste-red-400g\/"},"modified":"2026-02-23T12:40:39","modified_gmt":"2026-02-23T11:40:39","slug":"cock-curry-paste-red-400g","status":"publish","type":"product","link":"https:\/\/sultanspices.es\/pt\/produto\/pasta-de-caril-vermelha-400g\/","title":{"rendered":"PASTA DE CARIL DE GALO VERMELHO 400G"},"content":{"rendered":"<div class=\"flex flex-grow flex-col max-w-full\">\n<div class=\"min-h-[20px] text-message flex flex-col items-start whitespace-pre-wrap break-words [.text-message+&amp;]:mt-5 juice:w-full juice:items-end overflow-x-auto gap-2\" dir=\"auto\" data-message-author-role=\"assistant\" data-message-id=\"2501707f-6d59-4036-b269-379d45edff55\">\n<div class=\"flex w-full flex-col gap-1 juice:empty:hidden juice:first:pt-[3px]\">\n<div class=\"markdown prose w-full break-words dark:prose-invert dark\">\n<p>Descubra os sabores aut\u00eanticos da Tail\u00e2ndia com <strong>PASTA DE CARIL DE GALO VERMELHO 400G<\/strong>dispon\u00edvel na Sultan Spices, a sua principal mercearia indiana em M\u00e1laga. Esta pasta de caril vermelho premium da Cock Brand \u00e9 elaborada com uma mistura de especiarias e ervas tradicionais tailandesas, perfeita para criar caris tailandeses ricos e arom\u00e1ticos em casa.<\/p>\n<p><strong>Caracter\u00edsticas principais:<\/strong><\/p>\n<ul>\n<li><strong>Sabor tailand\u00eas aut\u00eantico:<\/strong> Elaborado com uma mistura de malaguetas vermelhas, erva-lim\u00e3o, alho, chalotas e especiarias para um sabor aut\u00eantico.<\/li>\n<li><strong>Utiliza\u00e7\u00e3o vers\u00e1til:<\/strong> Ideal para preparar pratos cl\u00e1ssicos de caril vermelho tailand\u00eas com frango, carne de vaca, marisco ou legumes.<\/li>\n<li><strong>Prepara\u00e7\u00e3o c\u00f3moda:<\/strong> A pasta pronta a utilizar permite poupar tempo na cozinha sem comprometer o sabor.<\/li>\n<li><strong>Aroma rico:<\/strong> Real\u00e7a o aroma e o sabor de caris, sopas, salteados e marinadas.<\/li>\n<li><strong>Embalagem c\u00f3moda:<\/strong> Vem num frasco de 400G, f\u00e1cil de armazenar e utilizar para v\u00e1rias por\u00e7\u00f5es.<\/li>\n<\/ul>\n<p>Na Sultan Spices, orgulhamo-nos de oferecer ingredientes internacionais aut\u00eanticos que elevam as suas aventuras culin\u00e1rias. <strong>PASTA DE CARIL DE GALO VERMELHO 400G<\/strong> exemplifica o nosso compromisso com a qualidade e a diversidade de sabores.<\/p>\n<p>Visite Sultan Spices em M\u00e1laga para explorar a nossa vasta gama de especiarias, molhos e artigos especiais. Com <strong>PASTA DE CARIL DE GALO VERMELHO 400G<\/strong>Com a ajuda de um livro, pode trazer os sabores ex\u00f3ticos da Tail\u00e2ndia para a sua cozinha e criar pratos memor\u00e1veis.<\/p>\n<p>Mergulhe nos sabores vibrantes da Tail\u00e2ndia com <strong>PASTA DE CARIL DE GALO VERMELHO 400G<\/strong> da Sultan Spices, e desfrute da conveni\u00eancia e autenticidade que traz \u00e0 sua experi\u00eancia culin\u00e1ria tailandesa.<\/p>\n<\/div>\n<\/div>\n<\/div>\n<\/div>","protected":false},"excerpt":{"rendered":"<p>Descubra os sabores aut\u00eanticos da Tail\u00e2ndia com COCK CURRY PASTE RED 400G, dispon\u00edvel na Sultan Spices, a sua principal mercearia indiana em M\u00e1laga. Esta pasta de caril vermelho premium da Cock Brand \u00e9 elaborada com uma mistura de especiarias e ervas tradicionais tailandesas, perfeita para criar caris tailandeses ricos e arom\u00e1ticos em casa. Carater\u00edsticas principais: Aut\u00eantica...<\/p>","protected":false},"featured_media":4757,"comment_status":"open","ping_status":"closed","template":"","meta":{"_kad_blocks_custom_css":"","_kad_blocks_head_custom_js":"","_kad_blocks_body_custom_js":"","_kad_blocks_footer_custom_js":"","_kadence_starter_templates_imported_post":false,"_kad_post_transparent":"default","_kad_post_title":"","_kad_post_layout":"default","_kad_post_sidebar_id":"","_kad_post_content_style":"default","_kad_post_vertical_padding":"default","_kad_post_feature":"","_kad_post_feature_position":"","_kad_post_header":false,"_kad_post_footer":false,"_kad_post_classname":""},"product_brand":[],"product_cat":[55],"product_tag":[],"class_list":{"0":"post-4671","1":"product","2":"type-product","3":"status-publish","4":"has-post-thumbnail","6":"product_cat-pastes","8":"first","9":"outofstock","10":"shipping-taxable","11":"purchasable","12":"product-type-simple","13":"entry","14":"content-bg","15":"loop-entry"},"taxonomy_info":{"product_cat":[{"value":55,"label":"Pastes, Pickles &amp; Sauces"}]},"featured_image_src_large":["https:\/\/sultanspices.es\/wp-content\/uploads\/2024\/06\/ProductsPIX-21-1024x1024.png",1024,1024,true],"author_info":[],"comment_info":0,"jetpack_sharing_enabled":true,"_links":{"self":[{"href":"https:\/\/sultanspices.es\/pt\/wp-json\/wp\/v2\/product\/4671","targetHints":{"allow":["GET"]}}],"collection":[{"href":"https:\/\/sultanspices.es\/pt\/wp-json\/wp\/v2\/product"}],"about":[{"href":"https:\/\/sultanspices.es\/pt\/wp-json\/wp\/v2\/types\/product"}],"replies":[{"embeddable":true,"href":"https:\/\/sultanspices.es\/pt\/wp-json\/wp\/v2\/comments?post=4671"}],"wp:featuredmedia":[{"embeddable":true,"href":"https:\/\/sultanspices.es\/pt\/wp-json\/wp\/v2\/media\/4757"}],"wp:attachment":[{"href":"https:\/\/sultanspices.es\/pt\/wp-json\/wp\/v2\/media?parent=4671"}],"wp:term":[{"taxonomy":"product_brand","embeddable":true,"href":"https:\/\/sultanspices.es\/pt\/wp-json\/wp\/v2\/product_brand?post=4671"},{"taxonomy":"product_cat","embeddable":true,"href":"https:\/\/sultanspices.es\/pt\/wp-json\/wp\/v2\/product_cat?post=4671"},{"taxonomy":"product_tag","embeddable":true,"href":"https:\/\/sultanspices.es\/pt\/wp-json\/wp\/v2\/product_tag?post=4671"}],"curies":[{"name":"wp","href":"https:\/\/api.w.org\/{rel}","templated":true}]}}