{"id":4668,"date":"2024-06-23T17:02:20","date_gmt":"2024-06-23T15:02:20","guid":{"rendered":"https:\/\/sultanspices.es\/chilli-pwd-ex-hot-trs-100g\/"},"modified":"2025-10-19T16:54:55","modified_gmt":"2025-10-19T14:54:55","slug":"chilli-pwd-ex-hot-trs-100g","status":"publish","type":"product","link":"https:\/\/sultanspices.es\/pt\/produto\/chilli-pwd-ex-hot-trs-100g\/","title":{"rendered":"MALAGUETA PWD EX.HOT TRS 100G"},"content":{"rendered":"<div class=\"flex flex-grow flex-col max-w-full\">\n<div class=\"min-h-[20px] text-message flex flex-col items-start whitespace-pre-wrap break-words [.text-message+&amp;]:mt-5 juice:w-full juice:items-end overflow-x-auto gap-2\" dir=\"auto\" data-message-author-role=\"assistant\" data-message-id=\"4e631d54-6ed5-4fe1-b5eb-0cff1a3bbb55\">\n<div class=\"flex w-full flex-col gap-1 juice:empty:hidden juice:first:pt-[3px]\">\n<div class=\"markdown prose w-full break-words dark:prose-invert dark\">\n<p>Tempere os seus pratos com <strong>MALAGUETA PWD EX.HOT TRS 100G<\/strong> da Sultan Spices, a sua mercearia indiana de confian\u00e7a em M\u00e1laga. Este p\u00f3 de malagueta extra quente de primeira qualidade da TRS proporciona um calor intenso e um sabor robusto, perfeito para adicionar um toque de fogo \u00e0s suas cria\u00e7\u00f5es culin\u00e1rias.<\/p>\n<p><strong>Caracter\u00edsticas principais:<\/strong><\/p>\n<ul>\n<li><strong>Qualidade superior:<\/strong> Fabricado a partir de pimentas picantes selecionadas, finamente mo\u00eddas para preservar a frescura e a pot\u00eancia.<\/li>\n<li><strong>Calor intenso:<\/strong> D\u00e1 um toque ardente aos pratos, real\u00e7ando o seu sabor com cada pitada.<\/li>\n<li><strong>Utiliza\u00e7\u00e3o vers\u00e1til:<\/strong> Ideal para temperar carnes, legumes, marinadas, molhos e pratos condimentados.<\/li>\n<li><strong>Sabor aut\u00eantico:<\/strong> Aumenta a autenticidade da cozinha indiana e de outras receitas picantes.<\/li>\n<li><strong>Embalagem c\u00f3moda:<\/strong> Vem numa embalagem de 100G, f\u00e1cil de guardar e utilizar na sua cozinha.<\/li>\n<\/ul>\n<p>Na Sultan Spices, somos especializados em oferecer especiarias de alta qualidade que elevam a sua experi\u00eancia culin\u00e1ria. <strong>MALAGUETA PWD EX.HOT TRS 100G<\/strong> encarna o nosso compromisso de oferecer sabores aut\u00eanticos e uma qualidade excecional.<\/p>\n<p>Visite Sultan Spices em M\u00e1laga para explorar a nossa gama diversificada de especiarias, ervas arom\u00e1ticas e ingredientes especiais. Com <strong>MALAGUETA PWD EX.HOT TRS 100G<\/strong>Se quiser apimentar os seus pratos com o calor intenso e o sabor robusto da malagueta em p\u00f3 extra quente, pode faz\u00ea-lo.<\/p>\n<p>D\u00ea um toque de fogo \u00e0s suas refei\u00e7\u00f5es com <strong>MALAGUETA PWD EX.HOT TRS 100G<\/strong> da Sultan Spices, e desfrute dos sabores arrojados que proporciona \u00e0s suas cria\u00e7\u00f5es culin\u00e1rias.<\/p>\n<\/div>\n<\/div>\n<\/div>\n<\/div>","protected":false},"excerpt":{"rendered":"<p>Apimente os seus pratos com CHILLI PWD EX.HOT TRS 100G da Sultan Spices, a sua mercearia indiana de confian\u00e7a em M\u00e1laga. Este p\u00f3 de pimenta extra quente premium da TRS oferece calor intenso e sabor robusto, perfeito para adicionar um chute ardente \u00e0s suas cria\u00e7\u00f5es culin\u00e1rias. Carater\u00edsticas principais: Qualidade superior: Feito de pimentas picantes selecionadas, finamente...<\/p>","protected":false},"featured_media":4760,"comment_status":"open","ping_status":"closed","template":"","meta":{"_kad_blocks_custom_css":"","_kad_blocks_head_custom_js":"","_kad_blocks_body_custom_js":"","_kad_blocks_footer_custom_js":"","_kadence_starter_templates_imported_post":false,"_kad_post_transparent":"default","_kad_post_title":"","_kad_post_layout":"default","_kad_post_sidebar_id":"","_kad_post_content_style":"default","_kad_post_vertical_padding":"default","_kad_post_feature":"","_kad_post_feature_position":"","_kad_post_header":false,"_kad_post_footer":false,"_kad_post_classname":""},"product_brand":[],"product_cat":[50],"product_tag":[],"class_list":{"0":"post-4668","1":"product","2":"type-product","3":"status-publish","4":"has-post-thumbnail","6":"product_cat-spices","8":"first","9":"instock","10":"shipping-taxable","11":"purchasable","12":"product-type-simple","13":"entry","14":"content-bg","15":"loop-entry"},"taxonomy_info":{"product_cat":[{"value":50,"label":"Spices"}]},"featured_image_src_large":["https:\/\/sultanspices.es\/wp-content\/uploads\/2024\/06\/ProductsPIX-22-1024x1024.png",1024,1024,true],"author_info":[],"comment_info":1,"jetpack_sharing_enabled":true,"_links":{"self":[{"href":"https:\/\/sultanspices.es\/pt\/wp-json\/wp\/v2\/product\/4668","targetHints":{"allow":["GET"]}}],"collection":[{"href":"https:\/\/sultanspices.es\/pt\/wp-json\/wp\/v2\/product"}],"about":[{"href":"https:\/\/sultanspices.es\/pt\/wp-json\/wp\/v2\/types\/product"}],"replies":[{"embeddable":true,"href":"https:\/\/sultanspices.es\/pt\/wp-json\/wp\/v2\/comments?post=4668"}],"wp:featuredmedia":[{"embeddable":true,"href":"https:\/\/sultanspices.es\/pt\/wp-json\/wp\/v2\/media\/4760"}],"wp:attachment":[{"href":"https:\/\/sultanspices.es\/pt\/wp-json\/wp\/v2\/media?parent=4668"}],"wp:term":[{"taxonomy":"product_brand","embeddable":true,"href":"https:\/\/sultanspices.es\/pt\/wp-json\/wp\/v2\/product_brand?post=4668"},{"taxonomy":"product_cat","embeddable":true,"href":"https:\/\/sultanspices.es\/pt\/wp-json\/wp\/v2\/product_cat?post=4668"},{"taxonomy":"product_tag","embeddable":true,"href":"https:\/\/sultanspices.es\/pt\/wp-json\/wp\/v2\/product_tag?post=4668"}],"curies":[{"name":"wp","href":"https:\/\/api.w.org\/{rel}","templated":true}]}}