{"id":4667,"date":"2024-06-23T17:02:19","date_gmt":"2024-06-23T15:02:19","guid":{"rendered":"https:\/\/sultanspices.es\/chilli-crushed-trs-250g\/"},"modified":"2026-03-31T18:37:40","modified_gmt":"2026-03-31T16:37:40","slug":"chilli-crushed-trs-250g","status":"publish","type":"product","link":"https:\/\/sultanspices.es\/pt\/produto\/malagueta-crusada-trs-250g\/","title":{"rendered":"MALAGUETA TRITURADA TRS 250G"},"content":{"rendered":"<p>Realce os seus pratos com o calor vibrante de <strong>MALAGUETA TRITURADA TRS 250G<\/strong> da Sultan Spices, a sua mercearia indiana de confian\u00e7a em M\u00e1laga. Este chili triturado de primeira qualidade da TRS oferece uma forma conveniente de adicionar sabor picante e textura a uma variedade de cozinhas.<\/p>\n<p><strong>Caracter\u00edsticas principais:<\/strong><\/p>\n<ul>\n<li><strong>Qualidade superior:<\/strong> Fabricado a partir de pimentas secas selecionadas, esmagadas para preservar o sabor e a textura.<\/li>\n<li><strong>Utiliza\u00e7\u00e3o vers\u00e1til:<\/strong> Ideal para temperar pizzas, pratos de massa, salteados, marinadas e muito mais.<\/li>\n<li><strong>Sabor intenso:<\/strong> D\u00e1 um toque robusto e picante aos pratos, melhorando o seu perfil geral de sabor.<\/li>\n<li><strong>Embalagem c\u00f3moda:<\/strong> Vem numa embalagem de 250G, f\u00e1cil de utilizar e de guardar na sua cozinha.<\/li>\n<\/ul>\n<p>Na Sultan Spices, somos especialistas em fornecer especiarias de alta qualidade que elevam a sua experi\u00eancia culin\u00e1ria. <strong>MALAGUETA TRITURADA TRS 250G<\/strong> exemplifica o nosso compromisso com a autenticidade e o sabor.<\/p>\n<p>Visite Sultan Spices em M\u00e1laga para explorar a nossa vasta gama de especiarias, ervas arom\u00e1ticas e ingredientes especiais. Com <strong>MALAGUETA TRITURADA TRS 250G<\/strong>Se quiser adicionar profundidade e calor aos seus pratos com a conveni\u00eancia de flocos de malagueta esmagados.<\/p>\n<p>Apimente as suas refei\u00e7\u00f5es com <strong>MALAGUETA TRITURADA TRS 250G<\/strong> da Sultan Spices, e desfrute dos sabores arrojados e das possibilidades culin\u00e1rias que traz para a sua cozinha.<\/p>","protected":false},"excerpt":{"rendered":"<p>Melhore os seus pratos com o calor vibrante do CHILLI CRUSHED TRS 250G da Sultan Spices, a sua mercearia indiana de confian\u00e7a em M\u00e1laga. Este chili triturado premium da TRS oferece uma maneira conveniente de adicionar sabor picante e textura a uma variedade de cozinhas. Caracter\u00edsticas principais: Qualidade superior: Feito de pimentas secas seleccionadas, esmagadas at\u00e9...<\/p>","protected":false},"featured_media":4763,"comment_status":"open","ping_status":"closed","template":"","meta":{"_kad_blocks_custom_css":"","_kad_blocks_head_custom_js":"","_kad_blocks_body_custom_js":"","_kad_blocks_footer_custom_js":"","_kadence_starter_templates_imported_post":false,"_kad_post_transparent":"default","_kad_post_title":"","_kad_post_layout":"default","_kad_post_sidebar_id":"","_kad_post_content_style":"default","_kad_post_vertical_padding":"default","_kad_post_feature":"","_kad_post_feature_position":"","_kad_post_header":false,"_kad_post_footer":false,"_kad_post_classname":""},"product_brand":[],"product_cat":[50],"product_tag":[],"class_list":{"0":"post-4667","1":"product","2":"type-product","3":"status-publish","4":"has-post-thumbnail","6":"product_cat-spices","8":"first","9":"instock","10":"shipping-taxable","11":"purchasable","12":"product-type-simple","13":"entry","14":"content-bg","15":"loop-entry"},"taxonomy_info":{"product_cat":[{"value":50,"label":"Spices"}]},"featured_image_src_large":["https:\/\/sultanspices.es\/wp-content\/uploads\/2024\/06\/ProductsPIX-24-1024x1024.png",1024,1024,true],"author_info":[],"comment_info":0,"jetpack_sharing_enabled":true,"_links":{"self":[{"href":"https:\/\/sultanspices.es\/pt\/wp-json\/wp\/v2\/product\/4667","targetHints":{"allow":["GET"]}}],"collection":[{"href":"https:\/\/sultanspices.es\/pt\/wp-json\/wp\/v2\/product"}],"about":[{"href":"https:\/\/sultanspices.es\/pt\/wp-json\/wp\/v2\/types\/product"}],"replies":[{"embeddable":true,"href":"https:\/\/sultanspices.es\/pt\/wp-json\/wp\/v2\/comments?post=4667"}],"wp:featuredmedia":[{"embeddable":true,"href":"https:\/\/sultanspices.es\/pt\/wp-json\/wp\/v2\/media\/4763"}],"wp:attachment":[{"href":"https:\/\/sultanspices.es\/pt\/wp-json\/wp\/v2\/media?parent=4667"}],"wp:term":[{"taxonomy":"product_brand","embeddable":true,"href":"https:\/\/sultanspices.es\/pt\/wp-json\/wp\/v2\/product_brand?post=4667"},{"taxonomy":"product_cat","embeddable":true,"href":"https:\/\/sultanspices.es\/pt\/wp-json\/wp\/v2\/product_cat?post=4667"},{"taxonomy":"product_tag","embeddable":true,"href":"https:\/\/sultanspices.es\/pt\/wp-json\/wp\/v2\/product_tag?post=4667"}],"curies":[{"name":"wp","href":"https:\/\/api.w.org\/{rel}","templated":true}]}}