{"id":4664,"date":"2024-06-23T17:02:17","date_gmt":"2024-06-23T15:02:17","guid":{"rendered":"https:\/\/sultanspices.es\/cardomoms-greenpwd-trs-50g\/"},"modified":"2026-04-27T10:45:49","modified_gmt":"2026-04-27T08:45:49","slug":"cardomoms-greenpwd-trs-50g","status":"publish","type":"product","link":"https:\/\/sultanspices.es\/pt\/produto\/cardomomos-verdepwd-trs-50g\/","title":{"rendered":"CARDOMOMOS VERDES (PWD) TRS 50G"},"content":{"rendered":"<p>Realce as suas cria\u00e7\u00f5es culin\u00e1rias com a riqueza arom\u00e1tica de <strong>CARDAMOMOS VERDES (PWD) TRS 50G<\/strong> da Sultan Spices, a sua principal mercearia indiana em M\u00e1laga. Este cardamomo verde em p\u00f3 premium da TRS oferece uma forma conveniente de conferir um sabor e aroma deliciosos a uma variedade de pratos.<\/p>\n<p><strong>Caracter\u00edsticas principais:<\/strong><\/p>\n<ul>\n<li><strong>Qualidade superior:<\/strong> Fabricado a partir de vagens de cardamomo verde cuidadosamente selecionadas, finamente mo\u00eddas para preservar a frescura e o sabor.<\/li>\n<li><strong>Sabor Arom\u00e1tico:<\/strong> Adiciona um sabor \u00fanico e perfumado a sobremesas, bebidas, caril e produtos de pastelaria.<\/li>\n<li><strong>Utiliza\u00e7\u00e3o vers\u00e1til:<\/strong> Ideal para real\u00e7ar pratos doces e salgados com o seu perfil de sabor distinto.<\/li>\n<li><strong>Embalagem c\u00f3moda:<\/strong> Vem numa embalagem de 50G, f\u00e1cil de utilizar e de guardar na sua cozinha.<\/li>\n<\/ul>\n<p>Na Sultan Spices, somos especialistas em fornecer especiarias de alta qualidade que elevam a sua experi\u00eancia culin\u00e1ria. <strong>CARDAMOMOS VERDES (PWD) TRS 50G<\/strong> exemplifica o nosso compromisso com a autenticidade e o sabor.<\/p>\n<p>Visite Sultan Spices em M\u00e1laga para explorar a nossa vasta gama de especiarias, ervas arom\u00e1ticas e ingredientes especiais. Com <strong>CARDAMOMOS VERDES (PWD) TRS 50G<\/strong>Com a ajuda de uma bomba de gasolina, pode dar um toque de sofistica\u00e7\u00e3o arom\u00e1tica \u00e0s suas cria\u00e7\u00f5es culin\u00e1rias.<\/p>\n<p>Eleve os seus pratos com <strong>CARDAMOMOS VERDES (PWD) TRS 50G<\/strong> da Sultan Spices, e desfrute do aroma e sabor ricos que proporciona \u00e0s suas receitas favoritas.<\/p>","protected":false},"excerpt":{"rendered":"<p>Melhore as suas cria\u00e7\u00f5es culin\u00e1rias com a riqueza arom\u00e1tica do CARDAMOMS GREEN(PWD) TRS 50G da Sultan Spices, a sua principal mercearia indiana em M\u00e1laga. Este cardamomo verde em p\u00f3 premium da TRS oferece uma maneira conveniente de conferir um sabor e aroma deliciosos a uma variedade de pratos. Caracter\u00edsticas principais: Qualidade Premium: Fabricado a partir de sementes verdes cuidadosamente seleccionadas...<\/p>","protected":false},"featured_media":4765,"comment_status":"open","ping_status":"closed","template":"","meta":{"_kad_blocks_custom_css":"","_kad_blocks_head_custom_js":"","_kad_blocks_body_custom_js":"","_kad_blocks_footer_custom_js":"","_kadence_starter_templates_imported_post":false,"_kad_post_transparent":"default","_kad_post_title":"","_kad_post_layout":"default","_kad_post_sidebar_id":"","_kad_post_content_style":"default","_kad_post_vertical_padding":"default","_kad_post_feature":"","_kad_post_feature_position":"","_kad_post_header":false,"_kad_post_footer":false,"_kad_post_classname":""},"product_brand":[],"product_cat":[50],"product_tag":[],"class_list":{"0":"post-4664","1":"product","2":"type-product","3":"status-publish","4":"has-post-thumbnail","6":"product_cat-spices","8":"first","9":"outofstock","10":"shipping-taxable","11":"purchasable","12":"product-type-simple","13":"entry","14":"content-bg","15":"loop-entry"},"taxonomy_info":{"product_cat":[{"value":50,"label":"Spices"}]},"featured_image_src_large":["https:\/\/sultanspices.es\/wp-content\/uploads\/2024\/06\/ProductsPIX-25-1024x1024.png",1024,1024,true],"author_info":[],"comment_info":0,"jetpack_sharing_enabled":true,"_links":{"self":[{"href":"https:\/\/sultanspices.es\/pt\/wp-json\/wp\/v2\/product\/4664","targetHints":{"allow":["GET"]}}],"collection":[{"href":"https:\/\/sultanspices.es\/pt\/wp-json\/wp\/v2\/product"}],"about":[{"href":"https:\/\/sultanspices.es\/pt\/wp-json\/wp\/v2\/types\/product"}],"replies":[{"embeddable":true,"href":"https:\/\/sultanspices.es\/pt\/wp-json\/wp\/v2\/comments?post=4664"}],"wp:featuredmedia":[{"embeddable":true,"href":"https:\/\/sultanspices.es\/pt\/wp-json\/wp\/v2\/media\/4765"}],"wp:attachment":[{"href":"https:\/\/sultanspices.es\/pt\/wp-json\/wp\/v2\/media?parent=4664"}],"wp:term":[{"taxonomy":"product_brand","embeddable":true,"href":"https:\/\/sultanspices.es\/pt\/wp-json\/wp\/v2\/product_brand?post=4664"},{"taxonomy":"product_cat","embeddable":true,"href":"https:\/\/sultanspices.es\/pt\/wp-json\/wp\/v2\/product_cat?post=4664"},{"taxonomy":"product_tag","embeddable":true,"href":"https:\/\/sultanspices.es\/pt\/wp-json\/wp\/v2\/product_tag?post=4664"}],"curies":[{"name":"wp","href":"https:\/\/api.w.org\/{rel}","templated":true}]}}