{"id":4662,"date":"2024-06-23T17:02:12","date_gmt":"2024-06-23T15:02:12","guid":{"rendered":"https:\/\/sultanspices.es\/arroz-tilda-sundari-1k-basmati\/"},"modified":"2026-03-21T22:11:27","modified_gmt":"2026-03-21T21:11:27","slug":"arroz-tilda-sundari-1k-basmati","status":"publish","type":"product","link":"https:\/\/sultanspices.es\/pt\/produto\/arroz-tilda-sundari-1k-basmati\/","title":{"rendered":"ARROZ TILDA\/SUNDARI 1K BASMATI"},"content":{"rendered":"<p>Descubra o sabor e o aroma requintados de <strong>ARROZ TILDA\/SUNDARI 1K BASMATI<\/strong> na Sultan Spices, a sua mercearia indiana de confian\u00e7a em M\u00e1laga. Este arroz basmati de qualidade superior da Tilda\/Sundari \u00e9 conhecido pelos seus gr\u00e3os longos, fragr\u00e2ncia delicada e textura fofa, tornando-o uma escolha ideal para uma variedade de pratos.<\/p>\n<p><strong>Caracter\u00edsticas principais:<\/strong><\/p>\n<ul>\n<li><strong>Qualidade superior:<\/strong> Fabricado com os melhores gr\u00e3os de arroz basmati, conhecidos pela sua qualidade e sabor superiores.<\/li>\n<li><strong>Aroma delicado:<\/strong> Oferece uma fragr\u00e2ncia subtil e arom\u00e1tica que melhora a experi\u00eancia gastron\u00f3mica em geral.<\/li>\n<li><strong>Utiliza\u00e7\u00e3o vers\u00e1til:<\/strong> Perfeito para preparar biryanis, pilafs, tigelas de arroz e outros pratos gourmet.<\/li>\n<li><strong>Fofo Textura:<\/strong> Cozinha na perfei\u00e7\u00e3o com gr\u00e3os longos e separados que permanecem fofos e n\u00e3o pegajosos.<\/li>\n<li><strong>Embalagem c\u00f3moda:<\/strong> Apresenta-se numa embalagem de 1KG, ideal para o lar e pequenas reuni\u00f5es.<\/li>\n<\/ul>\n<p>Na Sultan Spices, temos orgulho em oferecer ingredientes de alta qualidade que elevam os seus cozinhados. <strong>ARROZ TILDA\/SUNDARI 1K BASMATI<\/strong> reflecte o nosso compromisso com a autenticidade e a excel\u00eancia culin\u00e1ria.<\/p>\n<p>Visite Sultan Spices em M\u00e1laga para explorar a nossa sele\u00e7\u00e3o diversificada de variedades de arroz, especiarias e artigos especiais. Com <strong>ARROZ TILDA\/SUNDARI 1K BASMATI<\/strong>Com o arroz basmati, pode apreciar o sabor e a textura de primeira qualidade do arroz basmati nos seus pratos favoritos.<\/p>\n<p>Experimente a excel\u00eancia de <strong>ARROZ TILDA\/SUNDARI 1K BASMATI<\/strong> da Sultan Spices, e eleve as suas cria\u00e7\u00f5es culin\u00e1rias com a sua qualidade superior e aroma delicioso.<\/p>","protected":false},"excerpt":{"rendered":"<p>Descubra o sabor e o aroma requintados do ARROZ TILDA\/SUNDARI 1K BASMATI na Sultan Spices, a sua mercearia indiana de confian\u00e7a em M\u00e1laga. Este arroz basmati premium da Tilda\/Sundari \u00e9 conhecido pelos seus gr\u00e3os longos, fragr\u00e2ncia delicada e textura fofa, tornando-o uma escolha ideal para uma variedade de pratos. Caracter\u00edsticas principais: Qualidade superior: Feito a partir do...<\/p>","protected":false},"featured_media":4767,"comment_status":"open","ping_status":"closed","template":"","meta":{"_kad_blocks_custom_css":"","_kad_blocks_head_custom_js":"","_kad_blocks_body_custom_js":"","_kad_blocks_footer_custom_js":"","_kadence_starter_templates_imported_post":false,"_kad_post_transparent":"default","_kad_post_title":"","_kad_post_layout":"default","_kad_post_sidebar_id":"","_kad_post_content_style":"default","_kad_post_vertical_padding":"default","_kad_post_feature":"","_kad_post_feature_position":"","_kad_post_header":false,"_kad_post_footer":false,"_kad_post_classname":""},"product_brand":[],"product_cat":[53],"product_tag":[],"class_list":{"0":"post-4662","1":"product","2":"type-product","3":"status-publish","4":"has-post-thumbnail","6":"product_cat-rice","8":"first","9":"instock","10":"sale","11":"shipping-taxable","12":"purchasable","13":"product-type-simple","14":"entry","15":"content-bg","16":"loop-entry"},"taxonomy_info":{"product_cat":[{"value":53,"label":"Rice"}]},"featured_image_src_large":["https:\/\/sultanspices.es\/wp-content\/uploads\/2024\/06\/ProductsPIX-26-1024x1024.png",1024,1024,true],"author_info":[],"comment_info":0,"jetpack_sharing_enabled":true,"_links":{"self":[{"href":"https:\/\/sultanspices.es\/pt\/wp-json\/wp\/v2\/product\/4662","targetHints":{"allow":["GET"]}}],"collection":[{"href":"https:\/\/sultanspices.es\/pt\/wp-json\/wp\/v2\/product"}],"about":[{"href":"https:\/\/sultanspices.es\/pt\/wp-json\/wp\/v2\/types\/product"}],"replies":[{"embeddable":true,"href":"https:\/\/sultanspices.es\/pt\/wp-json\/wp\/v2\/comments?post=4662"}],"wp:featuredmedia":[{"embeddable":true,"href":"https:\/\/sultanspices.es\/pt\/wp-json\/wp\/v2\/media\/4767"}],"wp:attachment":[{"href":"https:\/\/sultanspices.es\/pt\/wp-json\/wp\/v2\/media?parent=4662"}],"wp:term":[{"taxonomy":"product_brand","embeddable":true,"href":"https:\/\/sultanspices.es\/pt\/wp-json\/wp\/v2\/product_brand?post=4662"},{"taxonomy":"product_cat","embeddable":true,"href":"https:\/\/sultanspices.es\/pt\/wp-json\/wp\/v2\/product_cat?post=4662"},{"taxonomy":"product_tag","embeddable":true,"href":"https:\/\/sultanspices.es\/pt\/wp-json\/wp\/v2\/product_tag?post=4662"}],"curies":[{"name":"wp","href":"https:\/\/api.w.org\/{rel}","templated":true}]}}