{"id":4661,"date":"2024-06-23T17:02:11","date_gmt":"2024-06-23T15:02:11","guid":{"rendered":"https:\/\/sultanspices.es\/almonds-pwd-ali-baba-300g\/"},"modified":"2026-02-23T12:40:31","modified_gmt":"2026-02-23T11:40:31","slug":"almonds-pwd-ali-baba-300g","status":"publish","type":"product","link":"https:\/\/sultanspices.es\/pt\/produto\/amendoas-pwd-ali-baba-300g\/","title":{"rendered":"AM\u00caNDOAS PWD ALI BABA 300G"},"content":{"rendered":"<div class=\"flex flex-grow flex-col max-w-full\">\n<div class=\"min-h-[20px] text-message flex flex-col items-start whitespace-pre-wrap break-words [.text-message+&amp;]:mt-5 juice:w-full juice:items-end overflow-x-auto gap-2\" dir=\"auto\" data-message-author-role=\"assistant\" data-message-id=\"bbeed6fc-2444-4c11-92b8-72776e3987d1\">\n<div class=\"flex w-full flex-col gap-1 juice:empty:hidden juice:first:pt-[3px]\">\n<div class=\"markdown prose w-full break-words dark:prose-invert dark\">\n<p>Experimente o sabor rico e os benef\u00edcios nutricionais de <strong>AM\u00caNDOAS PWD ALI BABA 300G<\/strong> da Sultan Spices, a sua principal mercearia indiana em M\u00e1laga. Este p\u00f3 de am\u00eandoa finamente triturado da Alibaba oferece uma forma conveniente de incorporar a bondade das am\u00eandoas na sua dieta di\u00e1ria.<\/p>\n<p><strong>Caracter\u00edsticas principais:<\/strong><\/p>\n<ul>\n<li><strong>Qualidade superior:<\/strong> Fabricado a partir de am\u00eandoas de alta qualidade, finamente trituradas at\u00e9 obter um p\u00f3 homog\u00e9neo.<\/li>\n<li><strong>Rico em nutrientes:<\/strong> Repleto de prote\u00ednas, gorduras saud\u00e1veis, vitaminas e minerais essenciais para a sa\u00fade geral.<\/li>\n<li><strong>Utiliza\u00e7\u00e3o vers\u00e1til:<\/strong> Ideal para cozer, cozinhar, batidos e como complemento nutritivo de cereais e iogurte.<\/li>\n<li><strong>Sabor natural:<\/strong> Adiciona um sabor a nozes e a creme a uma variedade de pratos e bebidas.<\/li>\n<li><strong>Embalagem c\u00f3moda:<\/strong> Apresenta-se numa bolsa de 300G, f\u00e1cil de guardar e utilizar.<\/li>\n<\/ul>\n<p>Na Sultan Spices, especializamo-nos em oferecer ingredientes de alta qualidade que melhoram a sua experi\u00eancia culin\u00e1ria. <strong>AM\u00caNDOAS PWD ALI BABA 300G<\/strong> exemplifica o nosso empenho em fornecer produtos saud\u00e1veis e saborosos.<\/p>\n<p>Visite Sultan Spices em M\u00e1laga para explorar a nossa vasta gama de frutos secos, especiarias e artigos de especialidade. Com <strong>AM\u00caNDOAS PWD ALI BABA 300G<\/strong>Com este produto, pode desfrutar dos benef\u00edcios nutricionais e do delicioso sabor das am\u00eandoas numa pr\u00e1tica forma em p\u00f3.<\/p>\n<p>Incorpore a bondade das am\u00eandoas nas suas receitas com <strong>AM\u00caNDOAS PWD ALI BABA 300G<\/strong> da Sultan Spices, e descubra novas formas de enriquecer as suas refei\u00e7\u00f5es com produtos naturais.<\/p>\n<\/div>\n<\/div>\n<\/div>\n<\/div>","protected":false},"excerpt":{"rendered":"<p>Experimente o sabor rico e os benef\u00edcios nutricionais de ALMONDS PWD ALI BABA 300G da Sultan Spices, a sua principal mercearia indiana em M\u00e1laga. Este p\u00f3 de am\u00eandoa finamente triturado da Alibaba oferece uma maneira conveniente de incorporar a bondade das am\u00eandoas em sua dieta di\u00e1ria. Caracter\u00edsticas principais: Qualidade superior: O p\u00f3 de am\u00eandoa em p\u00f3 da Alibaba \u00e9 um produto de qualidade superior.<\/p>","protected":false},"featured_media":4768,"comment_status":"open","ping_status":"closed","template":"","meta":{"_kad_blocks_custom_css":"","_kad_blocks_head_custom_js":"","_kad_blocks_body_custom_js":"","_kad_blocks_footer_custom_js":"","_kadence_starter_templates_imported_post":false,"_kad_post_transparent":"default","_kad_post_title":"","_kad_post_layout":"default","_kad_post_sidebar_id":"","_kad_post_content_style":"default","_kad_post_vertical_padding":"default","_kad_post_feature":"","_kad_post_feature_position":"","_kad_post_header":false,"_kad_post_footer":false,"_kad_post_classname":""},"product_brand":[],"product_cat":[60],"product_tag":[],"class_list":{"0":"post-4661","1":"product","2":"type-product","3":"status-publish","4":"has-post-thumbnail","6":"product_cat-dry-fruits","8":"first","9":"instock","10":"shipping-taxable","11":"purchasable","12":"product-type-simple","13":"entry","14":"content-bg","15":"loop-entry"},"taxonomy_info":{"product_cat":[{"value":60,"label":"Dry Fruits"}]},"featured_image_src_large":["https:\/\/sultanspices.es\/wp-content\/uploads\/2024\/06\/ProductsPIX-27-1024x1024.png",1024,1024,true],"author_info":[],"comment_info":0,"jetpack_sharing_enabled":true,"_links":{"self":[{"href":"https:\/\/sultanspices.es\/pt\/wp-json\/wp\/v2\/product\/4661","targetHints":{"allow":["GET"]}}],"collection":[{"href":"https:\/\/sultanspices.es\/pt\/wp-json\/wp\/v2\/product"}],"about":[{"href":"https:\/\/sultanspices.es\/pt\/wp-json\/wp\/v2\/types\/product"}],"replies":[{"embeddable":true,"href":"https:\/\/sultanspices.es\/pt\/wp-json\/wp\/v2\/comments?post=4661"}],"wp:featuredmedia":[{"embeddable":true,"href":"https:\/\/sultanspices.es\/pt\/wp-json\/wp\/v2\/media\/4768"}],"wp:attachment":[{"href":"https:\/\/sultanspices.es\/pt\/wp-json\/wp\/v2\/media?parent=4661"}],"wp:term":[{"taxonomy":"product_brand","embeddable":true,"href":"https:\/\/sultanspices.es\/pt\/wp-json\/wp\/v2\/product_brand?post=4661"},{"taxonomy":"product_cat","embeddable":true,"href":"https:\/\/sultanspices.es\/pt\/wp-json\/wp\/v2\/product_cat?post=4661"},{"taxonomy":"product_tag","embeddable":true,"href":"https:\/\/sultanspices.es\/pt\/wp-json\/wp\/v2\/product_tag?post=4661"}],"curies":[{"name":"wp","href":"https:\/\/api.w.org\/{rel}","templated":true}]}}