{"id":4359,"date":"2024-04-13T09:34:14","date_gmt":"2024-04-13T07:34:14","guid":{"rendered":"https:\/\/sultanspices.es\/schani-z-tandoori-naan-plain-500g\/"},"modified":"2026-02-23T12:41:16","modified_gmt":"2026-02-23T11:41:16","slug":"schani-z-tandoori-naan-plain-500g","status":"publish","type":"product","link":"https:\/\/sultanspices.es\/pt\/produto\/schani-z-tandoori-naan-plain-500g\/","title":{"rendered":"SCHANI Z TANDOORI NAAN SIMPLES 500G"},"content":{"rendered":"<div class=\"flex-1 overflow-hidden\">\n<div class=\"react-scroll-to-bottom--css-yrmpv-79elbk h-full\">\n<div class=\"react-scroll-to-bottom--css-yrmpv-1n7m0yu\">\n<div class=\"flex flex-col text-sm pb-9\">\n<div class=\"w-full text-token-text-primary\" dir=\"auto\" data-testid=\"conversation-turn-533\">\n<div class=\"px-4 py-2 justify-center text-base md:gap-6 m-auto\">\n<div class=\"flex flex-1 text-base mx-auto gap-3 juice:gap-4 juice:md:gap-6 md:px-5 lg:px-1 xl:px-5 md:max-w-3xl lg:max-w-[40rem] xl:max-w-[48rem] group final-completion\">\n<div class=\"relative flex w-full flex-col agent-turn\">\n<div class=\"flex-col gap-1 md:gap-3\">\n<div class=\"flex flex-grow flex-col max-w-full\">\n<div class=\"min-h-[20px] text-message flex flex-col items-start gap-3 whitespace-pre-wrap break-words [.text-message+&amp;]:mt-5 overflow-x-auto\" dir=\"auto\" data-message-author-role=\"assistant\" data-message-id=\"33959df8-b7ec-4cec-a7d4-8bd78ee981e8\">\n<div class=\"markdown prose w-full break-words dark:prose-invert dark\">\n<p>Saboreie o aut\u00eantico sabor do naan acabado de cozer com Schani Z Tandoori Naan Plain. Esta embalagem de 500g traz os sabores tradicionais do tandoori naan diretamente para a sua mesa, oferecendo uma textura suave e fofa com um toque de fumo. Perfeito para acompanhar os seus caris favoritos, kebabs, ou para saborear sozinho como um delicioso snack, o Schani Z Tandoori Naan Plain \u00e9 uma op\u00e7\u00e3o vers\u00e1til e conveniente para qualquer refei\u00e7\u00e3o. Transporte as suas papilas gustativas para as ruas do Sul da \u00c1sia em cada dentada. Dispon\u00edvel na Sultan Spices, com entregas em toda a Espanha e Portugal.<\/p>\n<\/div>\n<\/div>\n<\/div>\n<\/div>\n<\/div>\n<\/div>\n<\/div>\n<\/div>\n<\/div>\n<\/div>\n<\/div>\n<\/div>","protected":false},"excerpt":{"rendered":"<p>Saboreie o aut\u00eantico sabor do naan acabado de cozer com Schani Z Tandoori Naan Plain. Esta embalagem de 500g traz os sabores tradicionais do tandoori naan diretamente para a sua mesa, oferecendo uma textura suave e fofa com um toque de fumo. Perfeito para acompanhar os seus caris favoritos, kebabs, ou para saborear sozinho como um delicioso...<\/p>","protected":false},"featured_media":4429,"comment_status":"open","ping_status":"closed","template":"","meta":{"_kad_blocks_custom_css":"","_kad_blocks_head_custom_js":"","_kad_blocks_body_custom_js":"","_kad_blocks_footer_custom_js":"","_kadence_starter_templates_imported_post":false,"_kad_post_transparent":"default","_kad_post_title":"","_kad_post_layout":"default","_kad_post_sidebar_id":"","_kad_post_content_style":"default","_kad_post_vertical_padding":"default","_kad_post_feature":"","_kad_post_feature_position":"","_kad_post_header":false,"_kad_post_footer":false,"_kad_post_classname":""},"product_brand":[],"product_cat":[52,54],"product_tag":[],"class_list":{"0":"post-4359","1":"product","2":"type-product","3":"status-publish","4":"has-post-thumbnail","6":"product_cat-flour","7":"product_cat-instant-meals-rte","9":"first","10":"outofstock","11":"shipping-taxable","12":"purchasable","13":"product-type-simple","14":"entry","15":"content-bg","16":"loop-entry"},"taxonomy_info":{"product_cat":[{"value":52,"label":"Flour"},{"value":54,"label":"Instant meals RTE"}]},"featured_image_src_large":["https:\/\/sultanspices.es\/wp-content\/uploads\/2024\/04\/ProductsPIX-8-1024x1024.png",1024,1024,true],"author_info":[],"comment_info":1,"jetpack_sharing_enabled":true,"_links":{"self":[{"href":"https:\/\/sultanspices.es\/pt\/wp-json\/wp\/v2\/product\/4359","targetHints":{"allow":["GET"]}}],"collection":[{"href":"https:\/\/sultanspices.es\/pt\/wp-json\/wp\/v2\/product"}],"about":[{"href":"https:\/\/sultanspices.es\/pt\/wp-json\/wp\/v2\/types\/product"}],"replies":[{"embeddable":true,"href":"https:\/\/sultanspices.es\/pt\/wp-json\/wp\/v2\/comments?post=4359"}],"wp:featuredmedia":[{"embeddable":true,"href":"https:\/\/sultanspices.es\/pt\/wp-json\/wp\/v2\/media\/4429"}],"wp:attachment":[{"href":"https:\/\/sultanspices.es\/pt\/wp-json\/wp\/v2\/media?parent=4359"}],"wp:term":[{"taxonomy":"product_brand","embeddable":true,"href":"https:\/\/sultanspices.es\/pt\/wp-json\/wp\/v2\/product_brand?post=4359"},{"taxonomy":"product_cat","embeddable":true,"href":"https:\/\/sultanspices.es\/pt\/wp-json\/wp\/v2\/product_cat?post=4359"},{"taxonomy":"product_tag","embeddable":true,"href":"https:\/\/sultanspices.es\/pt\/wp-json\/wp\/v2\/product_tag?post=4359"}],"curies":[{"name":"wp","href":"https:\/\/api.w.org\/{rel}","templated":true}]}}