{"id":4358,"date":"2024-04-13T09:34:13","date_gmt":"2024-04-13T07:34:13","guid":{"rendered":"https:\/\/sultanspices.es\/schani-pan-mukhwas-spical-100g\/"},"modified":"2026-02-23T12:41:16","modified_gmt":"2026-02-23T11:41:16","slug":"schani-pan-mukhwas-special-100g","status":"publish","type":"product","link":"https:\/\/sultanspices.es\/pt\/produto\/schani-pan-mukhwas-especial-100g\/","title":{"rendered":"SCHANI PAN MUKHWAS - SPICAL 100G"},"content":{"rendered":"<div class=\"flex-1 overflow-hidden\">\n<div class=\"react-scroll-to-bottom--css-yrmpv-79elbk h-full\">\n<div class=\"react-scroll-to-bottom--css-yrmpv-1n7m0yu\">\n<div class=\"flex flex-col text-sm pb-9\">\n<div class=\"w-full text-token-text-primary\" dir=\"auto\" data-testid=\"conversation-turn-535\">\n<div class=\"px-4 py-2 justify-center text-base md:gap-6 m-auto\">\n<div class=\"flex flex-1 text-base mx-auto gap-3 juice:gap-4 juice:md:gap-6 md:px-5 lg:px-1 xl:px-5 md:max-w-3xl lg:max-w-[40rem] xl:max-w-[48rem] group final-completion\">\n<div class=\"relative flex w-full flex-col agent-turn\">\n<div class=\"flex-col gap-1 md:gap-3\">\n<div class=\"flex flex-grow flex-col max-w-full\">\n<div class=\"min-h-[20px] text-message flex flex-col items-start gap-3 whitespace-pre-wrap break-words [.text-message+&amp;]:mt-5 overflow-x-auto\" dir=\"auto\" data-message-author-role=\"assistant\" data-message-id=\"cf733f9d-7059-4ba0-a0ae-78a32a2829b1\">\n<div class=\"markdown prose w-full break-words dark:prose-invert dark\">\n<p>Eleve a sua experi\u00eancia p\u00f3s-refei\u00e7\u00e3o com Schani Pan Mukhwas - Special. Esta embalagem de 100g apresenta uma mistura \u00fanica de sementes arom\u00e1ticas, frutos secos e especiarias, cuidadosamente elaborada para refrescar o paladar e ajudar a digest\u00e3o. Com as suas propriedades refrescantes e de limpeza do paladar, Schani Pan Mukhwas - Special \u00e9 a forma perfeita de concluir as suas refei\u00e7\u00f5es com uma nota saborosa. Quer seja saboreada depois de uma refei\u00e7\u00e3o saud\u00e1vel ou como um lanche a meio do dia, esta mistura especial promete uma explos\u00e3o de frescura em cada dentada. Dispon\u00edvel na Sultan Spices, com entregas em toda a Espanha e Portugal.<\/p>\n<\/div>\n<\/div>\n<\/div>\n<\/div>\n<\/div>\n<\/div>\n<\/div>\n<\/div>\n<\/div>\n<\/div>\n<\/div>\n<\/div>","protected":false},"excerpt":{"rendered":"<p>Eleve a sua experi\u00eancia p\u00f3s-refei\u00e7\u00e3o com Schani Pan Mukhwas - Special. Esta embalagem de 100g apresenta uma mistura \u00fanica de sementes arom\u00e1ticas, frutos secos e especiarias, cuidadosamente elaborada para refrescar o paladar e ajudar a digest\u00e3o. Com as suas propriedades refrescantes e de limpeza do paladar, Schani Pan Mukhwas - Special \u00e9 a forma perfeita de concluir as suas refei\u00e7\u00f5es com uma nota saborosa....<\/p>","protected":false},"featured_media":4431,"comment_status":"open","ping_status":"closed","template":"","meta":{"_kad_blocks_custom_css":"","_kad_blocks_head_custom_js":"","_kad_blocks_body_custom_js":"","_kad_blocks_footer_custom_js":"","_kadence_starter_templates_imported_post":false,"_kad_post_transparent":"default","_kad_post_title":"","_kad_post_layout":"default","_kad_post_sidebar_id":"","_kad_post_content_style":"default","_kad_post_vertical_padding":"default","_kad_post_feature":"","_kad_post_feature_position":"","_kad_post_header":false,"_kad_post_footer":false,"_kad_post_classname":""},"product_brand":[],"product_cat":[56,51],"product_tag":[],"class_list":{"0":"post-4358","1":"product","2":"type-product","3":"status-publish","4":"has-post-thumbnail","6":"product_cat-indian-snacks","7":"product_cat-desserts-sweets","9":"first","10":"outofstock","11":"shipping-taxable","12":"purchasable","13":"product-type-simple","14":"entry","15":"content-bg","16":"loop-entry"},"taxonomy_info":{"product_cat":[{"value":56,"label":"Snacks"},{"value":51,"label":"Desserts and Sweets"}]},"featured_image_src_large":["https:\/\/sultanspices.es\/wp-content\/uploads\/2024\/04\/ProductsPIX-9-1024x1024.png",1024,1024,true],"author_info":[],"comment_info":0,"jetpack_sharing_enabled":true,"_links":{"self":[{"href":"https:\/\/sultanspices.es\/pt\/wp-json\/wp\/v2\/product\/4358","targetHints":{"allow":["GET"]}}],"collection":[{"href":"https:\/\/sultanspices.es\/pt\/wp-json\/wp\/v2\/product"}],"about":[{"href":"https:\/\/sultanspices.es\/pt\/wp-json\/wp\/v2\/types\/product"}],"replies":[{"embeddable":true,"href":"https:\/\/sultanspices.es\/pt\/wp-json\/wp\/v2\/comments?post=4358"}],"wp:featuredmedia":[{"embeddable":true,"href":"https:\/\/sultanspices.es\/pt\/wp-json\/wp\/v2\/media\/4431"}],"wp:attachment":[{"href":"https:\/\/sultanspices.es\/pt\/wp-json\/wp\/v2\/media?parent=4358"}],"wp:term":[{"taxonomy":"product_brand","embeddable":true,"href":"https:\/\/sultanspices.es\/pt\/wp-json\/wp\/v2\/product_brand?post=4358"},{"taxonomy":"product_cat","embeddable":true,"href":"https:\/\/sultanspices.es\/pt\/wp-json\/wp\/v2\/product_cat?post=4358"},{"taxonomy":"product_tag","embeddable":true,"href":"https:\/\/sultanspices.es\/pt\/wp-json\/wp\/v2\/product_tag?post=4358"}],"curies":[{"name":"wp","href":"https:\/\/api.w.org\/{rel}","templated":true}]}}