{"id":4313,"date":"2024-04-13T09:33:56","date_gmt":"2024-04-13T07:33:56","guid":{"rendered":"https:\/\/sultanspices.es\/palm-oil-ali-baba-500ml\/"},"modified":"2026-02-23T12:41:05","modified_gmt":"2026-02-23T11:41:05","slug":"palm-oil-ali-baba-500ml","status":"publish","type":"product","link":"https:\/\/sultanspices.es\/pt\/produto\/palm-oil-ali-baba-500ml\/","title":{"rendered":"\u00d3LEO DE PALMA ALI BABA 500ML"},"content":{"rendered":"<div class=\"flex-1 overflow-hidden\">\n<div class=\"react-scroll-to-bottom--css-yrmpv-79elbk h-full\">\n<div class=\"react-scroll-to-bottom--css-yrmpv-1n7m0yu\">\n<div class=\"flex flex-col text-sm pb-9\">\n<div class=\"w-full text-token-text-primary\" dir=\"auto\" data-testid=\"conversation-turn-563\">\n<div class=\"px-4 py-2 justify-center text-base md:gap-6 m-auto\">\n<div class=\"flex flex-1 text-base mx-auto gap-3 juice:gap-4 juice:md:gap-6 md:px-5 lg:px-1 xl:px-5 md:max-w-3xl lg:max-w-[40rem] xl:max-w-[48rem] group final-completion\">\n<div class=\"relative flex w-full flex-col agent-turn\">\n<div class=\"flex-col gap-1 md:gap-3\">\n<div class=\"flex flex-grow flex-col max-w-full\">\n<div class=\"min-h-[20px] text-message flex flex-col items-start gap-3 whitespace-pre-wrap break-words [.text-message+&amp;]:mt-5 overflow-x-auto\" dir=\"auto\" data-message-author-role=\"assistant\" data-message-id=\"36968529-751e-4ba3-a32f-2d2fe2dd0d96\">\n<div class=\"markdown prose w-full break-words dark:prose-invert dark\">\n<p>Experimente o sabor rico e aut\u00eantico do \u00f3leo de palma Ali Baba. Esta garrafa de 500 ml oferece \u00f3leo de palma de qualidade superior, perfeito para real\u00e7ar o sabor e o aroma dos seus pratos favoritos. Conhecido pelo seu distinto sabor a nozes e cor vibrante, o \u00f3leo de palma \u00e9 um \u00f3leo de cozinha vers\u00e1til utilizado em v\u00e1rias cozinhas de todo o mundo. Quer esteja a fritar, a saltear ou a temperar, o \u00f3leo de palma Ali Baba \u00e9 a escolha perfeita para acrescentar profundidade e riqueza \u00e0s suas cria\u00e7\u00f5es culin\u00e1rias. Eleve a sua experi\u00eancia culin\u00e1ria com este ingrediente essencial, dispon\u00edvel na Sultan Spices e com entregas em toda a Espanha e Portugal.<\/p>\n<\/div>\n<\/div>\n<\/div>\n<\/div>\n<\/div>\n<\/div>\n<\/div>\n<\/div>\n<\/div>\n<\/div>\n<\/div>\n<\/div>","protected":false},"excerpt":{"rendered":"<p>Experimente o sabor rico e aut\u00eantico do \u00f3leo de palma Ali Baba. Esta garrafa de 500 ml oferece \u00f3leo de palma de qualidade superior, perfeito para real\u00e7ar o sabor e o aroma dos seus pratos favoritos. Conhecido pelo seu distinto sabor a nozes e cor vibrante, o \u00f3leo de palma \u00e9 um \u00f3leo de cozinha vers\u00e1til utilizado em v\u00e1rias cozinhas de todo o mundo. Quer esteja a fritar,...<\/p>","protected":false},"featured_media":4453,"comment_status":"open","ping_status":"closed","template":"","meta":{"_kad_blocks_custom_css":"","_kad_blocks_head_custom_js":"","_kad_blocks_body_custom_js":"","_kad_blocks_footer_custom_js":"","_kadence_starter_templates_imported_post":false,"_kad_post_transparent":"default","_kad_post_title":"","_kad_post_layout":"default","_kad_post_sidebar_id":"","_kad_post_content_style":"default","_kad_post_vertical_padding":"default","_kad_post_feature":"","_kad_post_feature_position":"","_kad_post_header":false,"_kad_post_footer":false,"_kad_post_classname":""},"product_brand":[],"product_cat":[62],"product_tag":[],"class_list":{"0":"post-4313","1":"product","2":"type-product","3":"status-publish","4":"has-post-thumbnail","6":"product_cat-oils","8":"first","9":"instock","10":"sale","11":"shipping-taxable","12":"purchasable","13":"product-type-simple","14":"entry","15":"content-bg","16":"loop-entry"},"taxonomy_info":{"product_cat":[{"value":62,"label":"Oils"}]},"featured_image_src_large":["https:\/\/sultanspices.es\/wp-content\/uploads\/2024\/04\/ProductsPIX-23-1024x1024.png",1024,1024,true],"author_info":[],"comment_info":1,"jetpack_sharing_enabled":true,"_links":{"self":[{"href":"https:\/\/sultanspices.es\/pt\/wp-json\/wp\/v2\/product\/4313","targetHints":{"allow":["GET"]}}],"collection":[{"href":"https:\/\/sultanspices.es\/pt\/wp-json\/wp\/v2\/product"}],"about":[{"href":"https:\/\/sultanspices.es\/pt\/wp-json\/wp\/v2\/types\/product"}],"replies":[{"embeddable":true,"href":"https:\/\/sultanspices.es\/pt\/wp-json\/wp\/v2\/comments?post=4313"}],"wp:featuredmedia":[{"embeddable":true,"href":"https:\/\/sultanspices.es\/pt\/wp-json\/wp\/v2\/media\/4453"}],"wp:attachment":[{"href":"https:\/\/sultanspices.es\/pt\/wp-json\/wp\/v2\/media?parent=4313"}],"wp:term":[{"taxonomy":"product_brand","embeddable":true,"href":"https:\/\/sultanspices.es\/pt\/wp-json\/wp\/v2\/product_brand?post=4313"},{"taxonomy":"product_cat","embeddable":true,"href":"https:\/\/sultanspices.es\/pt\/wp-json\/wp\/v2\/product_cat?post=4313"},{"taxonomy":"product_tag","embeddable":true,"href":"https:\/\/sultanspices.es\/pt\/wp-json\/wp\/v2\/product_tag?post=4313"}],"curies":[{"name":"wp","href":"https:\/\/api.w.org\/{rel}","templated":true}]}}