{"id":4310,"date":"2024-04-13T09:33:53","date_gmt":"2024-04-13T07:33:53","guid":{"rendered":"https:\/\/sultanspices.es\/noodles-maggi-masala-70g\/"},"modified":"2026-02-16T08:14:31","modified_gmt":"2026-02-16T07:14:31","slug":"noodles-maggi-masala-70g","status":"publish","type":"product","link":"https:\/\/sultanspices.es\/pt\/produto\/macarrao-maggi-masala-70g\/","title":{"rendered":"MACARR\u00c3O MAGGI MASALA 70G"},"content":{"rendered":"<div class=\"flex-1 overflow-hidden\">\n<div class=\"react-scroll-to-bottom--css-yrmpv-79elbk h-full\">\n<div class=\"react-scroll-to-bottom--css-yrmpv-1n7m0yu\">\n<div class=\"flex flex-col text-sm pb-9\">\n<div class=\"w-full text-token-text-primary\" dir=\"auto\" data-testid=\"conversation-turn-569\">\n<div class=\"px-4 py-2 justify-center text-base md:gap-6 m-auto\">\n<div class=\"flex flex-1 text-base mx-auto gap-3 juice:gap-4 juice:md:gap-6 md:px-5 lg:px-1 xl:px-5 md:max-w-3xl lg:max-w-[40rem] xl:max-w-[48rem] group final-completion\">\n<div class=\"relative flex w-full flex-col agent-turn\">\n<div class=\"flex-col gap-1 md:gap-3\">\n<div class=\"flex flex-grow flex-col max-w-full\">\n<div class=\"min-h-[20px] text-message flex flex-col items-start gap-3 whitespace-pre-wrap break-words [.text-message+&amp;]:mt-5 overflow-x-auto\" dir=\"auto\" data-message-author-role=\"assistant\" data-message-id=\"ca51ea3b-d268-44b2-8896-9eac4f91c1f5\">\n<div class=\"markdown prose w-full break-words dark:prose-invert dark\">\n<p>Saboreie os deliciosos sabores dos Noodles Maggi Masala. Esta embalagem de 70g oferece uma forma r\u00e1pida e conveniente de desfrutar de uma refei\u00e7\u00e3o satisfat\u00f3ria em qualquer altura e em qualquer lugar. Com a sua mistura exclusiva de especiarias e condimentos, os Maggi Masala Noodles proporcionam uma explos\u00e3o de sabor em cada dentada. Quer esteja a desejar um lanche ou uma refei\u00e7\u00e3o saud\u00e1vel, estes noodles v\u00e3o certamente satisfazer as suas papilas gustativas. Eleve a sua experi\u00eancia culin\u00e1ria com a conveni\u00eancia dos Maggi Masala Noodles, dispon\u00edveis na Sultan Spices e com entregas em toda a Espanha e Portugal.<\/p>\n<\/div>\n<\/div>\n<\/div>\n<\/div>\n<\/div>\n<\/div>\n<\/div>\n<\/div>\n<\/div>\n<\/div>\n<\/div>\n<\/div>","protected":false},"excerpt":{"rendered":"<p>Saboreie os deliciosos sabores dos Noodles Maggi Masala. Esta embalagem de 70g oferece uma forma r\u00e1pida e conveniente de desfrutar de uma refei\u00e7\u00e3o satisfat\u00f3ria em qualquer altura e em qualquer lugar. Com a sua mistura exclusiva de especiarias e condimentos, os Maggi Masala Noodles proporcionam uma explos\u00e3o de sabor em cada dentada. Quer esteja a desejar um lanche ou uma refei\u00e7\u00e3o saud\u00e1vel, estes noodles s\u00e3o...<\/p>","protected":false},"featured_media":4457,"comment_status":"open","ping_status":"closed","template":"","meta":{"_kad_blocks_custom_css":"","_kad_blocks_head_custom_js":"","_kad_blocks_body_custom_js":"","_kad_blocks_footer_custom_js":"","_kadence_starter_templates_imported_post":false,"_kad_post_transparent":"default","_kad_post_title":"","_kad_post_layout":"default","_kad_post_sidebar_id":"","_kad_post_content_style":"default","_kad_post_vertical_padding":"default","_kad_post_feature":"","_kad_post_feature_position":"","_kad_post_header":false,"_kad_post_footer":false,"_kad_post_classname":""},"product_brand":[],"product_cat":[56,54],"product_tag":[],"class_list":{"0":"post-4310","1":"product","2":"type-product","3":"status-publish","4":"has-post-thumbnail","6":"product_cat-indian-snacks","7":"product_cat-instant-meals-rte","9":"first","10":"instock","11":"shipping-taxable","12":"purchasable","13":"product-type-simple","14":"entry","15":"content-bg","16":"loop-entry"},"taxonomy_info":{"product_cat":[{"value":56,"label":"Snacks"},{"value":54,"label":"Instant meals RTE"}]},"featured_image_src_large":["https:\/\/sultanspices.es\/wp-content\/uploads\/2024\/04\/ProductsPIX-26-1024x1024.png",1024,1024,true],"author_info":[],"comment_info":0,"jetpack_sharing_enabled":true,"_links":{"self":[{"href":"https:\/\/sultanspices.es\/pt\/wp-json\/wp\/v2\/product\/4310","targetHints":{"allow":["GET"]}}],"collection":[{"href":"https:\/\/sultanspices.es\/pt\/wp-json\/wp\/v2\/product"}],"about":[{"href":"https:\/\/sultanspices.es\/pt\/wp-json\/wp\/v2\/types\/product"}],"replies":[{"embeddable":true,"href":"https:\/\/sultanspices.es\/pt\/wp-json\/wp\/v2\/comments?post=4310"}],"wp:featuredmedia":[{"embeddable":true,"href":"https:\/\/sultanspices.es\/pt\/wp-json\/wp\/v2\/media\/4457"}],"wp:attachment":[{"href":"https:\/\/sultanspices.es\/pt\/wp-json\/wp\/v2\/media?parent=4310"}],"wp:term":[{"taxonomy":"product_brand","embeddable":true,"href":"https:\/\/sultanspices.es\/pt\/wp-json\/wp\/v2\/product_brand?post=4310"},{"taxonomy":"product_cat","embeddable":true,"href":"https:\/\/sultanspices.es\/pt\/wp-json\/wp\/v2\/product_cat?post=4310"},{"taxonomy":"product_tag","embeddable":true,"href":"https:\/\/sultanspices.es\/pt\/wp-json\/wp\/v2\/product_tag?post=4310"}],"curies":[{"name":"wp","href":"https:\/\/api.w.org\/{rel}","templated":true}]}}