{"id":4296,"date":"2024-04-13T09:33:50","date_gmt":"2024-04-13T07:33:50","guid":{"rendered":"https:\/\/sultanspices.es\/national-nihari-masala-86g\/"},"modified":"2026-03-11T22:38:57","modified_gmt":"2026-03-11T21:38:57","slug":"national-nihari-masala-86g","status":"publish","type":"product","link":"https:\/\/sultanspices.es\/pt\/produto\/nacional-nihari-masala-86g\/","title":{"rendered":"NATIONAL NIHARI MASALA 86G"},"content":{"rendered":"<div class=\"flex-1 overflow-hidden\">\n<div class=\"react-scroll-to-bottom--css-yrmpv-79elbk h-full\">\n<div class=\"react-scroll-to-bottom--css-yrmpv-1n7m0yu\">\n<div class=\"flex flex-col text-sm pb-9\">\n<div class=\"w-full text-token-text-primary\" dir=\"auto\" data-testid=\"conversation-turn-573\">\n<div class=\"px-4 py-2 justify-center text-base md:gap-6 m-auto\">\n<div class=\"flex flex-1 text-base mx-auto gap-3 juice:gap-4 juice:md:gap-6 md:px-5 lg:px-1 xl:px-5 md:max-w-3xl lg:max-w-[40rem] xl:max-w-[48rem] group final-completion\">\n<div class=\"relative flex w-full flex-col agent-turn\">\n<div class=\"flex-col gap-1 md:gap-3\">\n<div class=\"flex flex-grow flex-col max-w-full\">\n<div class=\"min-h-[20px] text-message flex flex-col items-start gap-3 whitespace-pre-wrap break-words [.text-message+&amp;]:mt-5 overflow-x-auto\" dir=\"auto\" data-message-author-role=\"assistant\" data-message-id=\"3d44bc19-35e6-4fe1-b33a-b804fa9d2e50\">\n<div class=\"markdown prose w-full break-words dark:prose-invert dark\">\n<p>Eleve os seus cozinhados com National Nihari Masala. Esta embalagem de 86 g cont\u00e9m uma mistura de especiarias cuidadosamente elaborada, meticulosamente selecionada para real\u00e7ar os sabores aut\u00eanticos dos pratos tradicionais Nihari. Quer esteja a preparar uma refei\u00e7\u00e3o saud\u00e1vel para a sua fam\u00edlia ou a organizar uma reuni\u00e3o festiva, o National Nihari Masala acrescenta profundidade e riqueza \u00e0s suas cria\u00e7\u00f5es culin\u00e1rias. Experimente o sabor da tradi\u00e7\u00e3o em cada colherada de Nihari feita com a mistura de masala de primeira qualidade da National. Dispon\u00edvel na Sultan Spices, com entregas em toda a Espanha e Portugal.<\/p>\n<\/div>\n<\/div>\n<\/div>\n<\/div>\n<\/div>\n<\/div>\n<\/div>\n<\/div>\n<\/div>\n<\/div>\n<\/div>\n<\/div>","protected":false},"excerpt":{"rendered":"<p>Eleve os seus cozinhados com National Nihari Masala. Esta embalagem de 86 g cont\u00e9m uma mistura de especiarias cuidadosamente elaborada, meticulosamente selecionada para real\u00e7ar os sabores aut\u00eanticos dos pratos tradicionais Nihari. Quer esteja a preparar uma refei\u00e7\u00e3o saud\u00e1vel para a sua fam\u00edlia ou a organizar uma reuni\u00e3o festiva, o National Nihari Masala acrescenta profundidade e riqueza \u00e0s suas cria\u00e7\u00f5es culin\u00e1rias. Experimente...<\/p>","protected":false},"featured_media":4460,"comment_status":"open","ping_status":"closed","template":"","meta":{"_kad_blocks_custom_css":"","_kad_blocks_head_custom_js":"","_kad_blocks_body_custom_js":"","_kad_blocks_footer_custom_js":"","_kadence_starter_templates_imported_post":false,"_kad_post_transparent":"default","_kad_post_title":"","_kad_post_layout":"default","_kad_post_sidebar_id":"","_kad_post_content_style":"default","_kad_post_vertical_padding":"default","_kad_post_feature":"","_kad_post_feature_position":"","_kad_post_header":false,"_kad_post_footer":false,"_kad_post_classname":""},"product_brand":[],"product_cat":[49],"product_tag":[],"class_list":{"0":"post-4296","1":"product","2":"type-product","3":"status-publish","4":"has-post-thumbnail","6":"product_cat-mix-spices-seasoning","8":"first","9":"instock","10":"shipping-taxable","11":"purchasable","12":"product-type-simple","13":"entry","14":"content-bg","15":"loop-entry"},"taxonomy_info":{"product_cat":[{"value":49,"label":"Mix Spices &amp; Seasoning"}]},"featured_image_src_large":["https:\/\/sultanspices.es\/wp-content\/uploads\/2024\/04\/ProductsPIX-28-1024x1024.png",1024,1024,true],"author_info":[],"comment_info":0,"jetpack_sharing_enabled":true,"_links":{"self":[{"href":"https:\/\/sultanspices.es\/pt\/wp-json\/wp\/v2\/product\/4296","targetHints":{"allow":["GET"]}}],"collection":[{"href":"https:\/\/sultanspices.es\/pt\/wp-json\/wp\/v2\/product"}],"about":[{"href":"https:\/\/sultanspices.es\/pt\/wp-json\/wp\/v2\/types\/product"}],"replies":[{"embeddable":true,"href":"https:\/\/sultanspices.es\/pt\/wp-json\/wp\/v2\/comments?post=4296"}],"wp:featuredmedia":[{"embeddable":true,"href":"https:\/\/sultanspices.es\/pt\/wp-json\/wp\/v2\/media\/4460"}],"wp:attachment":[{"href":"https:\/\/sultanspices.es\/pt\/wp-json\/wp\/v2\/media?parent=4296"}],"wp:term":[{"taxonomy":"product_brand","embeddable":true,"href":"https:\/\/sultanspices.es\/pt\/wp-json\/wp\/v2\/product_brand?post=4296"},{"taxonomy":"product_cat","embeddable":true,"href":"https:\/\/sultanspices.es\/pt\/wp-json\/wp\/v2\/product_cat?post=4296"},{"taxonomy":"product_tag","embeddable":true,"href":"https:\/\/sultanspices.es\/pt\/wp-json\/wp\/v2\/product_tag?post=4296"}],"curies":[{"name":"wp","href":"https:\/\/api.w.org\/{rel}","templated":true}]}}