{"id":4260,"date":"2024-04-13T09:33:36","date_gmt":"2024-04-13T07:33:36","guid":{"rendered":"https:\/\/sultanspices.es\/maggi-cube-chicken-tablt-10gr-ci\/"},"modified":"2026-03-25T18:06:55","modified_gmt":"2026-03-25T17:06:55","slug":"maggi-cube-chicken-tabelt-10gr-ci","status":"publish","type":"product","link":"https:\/\/sultanspices.es\/pt\/produto\/maggi-cubo-frango-tablt-10gr-ci\/","title":{"rendered":"MAGGI CUBO FRANGO PASTILHAS 10GR"},"content":{"rendered":"<div class=\"flex-1 overflow-hidden\">\n<div class=\"react-scroll-to-bottom--css-yrmpv-79elbk h-full\">\n<div class=\"react-scroll-to-bottom--css-yrmpv-1n7m0yu\">\n<div class=\"flex flex-col text-sm pb-9\">\n<div class=\"w-full text-token-text-primary\" dir=\"auto\" data-testid=\"conversation-turn-583\">\n<div class=\"px-4 py-2 justify-center text-base md:gap-6 m-auto\">\n<div class=\"flex flex-1 text-base mx-auto gap-3 juice:gap-4 juice:md:gap-6 md:px-5 lg:px-1 xl:px-5 md:max-w-3xl lg:max-w-[40rem] xl:max-w-[48rem] group final-completion\">\n<div class=\"relative flex w-full flex-col agent-turn\">\n<div class=\"flex-col gap-1 md:gap-3\">\n<div class=\"flex flex-grow flex-col max-w-full\">\n<div class=\"min-h-[20px] text-message flex flex-col items-start gap-3 whitespace-pre-wrap break-words [.text-message+&amp;]:mt-5 overflow-x-auto\" dir=\"auto\" data-message-author-role=\"assistant\" data-message-id=\"026172be-b834-4990-aff3-befa0b2dc2ac\">\n<div class=\"markdown prose w-full break-words dark:prose-invert dark\">\n<p>Realce o sabor dos seus pratos com Maggi Chicken Tablets. Cada pastilha de 10g est\u00e1 repleta de um rico sabor a frango, perfeito para adicionar profundidade e aroma \u00e0s suas sopas, guisados e molhos. Feitas com ingredientes de alta qualidade, as pastilhas Maggi Chicken s\u00e3o uma op\u00e7\u00e3o de tempero conveniente e vers\u00e1til para cozinheiros dom\u00e9sticos e chefes profissionais. Eleve as suas cria\u00e7\u00f5es culin\u00e1rias com o sabor salgado de Maggi Chicken Tablets. Dispon\u00edvel na Sultan Spices, com entregas em toda a Espanha e Portugal.<\/p>\n<\/div>\n<\/div>\n<\/div>\n<\/div>\n<\/div>\n<\/div>\n<\/div>\n<\/div>\n<\/div>\n<\/div>\n<\/div>\n<\/div>","protected":false},"excerpt":{"rendered":"<p>Realce o sabor dos seus pratos com Maggi Chicken Tablets. Cada pastilha de 10g est\u00e1 repleta de um rico sabor a frango, perfeito para adicionar profundidade e aroma \u00e0s suas sopas, guisados e molhos. Feitas com ingredientes de alta qualidade, as pastilhas Maggi Chicken s\u00e3o uma op\u00e7\u00e3o de tempero conveniente e vers\u00e1til para cozinheiros dom\u00e9sticos e chefes profissionais. Eleve o seu n\u00edvel culin\u00e1rio...<\/p>","protected":false},"featured_media":4469,"comment_status":"open","ping_status":"closed","template":"","meta":{"_kad_blocks_custom_css":"","_kad_blocks_head_custom_js":"","_kad_blocks_body_custom_js":"","_kad_blocks_footer_custom_js":"","_kadence_starter_templates_imported_post":false,"_kad_post_transparent":"default","_kad_post_title":"","_kad_post_layout":"default","_kad_post_sidebar_id":"","_kad_post_content_style":"default","_kad_post_vertical_padding":"default","_kad_post_feature":"","_kad_post_feature_position":"","_kad_post_header":false,"_kad_post_footer":false,"_kad_post_classname":""},"product_brand":[],"product_cat":[55,47],"product_tag":[],"class_list":{"0":"post-4260","1":"product","2":"type-product","3":"status-publish","4":"has-post-thumbnail","6":"product_cat-pastes","7":"product_cat-lentils","9":"first","10":"instock","11":"shipping-taxable","12":"purchasable","13":"product-type-simple","14":"entry","15":"content-bg","16":"loop-entry"},"taxonomy_info":{"product_cat":[{"value":55,"label":"Pastes, Pickles &amp; Sauces"},{"value":47,"label":"Lentils"}]},"featured_image_src_large":["https:\/\/sultanspices.es\/wp-content\/uploads\/2024\/04\/ProductsPIX-33-1024x1024.png",1024,1024,true],"author_info":[],"comment_info":0,"jetpack_sharing_enabled":true,"_links":{"self":[{"href":"https:\/\/sultanspices.es\/pt\/wp-json\/wp\/v2\/product\/4260","targetHints":{"allow":["GET"]}}],"collection":[{"href":"https:\/\/sultanspices.es\/pt\/wp-json\/wp\/v2\/product"}],"about":[{"href":"https:\/\/sultanspices.es\/pt\/wp-json\/wp\/v2\/types\/product"}],"replies":[{"embeddable":true,"href":"https:\/\/sultanspices.es\/pt\/wp-json\/wp\/v2\/comments?post=4260"}],"wp:featuredmedia":[{"embeddable":true,"href":"https:\/\/sultanspices.es\/pt\/wp-json\/wp\/v2\/media\/4469"}],"wp:attachment":[{"href":"https:\/\/sultanspices.es\/pt\/wp-json\/wp\/v2\/media?parent=4260"}],"wp:term":[{"taxonomy":"product_brand","embeddable":true,"href":"https:\/\/sultanspices.es\/pt\/wp-json\/wp\/v2\/product_brand?post=4260"},{"taxonomy":"product_cat","embeddable":true,"href":"https:\/\/sultanspices.es\/pt\/wp-json\/wp\/v2\/product_cat?post=4260"},{"taxonomy":"product_tag","embeddable":true,"href":"https:\/\/sultanspices.es\/pt\/wp-json\/wp\/v2\/product_tag?post=4260"}],"curies":[{"name":"wp","href":"https:\/\/api.w.org\/{rel}","templated":true}]}}