{"id":4246,"date":"2024-04-13T09:33:31","date_gmt":"2024-04-13T07:33:31","guid":{"rendered":"https:\/\/sultanspices.es\/heer-long-grain-basmati-rice-1-kg\/"},"modified":"2026-02-23T12:40:47","modified_gmt":"2026-02-23T11:40:47","slug":"heer-long-grain-basmati-rice-1-kg","status":"publish","type":"product","link":"https:\/\/sultanspices.es\/pt\/produto\/heer-long-grain-basmati-rice-1-kg\/","title":{"rendered":"ARROZ BASMATI DE GR\u00c3O LONGO HEER 1 KG"},"content":{"rendered":"<div class=\"flex-1 overflow-hidden\">\n<div class=\"react-scroll-to-bottom--css-yrmpv-79elbk h-full\">\n<div class=\"react-scroll-to-bottom--css-yrmpv-1n7m0yu\">\n<div class=\"flex flex-col text-sm pb-9\">\n<div class=\"w-full text-token-text-primary\" dir=\"auto\" data-testid=\"conversation-turn-587\">\n<div class=\"px-4 py-2 justify-center text-base md:gap-6 m-auto\">\n<div class=\"flex flex-1 text-base mx-auto gap-3 juice:gap-4 juice:md:gap-6 md:px-5 lg:px-1 xl:px-5 md:max-w-3xl lg:max-w-[40rem] xl:max-w-[48rem] group final-completion\">\n<div class=\"relative flex w-full flex-col agent-turn\">\n<div class=\"flex-col gap-1 md:gap-3\">\n<div class=\"flex flex-grow flex-col max-w-full\">\n<div class=\"min-h-[20px] text-message flex flex-col items-start gap-3 whitespace-pre-wrap break-words [.text-message+&amp;]:mt-5 overflow-x-auto\" dir=\"auto\" data-message-author-role=\"assistant\" data-message-id=\"28244802-c429-41df-9c83-46837a4b558c\">\n<div class=\"markdown prose w-full break-words dark:prose-invert dark\">\n<p>Delicie-se com o prazer arom\u00e1tico do arroz basmati de gr\u00e3o longo Heer. Esta embalagem de 1 kg oferece o arroz basmati da melhor qualidade, conhecido pelos seus gr\u00e3os longos e finos e pela sua fragr\u00e2ncia requintada. Ideal para biryanis, pilafs e outros pratos \u00e0 base de arroz, o Heer Basmati Rice promete uma experi\u00eancia culin\u00e1ria como nenhuma outra. Proveniente dos melhores campos e cuidadosamente processado para garantir a sua pureza e frescura, o arroz Heer Basmati \u00e9 a escolha perfeita para os chefes de cozinha e entusiastas da gastronomia mais exigentes. Eleve as suas refei\u00e7\u00f5es com o sabor e a textura superiores do Heer Long Grain Basmati Rice, dispon\u00edvel na Sultan Spices, com entregas em toda a Espanha e Portugal.<\/p>\n<\/div>\n<\/div>\n<\/div>\n<\/div>\n<\/div>\n<\/div>\n<\/div>\n<\/div>\n<\/div>\n<\/div>\n<\/div>\n<\/div>","protected":false},"excerpt":{"rendered":"<p>Delicie-se com o prazer arom\u00e1tico do arroz basmati de gr\u00e3o longo Heer. Esta embalagem de 1 kg oferece o arroz basmati da melhor qualidade, conhecido pelos seus gr\u00e3os longos e finos e pela sua fragr\u00e2ncia requintada. Ideal para biryanis, pilafs e outros pratos \u00e0 base de arroz, o Heer Basmati Rice promete uma experi\u00eancia culin\u00e1ria como nenhuma outra. Proveniente dos melhores campos e cuidadosamente processado...<\/p>","protected":false},"featured_media":4473,"comment_status":"open","ping_status":"closed","template":"","meta":{"_kad_blocks_custom_css":"","_kad_blocks_head_custom_js":"","_kad_blocks_body_custom_js":"","_kad_blocks_footer_custom_js":"","_kadence_starter_templates_imported_post":false,"_kad_post_transparent":"default","_kad_post_title":"","_kad_post_layout":"default","_kad_post_sidebar_id":"","_kad_post_content_style":"default","_kad_post_vertical_padding":"default","_kad_post_feature":"","_kad_post_feature_position":"","_kad_post_header":false,"_kad_post_footer":false,"_kad_post_classname":""},"product_brand":[],"product_cat":[53],"product_tag":[],"class_list":{"0":"post-4246","1":"product","2":"type-product","3":"status-publish","4":"has-post-thumbnail","6":"product_cat-rice","8":"first","9":"outofstock","10":"shipping-taxable","11":"purchasable","12":"product-type-simple","13":"entry","14":"content-bg","15":"loop-entry"},"taxonomy_info":{"product_cat":[{"value":53,"label":"Rice"}]},"featured_image_src_large":["https:\/\/sultanspices.es\/wp-content\/uploads\/2024\/04\/ProductsPIX-35-1024x1024.png",1024,1024,true],"author_info":[],"comment_info":0,"jetpack_sharing_enabled":true,"_links":{"self":[{"href":"https:\/\/sultanspices.es\/pt\/wp-json\/wp\/v2\/product\/4246","targetHints":{"allow":["GET"]}}],"collection":[{"href":"https:\/\/sultanspices.es\/pt\/wp-json\/wp\/v2\/product"}],"about":[{"href":"https:\/\/sultanspices.es\/pt\/wp-json\/wp\/v2\/types\/product"}],"replies":[{"embeddable":true,"href":"https:\/\/sultanspices.es\/pt\/wp-json\/wp\/v2\/comments?post=4246"}],"wp:featuredmedia":[{"embeddable":true,"href":"https:\/\/sultanspices.es\/pt\/wp-json\/wp\/v2\/media\/4473"}],"wp:attachment":[{"href":"https:\/\/sultanspices.es\/pt\/wp-json\/wp\/v2\/media?parent=4246"}],"wp:term":[{"taxonomy":"product_brand","embeddable":true,"href":"https:\/\/sultanspices.es\/pt\/wp-json\/wp\/v2\/product_brand?post=4246"},{"taxonomy":"product_cat","embeddable":true,"href":"https:\/\/sultanspices.es\/pt\/wp-json\/wp\/v2\/product_cat?post=4246"},{"taxonomy":"product_tag","embeddable":true,"href":"https:\/\/sultanspices.es\/pt\/wp-json\/wp\/v2\/product_tag?post=4246"}],"curies":[{"name":"wp","href":"https:\/\/api.w.org\/{rel}","templated":true}]}}