{"id":4230,"date":"2024-04-13T09:33:26","date_gmt":"2024-04-13T07:33:26","guid":{"rendered":"https:\/\/sultanspices.es\/food-colour-ali-baba-yellow-500g\/"},"modified":"2026-04-07T03:46:41","modified_gmt":"2026-04-07T01:46:41","slug":"food-colour-ali-baba-yellow-500g","status":"publish","type":"product","link":"https:\/\/sultanspices.es\/pt\/produto\/cor-alimentar-ali-baba-amarelo-500g\/","title":{"rendered":"CORANTE ALIMENTAR ALI BABA AMARELO 500G"},"content":{"rendered":"<div class=\"flex-1 overflow-hidden\">\n<div class=\"react-scroll-to-bottom--css-yrmpv-79elbk h-full\">\n<div class=\"react-scroll-to-bottom--css-yrmpv-1n7m0yu\">\n<div class=\"flex flex-col text-sm pb-9\">\n<div class=\"w-full text-token-text-primary\" dir=\"auto\" data-testid=\"conversation-turn-593\">\n<div class=\"px-4 py-2 justify-center text-base md:gap-6 m-auto\">\n<div class=\"flex flex-1 text-base mx-auto gap-3 juice:gap-4 juice:md:gap-6 md:px-5 lg:px-1 xl:px-5 md:max-w-3xl lg:max-w-[40rem] xl:max-w-[48rem] group final-completion\">\n<div class=\"relative flex w-full flex-col agent-turn\">\n<div class=\"flex-col gap-1 md:gap-3\">\n<div class=\"flex flex-grow flex-col max-w-full\">\n<div class=\"min-h-[20px] text-message flex flex-col items-start gap-3 whitespace-pre-wrap break-words [.text-message+&amp;]:mt-5 overflow-x-auto\" dir=\"auto\" data-message-author-role=\"assistant\" data-message-id=\"da24aa3c-3123-4825-b45b-4223ebf7f3be\">\n<div class=\"markdown prose w-full break-words dark:prose-invert dark\">\n<p>Adicione tons vibrantes \u00e0s suas cria\u00e7\u00f5es culin\u00e1rias com o corante alimentar amarelo Ali Baba's. Esta embalagem de 500 g proporciona uma cor amarela brilhante e rica, perfeita para melhorar o aspeto visual dos seus pratos. Quer esteja a fazer bolos, a decorar sobremesas ou a preparar guloseimas festivas, o corante alimentar Ali Baba's garante resultados v\u00edvidos e consistentes. Fabricado com ingredientes de alta qualidade, este corante alimentar \u00e9 f\u00e1cil de utilizar e misturar, permitindo-lhe personalizar a tonalidade de acordo com a sua prefer\u00eancia. Eleve o n\u00edvel dos seus cozinhados e da sua pastelaria com o corante alimentar amarelo Ali Baba's, dispon\u00edvel na Sultan Spices, com entregas em toda a Espanha e Portugal.<\/p>\n<\/div>\n<\/div>\n<\/div>\n<\/div>\n<\/div>\n<\/div>\n<\/div>\n<\/div>\n<\/div>\n<\/div>\n<\/div>\n<\/div>","protected":false},"excerpt":{"rendered":"<p>Adicione tons vibrantes \u00e0s suas cria\u00e7\u00f5es culin\u00e1rias com o corante alimentar amarelo Ali Baba's. Esta embalagem de 500 g proporciona uma cor amarela brilhante e rica, perfeita para melhorar o aspeto visual dos seus pratos. Quer esteja a fazer bolos, a decorar sobremesas ou a preparar guloseimas festivas, o corante alimentar Ali Baba's garante resultados vivos e consistentes. Feito com ingredientes de alta qualidade,...<\/p>","protected":false},"featured_media":4477,"comment_status":"open","ping_status":"closed","template":"","meta":{"_kad_blocks_custom_css":"","_kad_blocks_head_custom_js":"","_kad_blocks_body_custom_js":"","_kad_blocks_footer_custom_js":"","_kadence_starter_templates_imported_post":false,"_kad_post_transparent":"default","_kad_post_title":"","_kad_post_layout":"default","_kad_post_sidebar_id":"","_kad_post_content_style":"default","_kad_post_vertical_padding":"default","_kad_post_feature":"","_kad_post_feature_position":"","_kad_post_header":false,"_kad_post_footer":false,"_kad_post_classname":""},"product_brand":[],"product_cat":[63],"product_tag":[],"class_list":{"0":"post-4230","1":"product","2":"type-product","3":"status-publish","4":"has-post-thumbnail","6":"product_cat-food-colors","8":"first","9":"instock","10":"shipping-taxable","11":"purchasable","12":"product-type-simple","13":"entry","14":"content-bg","15":"loop-entry"},"taxonomy_info":{"product_cat":[{"value":63,"label":"Food Colors"}]},"featured_image_src_large":["https:\/\/sultanspices.es\/wp-content\/uploads\/2024\/04\/ProductsPIX-38-1024x1024.png",1024,1024,true],"author_info":[],"comment_info":0,"jetpack_sharing_enabled":true,"_links":{"self":[{"href":"https:\/\/sultanspices.es\/pt\/wp-json\/wp\/v2\/product\/4230","targetHints":{"allow":["GET"]}}],"collection":[{"href":"https:\/\/sultanspices.es\/pt\/wp-json\/wp\/v2\/product"}],"about":[{"href":"https:\/\/sultanspices.es\/pt\/wp-json\/wp\/v2\/types\/product"}],"replies":[{"embeddable":true,"href":"https:\/\/sultanspices.es\/pt\/wp-json\/wp\/v2\/comments?post=4230"}],"wp:featuredmedia":[{"embeddable":true,"href":"https:\/\/sultanspices.es\/pt\/wp-json\/wp\/v2\/media\/4477"}],"wp:attachment":[{"href":"https:\/\/sultanspices.es\/pt\/wp-json\/wp\/v2\/media?parent=4230"}],"wp:term":[{"taxonomy":"product_brand","embeddable":true,"href":"https:\/\/sultanspices.es\/pt\/wp-json\/wp\/v2\/product_brand?post=4230"},{"taxonomy":"product_cat","embeddable":true,"href":"https:\/\/sultanspices.es\/pt\/wp-json\/wp\/v2\/product_cat?post=4230"},{"taxonomy":"product_tag","embeddable":true,"href":"https:\/\/sultanspices.es\/pt\/wp-json\/wp\/v2\/product_tag?post=4230"}],"curies":[{"name":"wp","href":"https:\/\/api.w.org\/{rel}","templated":true}]}}