{"id":4222,"date":"2024-04-13T09:33:23","date_gmt":"2024-04-13T07:33:23","guid":{"rendered":"https:\/\/sultanspices.es\/farina-chapati-ali-baba-20kg-ita\/"},"modified":"2024-08-24T17:52:05","modified_gmt":"2024-08-24T15:52:05","slug":"aata-chapati-ali-baba-20kg-ita","status":"publish","type":"product","link":"https:\/\/sultanspices.es\/pt\/produto\/aata-chapati-ali-baba-20kg-ita\/","title":{"rendered":"AATA CHAPATI ALI BABA 20KG ITA"},"content":{"rendered":"<div class=\"flex-1 overflow-hidden\">\n<div class=\"react-scroll-to-bottom--css-yrmpv-79elbk h-full\">\n<div class=\"react-scroll-to-bottom--css-yrmpv-1n7m0yu\">\n<div class=\"flex flex-col text-sm pb-9\">\n<div class=\"w-full text-token-text-primary\" dir=\"auto\" data-testid=\"conversation-turn-601\">\n<div class=\"px-4 py-2 justify-center text-base md:gap-6 m-auto\">\n<div class=\"flex flex-1 text-base mx-auto gap-3 juice:gap-4 juice:md:gap-6 md:px-5 lg:px-1 xl:px-5 md:max-w-3xl lg:max-w-[40rem] xl:max-w-[48rem] group final-completion\">\n<div class=\"relative flex w-full flex-col agent-turn\">\n<div class=\"flex-col gap-1 md:gap-3\">\n<div class=\"flex flex-grow flex-col max-w-full\">\n<div class=\"min-h-[20px] text-message flex flex-col items-start gap-3 whitespace-pre-wrap break-words [.text-message+&amp;]:mt-5 overflow-x-auto\" dir=\"auto\" data-message-author-role=\"assistant\" data-message-id=\"77fd1108-9b81-4195-b826-839ec615ea82\">\n<div class=\"markdown prose w-full break-words dark:prose-invert dark\">\n<p>Crie chapatis aut\u00eanticos e deliciosos com a Farina Chapati do Ali Baba. Este pacote de 20 kg oferece farinha de trigo integral de qualidade superior, finamente mo\u00edda at\u00e9 \u00e0 perfei\u00e7\u00e3o para chapatis macios e saborosos. Feita a partir de gr\u00e3os de trigo colhidos \u00e0 m\u00e3o, a Farina Chapati do Ali Baba mant\u00e9m a bondade natural do trigo, tornando-a a escolha ideal para os tradicionais p\u00e3es achatados indianos. Quer esteja a fazer chapatis, parathas ou puris, o Ali Baba's Farina Chapati garante uma textura e um sabor consistentes em cada dentada. Eleve as suas refei\u00e7\u00f5es com a bondade saud\u00e1vel do Ali Baba's Farina Chapati, dispon\u00edvel na Sultan Spices, com entregas em toda a Espanha e Portugal.<\/p>\n<\/div>\n<\/div>\n<\/div>\n<\/div>\n<\/div>\n<\/div>\n<\/div>\n<\/div>\n<\/div>\n<\/div>\n<\/div>\n<\/div>","protected":false},"excerpt":{"rendered":"<p>Crie chapatis aut\u00eanticos e deliciosos com a Farina Chapati do Ali Baba. Este pacote de 20 kg oferece farinha de trigo integral de qualidade superior, finamente mo\u00edda at\u00e9 \u00e0 perfei\u00e7\u00e3o para chapatis macios e saborosos. Feita a partir de gr\u00e3os de trigo colhidos \u00e0 m\u00e3o, a Farina Chapati do Ali Baba mant\u00e9m a bondade natural do trigo, tornando-a a escolha ideal para os tradicionais p\u00e3es achatados indianos. Quer esteja a fazer chapatis,...<\/p>","protected":false},"featured_media":4483,"comment_status":"open","ping_status":"closed","template":"","meta":{"_kad_blocks_custom_css":"","_kad_blocks_head_custom_js":"","_kad_blocks_body_custom_js":"","_kad_blocks_footer_custom_js":"","_kadence_starter_templates_imported_post":false,"_kad_post_transparent":"default","_kad_post_title":"","_kad_post_layout":"default","_kad_post_sidebar_id":"","_kad_post_content_style":"default","_kad_post_vertical_padding":"default","_kad_post_feature":"","_kad_post_feature_position":"","_kad_post_header":false,"_kad_post_footer":false,"_kad_post_classname":""},"product_brand":[],"product_cat":[52],"product_tag":[],"class_list":{"0":"post-4222","1":"product","2":"type-product","3":"status-publish","4":"has-post-thumbnail","6":"product_cat-flour","8":"first","9":"outofstock","10":"shipping-taxable","11":"purchasable","12":"product-type-simple","13":"entry","14":"content-bg","15":"loop-entry"},"taxonomy_info":{"product_cat":[{"value":52,"label":"Flour"}]},"featured_image_src_large":["https:\/\/sultanspices.es\/wp-content\/uploads\/2024\/04\/ProductsPIX-42-1024x1024.png",1024,1024,true],"author_info":[],"comment_info":0,"jetpack_sharing_enabled":true,"_links":{"self":[{"href":"https:\/\/sultanspices.es\/pt\/wp-json\/wp\/v2\/product\/4222","targetHints":{"allow":["GET"]}}],"collection":[{"href":"https:\/\/sultanspices.es\/pt\/wp-json\/wp\/v2\/product"}],"about":[{"href":"https:\/\/sultanspices.es\/pt\/wp-json\/wp\/v2\/types\/product"}],"replies":[{"embeddable":true,"href":"https:\/\/sultanspices.es\/pt\/wp-json\/wp\/v2\/comments?post=4222"}],"wp:featuredmedia":[{"embeddable":true,"href":"https:\/\/sultanspices.es\/pt\/wp-json\/wp\/v2\/media\/4483"}],"wp:attachment":[{"href":"https:\/\/sultanspices.es\/pt\/wp-json\/wp\/v2\/media?parent=4222"}],"wp:term":[{"taxonomy":"product_brand","embeddable":true,"href":"https:\/\/sultanspices.es\/pt\/wp-json\/wp\/v2\/product_brand?post=4222"},{"taxonomy":"product_cat","embeddable":true,"href":"https:\/\/sultanspices.es\/pt\/wp-json\/wp\/v2\/product_cat?post=4222"},{"taxonomy":"product_tag","embeddable":true,"href":"https:\/\/sultanspices.es\/pt\/wp-json\/wp\/v2\/product_tag?post=4222"}],"curies":[{"name":"wp","href":"https:\/\/api.w.org\/{rel}","templated":true}]}}