{"id":4213,"date":"2024-04-13T09:33:18","date_gmt":"2024-04-13T07:33:18","guid":{"rendered":"https:\/\/sultanspices.es\/datteri-medjoul-palestina-1kg-large\/"},"modified":"2026-03-21T21:06:41","modified_gmt":"2026-03-21T20:06:41","slug":"dates-medjoul-palestine-1kg-large","status":"publish","type":"product","link":"https:\/\/sultanspices.es\/pt\/produto\/tamaras-medjoul-palestina-1kg-grande\/","title":{"rendered":"DATTERI MEDJOUL PALESTINA 1KG GRANDE"},"content":{"rendered":"<div class=\"flex-1 overflow-hidden\">\n<div class=\"react-scroll-to-bottom--css-yrmpv-79elbk h-full\">\n<div class=\"react-scroll-to-bottom--css-yrmpv-1n7m0yu\">\n<div class=\"flex flex-col text-sm pb-9\">\n<div class=\"w-full text-token-text-primary\" dir=\"auto\" data-testid=\"conversation-turn-605\">\n<div class=\"px-4 py-2 justify-center text-base md:gap-6 m-auto\">\n<div class=\"flex flex-1 text-base mx-auto gap-3 juice:gap-4 juice:md:gap-6 md:px-5 lg:px-1 xl:px-5 md:max-w-3xl lg:max-w-[40rem] xl:max-w-[48rem] group final-completion\">\n<div class=\"relative flex w-full flex-col agent-turn\">\n<div class=\"flex-col gap-1 md:gap-3\">\n<div class=\"flex flex-grow flex-col max-w-full\">\n<div class=\"min-h-[20px] text-message flex flex-col items-start gap-3 whitespace-pre-wrap break-words [.text-message+&amp;]:mt-5 overflow-x-auto\" dir=\"auto\" data-message-author-role=\"assistant\" data-message-id=\"8f001af1-d771-4414-adc6-c6b085d06b77\">\n<div class=\"markdown prose w-full break-words dark:prose-invert dark\">\n<p>Saboreie o requintado sabor das t\u00e2maras Medjoul de tamanho grande da Palestina, apresentadas numa embalagem de 1 kg. Escolhidas a dedo pela sua qualidade e tamanho excepcionais, estas t\u00e2maras s\u00e3o famosas pela sua do\u00e7ura rica e textura macia e mastig\u00e1vel. Repletas de qualidades naturais, as t\u00e2maras Medjoul s\u00e3o uma escolha nutritiva para petiscar e uma adi\u00e7\u00e3o deliciosa a sobremesas e produtos de pastelaria. Experimente o sabor aut\u00eantico das melhores t\u00e2maras da Palestina, dispon\u00edveis na Sultan Spices para entrega em Espanha e Portugal.<\/p>\n<\/div>\n<\/div>\n<\/div>\n<\/div>\n<\/div>\n<\/div>\n<\/div>\n<\/div>\n<\/div>\n<\/div>\n<\/div>\n<\/div>","protected":false},"excerpt":{"rendered":"<p>Saboreie o requintado sabor das t\u00e2maras Medjoul de tamanho grande da Palestina, apresentadas numa embalagem de 1 kg. Escolhidas a dedo pela sua qualidade e tamanho excepcionais, estas t\u00e2maras s\u00e3o famosas pela sua do\u00e7ura rica e textura macia e mastig\u00e1vel. Repletas de benef\u00edcios naturais, as t\u00e2maras Medjoul s\u00e3o uma escolha nutritiva para um snack e uma adi\u00e7\u00e3o deliciosa a sobremesas e produtos de pastelaria. Experimente...<\/p>","protected":false},"featured_media":4598,"comment_status":"open","ping_status":"closed","template":"","meta":{"_kad_blocks_custom_css":"","_kad_blocks_head_custom_js":"","_kad_blocks_body_custom_js":"","_kad_blocks_footer_custom_js":"","_kadence_starter_templates_imported_post":false,"_kad_post_transparent":"default","_kad_post_title":"","_kad_post_layout":"default","_kad_post_sidebar_id":"","_kad_post_content_style":"default","_kad_post_vertical_padding":"default","_kad_post_feature":"","_kad_post_feature_position":"","_kad_post_header":false,"_kad_post_footer":false,"_kad_post_classname":""},"product_brand":[],"product_cat":[60],"product_tag":[],"class_list":{"0":"post-4213","1":"product","2":"type-product","3":"status-publish","4":"has-post-thumbnail","6":"product_cat-dry-fruits","8":"first","9":"outofstock","10":"shipping-taxable","11":"purchasable","12":"product-type-simple","13":"entry","14":"content-bg","15":"loop-entry"},"taxonomy_info":{"product_cat":[{"value":60,"label":"Dry Fruits"}]},"featured_image_src_large":["https:\/\/sultanspices.es\/wp-content\/uploads\/2024\/04\/ProductsPIX-2024-04-14T150543.086-1024x1024.png",1024,1024,true],"author_info":[],"comment_info":0,"jetpack_sharing_enabled":true,"_links":{"self":[{"href":"https:\/\/sultanspices.es\/pt\/wp-json\/wp\/v2\/product\/4213","targetHints":{"allow":["GET"]}}],"collection":[{"href":"https:\/\/sultanspices.es\/pt\/wp-json\/wp\/v2\/product"}],"about":[{"href":"https:\/\/sultanspices.es\/pt\/wp-json\/wp\/v2\/types\/product"}],"replies":[{"embeddable":true,"href":"https:\/\/sultanspices.es\/pt\/wp-json\/wp\/v2\/comments?post=4213"}],"wp:featuredmedia":[{"embeddable":true,"href":"https:\/\/sultanspices.es\/pt\/wp-json\/wp\/v2\/media\/4598"}],"wp:attachment":[{"href":"https:\/\/sultanspices.es\/pt\/wp-json\/wp\/v2\/media?parent=4213"}],"wp:term":[{"taxonomy":"product_brand","embeddable":true,"href":"https:\/\/sultanspices.es\/pt\/wp-json\/wp\/v2\/product_brand?post=4213"},{"taxonomy":"product_cat","embeddable":true,"href":"https:\/\/sultanspices.es\/pt\/wp-json\/wp\/v2\/product_cat?post=4213"},{"taxonomy":"product_tag","embeddable":true,"href":"https:\/\/sultanspices.es\/pt\/wp-json\/wp\/v2\/product_tag?post=4213"}],"curies":[{"name":"wp","href":"https:\/\/api.w.org\/{rel}","templated":true}]}}