{"id":4207,"date":"2024-04-13T09:33:15","date_gmt":"2024-04-13T07:33:15","guid":{"rendered":"https:\/\/sultanspices.es\/curry-pwd-mild-trs-400g\/"},"modified":"2026-04-15T10:32:46","modified_gmt":"2026-04-15T08:32:46","slug":"curry-pwd-mild-trs-400g","status":"publish","type":"product","link":"https:\/\/sultanspices.es\/pt\/produto\/curry-pwd-mild-trs-400g\/","title":{"rendered":"CARIL PWD SUAVE TRS 400G"},"content":{"rendered":"<div class=\"flex-1 overflow-hidden\">\n<div class=\"react-scroll-to-bottom--css-pgcpd-79elbk h-full\">\n<div class=\"react-scroll-to-bottom--css-pgcpd-1n7m0yu\">\n<div class=\"flex flex-col text-sm pb-9\">\n<div class=\"w-full text-token-text-primary\" dir=\"auto\" data-testid=\"conversation-turn-613\">\n<div class=\"px-4 py-2 justify-center text-base md:gap-6 m-auto\">\n<div class=\"flex flex-1 text-base mx-auto gap-3 juice:gap-4 juice:md:gap-6 md:px-5 lg:px-1 xl:px-5 md:max-w-3xl lg:max-w-[40rem] xl:max-w-[48rem] group final-completion\">\n<div class=\"relative flex w-full flex-col agent-turn\">\n<div class=\"flex-col gap-1 md:gap-3\">\n<div class=\"flex flex-grow flex-col max-w-full\">\n<div class=\"min-h-[20px] text-message flex flex-col items-start gap-3 whitespace-pre-wrap break-words [.text-message+&amp;]:mt-5 overflow-x-auto\" dir=\"auto\" data-message-author-role=\"assistant\" data-message-id=\"155462e7-8a6e-404a-b883-ee24046e9edc\">\n<div class=\"markdown prose w-full break-words dark:prose-invert dark\">\n<p>Melhore as suas cria\u00e7\u00f5es culin\u00e1rias com o p\u00f3 de caril suave TRS, uma mistura de especiarias arom\u00e1ticas que acrescenta profundidade e sabor aos seus pratos. Ideal para quem prefere um n\u00edvel de especiarias mais suave, este p\u00f3 de caril \u00e9 vers\u00e1til e perfeito para uma vasta gama de receitas, desde caril a marinadas e muito mais. Eleve os seus cozinhados com o Caril em P\u00f3 TRS Mild, dispon\u00edvel na Sultan Spices para entrega em toda a Espanha e Portugal.<\/p>\n<\/div>\n<\/div>\n<\/div>\n<\/div>\n<\/div>\n<\/div>\n<\/div>\n<\/div>\n<\/div>\n<\/div>\n<\/div>\n<\/div>","protected":false},"excerpt":{"rendered":"<p>Melhore as suas cria\u00e7\u00f5es culin\u00e1rias com o p\u00f3 de caril suave TRS, uma mistura de especiarias arom\u00e1ticas que acrescenta profundidade e sabor aos seus pratos. Ideal para quem prefere um n\u00edvel de especiarias mais suave, este p\u00f3 de caril \u00e9 vers\u00e1til e perfeito para uma vasta gama de receitas, desde caris a marinadas e muito mais. Melhore os seus cozinhados com TRS...<\/p>","protected":false},"featured_media":4492,"comment_status":"open","ping_status":"closed","template":"","meta":{"_kad_blocks_custom_css":"","_kad_blocks_head_custom_js":"","_kad_blocks_body_custom_js":"","_kad_blocks_footer_custom_js":"","_kadence_starter_templates_imported_post":false,"_kad_post_transparent":"default","_kad_post_title":"","_kad_post_layout":"default","_kad_post_sidebar_id":"","_kad_post_content_style":"default","_kad_post_vertical_padding":"default","_kad_post_feature":"","_kad_post_feature_position":"","_kad_post_header":false,"_kad_post_footer":false,"_kad_post_classname":""},"product_brand":[],"product_cat":[50],"product_tag":[],"class_list":{"0":"post-4207","1":"product","2":"type-product","3":"status-publish","4":"has-post-thumbnail","6":"product_cat-spices","8":"first","9":"instock","10":"shipping-taxable","11":"purchasable","12":"product-type-simple","13":"entry","14":"content-bg","15":"loop-entry"},"taxonomy_info":{"product_cat":[{"value":50,"label":"Spices"}]},"featured_image_src_large":["https:\/\/sultanspices.es\/wp-content\/uploads\/2024\/04\/ProductsPIX-48-1024x1024.png",1024,1024,true],"author_info":[],"comment_info":0,"jetpack_sharing_enabled":true,"_links":{"self":[{"href":"https:\/\/sultanspices.es\/pt\/wp-json\/wp\/v2\/product\/4207","targetHints":{"allow":["GET"]}}],"collection":[{"href":"https:\/\/sultanspices.es\/pt\/wp-json\/wp\/v2\/product"}],"about":[{"href":"https:\/\/sultanspices.es\/pt\/wp-json\/wp\/v2\/types\/product"}],"replies":[{"embeddable":true,"href":"https:\/\/sultanspices.es\/pt\/wp-json\/wp\/v2\/comments?post=4207"}],"wp:featuredmedia":[{"embeddable":true,"href":"https:\/\/sultanspices.es\/pt\/wp-json\/wp\/v2\/media\/4492"}],"wp:attachment":[{"href":"https:\/\/sultanspices.es\/pt\/wp-json\/wp\/v2\/media?parent=4207"}],"wp:term":[{"taxonomy":"product_brand","embeddable":true,"href":"https:\/\/sultanspices.es\/pt\/wp-json\/wp\/v2\/product_brand?post=4207"},{"taxonomy":"product_cat","embeddable":true,"href":"https:\/\/sultanspices.es\/pt\/wp-json\/wp\/v2\/product_cat?post=4207"},{"taxonomy":"product_tag","embeddable":true,"href":"https:\/\/sultanspices.es\/pt\/wp-json\/wp\/v2\/product_tag?post=4207"}],"curies":[{"name":"wp","href":"https:\/\/api.w.org\/{rel}","templated":true}]}}