{"id":4188,"date":"2024-04-13T09:33:06","date_gmt":"2024-04-13T07:33:06","guid":{"rendered":"https:\/\/sultanspices.es\/chana-roasted-ali-baba-250g\/"},"modified":"2026-02-23T12:40:36","modified_gmt":"2026-02-23T11:40:36","slug":"chana-roasted-ali-baba-250g","status":"publish","type":"product","link":"https:\/\/sultanspices.es\/pt\/produto\/chana-roasted-ali-baba-250g\/","title":{"rendered":"CHANA ASSADA ALI BABA 250G"},"content":{"rendered":"<div class=\"flex-1 overflow-hidden\">\n<div class=\"react-scroll-to-bottom--css-pgcpd-79elbk h-full\">\n<div class=\"react-scroll-to-bottom--css-pgcpd-1n7m0yu\">\n<div class=\"flex flex-col text-sm pb-9\">\n<div class=\"w-full text-token-text-primary\" dir=\"auto\" data-testid=\"conversation-turn-625\">\n<div class=\"px-4 py-2 justify-center text-base md:gap-6 m-auto\">\n<div class=\"flex flex-1 text-base mx-auto gap-3 juice:gap-4 juice:md:gap-6 md:px-5 lg:px-1 xl:px-5 md:max-w-3xl lg:max-w-[40rem] xl:max-w-[48rem] group final-completion\">\n<div class=\"relative flex w-full flex-col agent-turn\">\n<div class=\"flex-col gap-1 md:gap-3\">\n<div class=\"flex flex-grow flex-col max-w-full\">\n<div class=\"min-h-[20px] text-message flex flex-col items-start gap-3 whitespace-pre-wrap break-words [.text-message+&amp;]:mt-5 overflow-x-auto\" dir=\"auto\" data-message-author-role=\"assistant\" data-message-id=\"62fc3e27-3067-4fca-80b6-7e7032be6e16\">\n<div class=\"markdown prose w-full break-words dark:prose-invert dark\">\n<p>Descubra o delicioso crocante e o sabor a nozes de <strong>CHANA ASSADA ALI BABA 250G<\/strong> em Sultan Spices, a sua mercearia indiana de confian\u00e7a em M\u00e1laga. Estes gr\u00e3os-de-bico torrados de Ali Baba s\u00e3o uma op\u00e7\u00e3o perfeita para um lanche saud\u00e1vel ou para adicionar \u00e0s suas receitas favoritas.<\/p>\n<p><strong>Caracter\u00edsticas principais:<\/strong><\/p>\n<ul>\n<li><strong>Qualidade superior:<\/strong> Feito de gr\u00e3o-de-bico de alta qualidade, torrado na perfei\u00e7\u00e3o para uma croc\u00e2ncia satisfat\u00f3ria.<\/li>\n<li><strong>Rico em nutrientes:<\/strong> Repleto de prote\u00ednas, fibras, vitaminas e minerais, promovendo uma dieta saud\u00e1vel.<\/li>\n<li><strong>Lanche vers\u00e1til:<\/strong> Desfrute como um snack independente ou adicione a saladas, sopas e misturas de trilhos para uma textura adicional.<\/li>\n<li><strong>Sabor natural:<\/strong> Oferece um sabor a nozes e salgado em cada dentada, melhorando a sua experi\u00eancia de petiscar.<\/li>\n<li><strong>Embalagem c\u00f3moda:<\/strong> Apresenta-se numa embalagem de 250G, f\u00e1cil de transportar e guardar para petiscar em viagem.<\/li>\n<\/ul>\n<p>Na Sultan Spices, damos prioridade \u00e0 oferta de produtos nutritivos e saborosos que complementam o seu estilo de vida. <strong>CHANA ASSADA ALI BABA 250G<\/strong> encarna o nosso compromisso com a qualidade e o sabor.<\/p>\n<p>Visite Sultan Spices em M\u00e1laga para explorar a nossa vasta gama de snacks, especiarias e artigos de especialidade. Com <strong>CHANA ASSADA ALI BABA 250G<\/strong>, pode desfrutar de uma op\u00e7\u00e3o de lanche saud\u00e1vel e deliciosa que satisfaz os seus desejos.<\/p>\n<p>Saboreie a croc\u00e2ncia e o sabor de <strong>CHANA ASSADA ALI BABA 250G<\/strong> da Sultan Spices, e descubra porque \u00e9 que \u00e9 uma escolha favorita tanto para os entusiastas dos petiscos como para os da cozinha.<\/p>\n<\/div>\n<\/div>\n<\/div>\n<\/div>\n<\/div>\n<\/div>\n<\/div>\n<\/div>\n<\/div>\n<\/div>\n<\/div>\n<\/div>","protected":false},"excerpt":{"rendered":"<p>Descubra o delicioso sabor crocante e a noz de CHANA ROASTED ALI BABA 250G na Sultan Spices, a sua mercearia indiana de confian\u00e7a em M\u00e1laga. Estes gr\u00e3os-de-bico torrados de Ali Baba s\u00e3o uma op\u00e7\u00e3o perfeita para um lanche saud\u00e1vel ou para adicionar \u00e0s suas receitas favoritas. Caracter\u00edsticas principais: Qualidade superior: Feito a partir de gr\u00e3o-de-bico de alta qualidade, torrado na perfei\u00e7\u00e3o para...<\/p>","protected":false},"featured_media":4503,"comment_status":"open","ping_status":"closed","template":"","meta":{"_kad_blocks_custom_css":"","_kad_blocks_head_custom_js":"","_kad_blocks_body_custom_js":"","_kad_blocks_footer_custom_js":"","_kadence_starter_templates_imported_post":false,"_kad_post_transparent":"default","_kad_post_title":"","_kad_post_layout":"default","_kad_post_sidebar_id":"","_kad_post_content_style":"default","_kad_post_vertical_padding":"default","_kad_post_feature":"","_kad_post_feature_position":"","_kad_post_header":false,"_kad_post_footer":false,"_kad_post_classname":""},"product_brand":[],"product_cat":[56,47],"product_tag":[],"class_list":{"0":"post-4188","1":"product","2":"type-product","3":"status-publish","4":"has-post-thumbnail","6":"product_cat-indian-snacks","7":"product_cat-lentils","9":"first","10":"instock","11":"shipping-taxable","12":"purchasable","13":"product-type-simple","14":"entry","15":"content-bg","16":"loop-entry"},"taxonomy_info":{"product_cat":[{"value":56,"label":"Snacks"},{"value":47,"label":"Lentils"}]},"featured_image_src_large":["https:\/\/sultanspices.es\/wp-content\/uploads\/2024\/04\/ProductsPIX-54-1024x1024.png",1024,1024,true],"author_info":[],"comment_info":0,"jetpack_sharing_enabled":true,"_links":{"self":[{"href":"https:\/\/sultanspices.es\/pt\/wp-json\/wp\/v2\/product\/4188","targetHints":{"allow":["GET"]}}],"collection":[{"href":"https:\/\/sultanspices.es\/pt\/wp-json\/wp\/v2\/product"}],"about":[{"href":"https:\/\/sultanspices.es\/pt\/wp-json\/wp\/v2\/types\/product"}],"replies":[{"embeddable":true,"href":"https:\/\/sultanspices.es\/pt\/wp-json\/wp\/v2\/comments?post=4188"}],"wp:featuredmedia":[{"embeddable":true,"href":"https:\/\/sultanspices.es\/pt\/wp-json\/wp\/v2\/media\/4503"}],"wp:attachment":[{"href":"https:\/\/sultanspices.es\/pt\/wp-json\/wp\/v2\/media?parent=4188"}],"wp:term":[{"taxonomy":"product_brand","embeddable":true,"href":"https:\/\/sultanspices.es\/pt\/wp-json\/wp\/v2\/product_brand?post=4188"},{"taxonomy":"product_cat","embeddable":true,"href":"https:\/\/sultanspices.es\/pt\/wp-json\/wp\/v2\/product_cat?post=4188"},{"taxonomy":"product_tag","embeddable":true,"href":"https:\/\/sultanspices.es\/pt\/wp-json\/wp\/v2\/product_tag?post=4188"}],"curies":[{"name":"wp","href":"https:\/\/api.w.org\/{rel}","templated":true}]}}