{"id":4162,"date":"2024-04-13T09:32:58","date_gmt":"2024-04-13T07:32:58","guid":{"rendered":"https:\/\/sultanspices.es\/almondsu-s-a-ali-baba-1kg\/"},"modified":"2026-02-23T12:40:31","modified_gmt":"2026-02-23T11:40:31","slug":"almondsu-s-a-ali-baba-1kg","status":"publish","type":"product","link":"https:\/\/sultanspices.es\/pt\/produto\/amendoasu-s-a-ali-baba-1kg\/","title":{"rendered":"AM\u00caNDOAS (U.S.A.) ALI BABA 1KG"},"content":{"rendered":"<div class=\"flex-1 overflow-hidden\">\n<div class=\"react-scroll-to-bottom--css-ahdak-79elbk h-full\">\n<div class=\"react-scroll-to-bottom--css-ahdak-1n7m0yu\">\n<div class=\"flex flex-col text-sm pb-9\">\n<div class=\"w-full text-token-text-primary\" dir=\"auto\" data-testid=\"conversation-turn-639\">\n<div class=\"px-4 py-2 justify-center text-base md:gap-6 m-auto\">\n<div class=\"flex flex-1 text-base mx-auto gap-3 juice:gap-4 juice:md:gap-6 md:px-5 lg:px-1 xl:px-5 md:max-w-3xl lg:max-w-[40rem] xl:max-w-[48rem] group final-completion\">\n<div class=\"relative flex w-full flex-col agent-turn\">\n<div class=\"flex-col gap-1 md:gap-3\">\n<div class=\"flex flex-grow flex-col max-w-full\">\n<div class=\"min-h-[20px] text-message flex flex-col items-start gap-3 whitespace-pre-wrap break-words [.text-message+&amp;]:mt-5 overflow-x-auto\" dir=\"auto\" data-message-author-role=\"assistant\" data-message-id=\"e45bcb86-55ba-4227-affd-ee463d8477b0\">\n<div class=\"markdown prose w-full break-words dark:prose-invert dark\">\n<p>Delicie-se com o sabor rico e a noz das am\u00eandoas de primeira qualidade Ali Baba, provenientes dos EUA! Repletas de nutrientes essenciais, estas am\u00eandoas s\u00e3o um snack saud\u00e1vel ou um ingrediente vers\u00e1til em v\u00e1rias receitas. Quer as polvilhe em saladas, as transforme em bolachas ou as aprecie como um deleite aut\u00f3nomo, vai adorar a croc\u00e2ncia satisfat\u00f3ria e o sabor delicioso destas am\u00eandoas. Dispon\u00edvel em Sultan Spices, com entrega em todos os locais em Espanha e Portugal.<\/p>\n<\/div>\n<\/div>\n<\/div>\n<\/div>\n<\/div>\n<\/div>\n<\/div>\n<\/div>\n<\/div>\n<\/div>\n<\/div>\n<\/div>","protected":false},"excerpt":{"rendered":"<p>Delicie-se com o sabor rico e a noz das am\u00eandoas de primeira qualidade Ali Baba, provenientes dos EUA! Repletas de nutrientes essenciais, estas am\u00eandoas s\u00e3o um snack saud\u00e1vel ou um ingrediente vers\u00e1til em v\u00e1rias receitas. Quer as polvilhe em saladas, as transforme em bolachas ou as desfrute como um deleite aut\u00f3nomo, vai adorar o sabor crocante e...<\/p>","protected":false},"featured_media":4515,"comment_status":"open","ping_status":"closed","template":"","meta":{"_kad_blocks_custom_css":"","_kad_blocks_head_custom_js":"","_kad_blocks_body_custom_js":"","_kad_blocks_footer_custom_js":"","_kadence_starter_templates_imported_post":false,"_kad_post_transparent":"default","_kad_post_title":"","_kad_post_layout":"default","_kad_post_sidebar_id":"","_kad_post_content_style":"default","_kad_post_vertical_padding":"default","_kad_post_feature":"","_kad_post_feature_position":"","_kad_post_header":false,"_kad_post_footer":false,"_kad_post_classname":""},"product_brand":[],"product_cat":[60],"product_tag":[],"class_list":{"0":"post-4162","1":"product","2":"type-product","3":"status-publish","4":"has-post-thumbnail","6":"product_cat-dry-fruits","8":"first","9":"instock","10":"shipping-taxable","11":"purchasable","12":"product-type-simple","13":"entry","14":"content-bg","15":"loop-entry"},"taxonomy_info":{"product_cat":[{"value":60,"label":"Dry Fruits"}]},"featured_image_src_large":["https:\/\/sultanspices.es\/wp-content\/uploads\/2024\/04\/ProductsPIX-61-1024x1024.png",1024,1024,true],"author_info":[],"comment_info":0,"jetpack_sharing_enabled":true,"_links":{"self":[{"href":"https:\/\/sultanspices.es\/pt\/wp-json\/wp\/v2\/product\/4162","targetHints":{"allow":["GET"]}}],"collection":[{"href":"https:\/\/sultanspices.es\/pt\/wp-json\/wp\/v2\/product"}],"about":[{"href":"https:\/\/sultanspices.es\/pt\/wp-json\/wp\/v2\/types\/product"}],"replies":[{"embeddable":true,"href":"https:\/\/sultanspices.es\/pt\/wp-json\/wp\/v2\/comments?post=4162"}],"wp:featuredmedia":[{"embeddable":true,"href":"https:\/\/sultanspices.es\/pt\/wp-json\/wp\/v2\/media\/4515"}],"wp:attachment":[{"href":"https:\/\/sultanspices.es\/pt\/wp-json\/wp\/v2\/media?parent=4162"}],"wp:term":[{"taxonomy":"product_brand","embeddable":true,"href":"https:\/\/sultanspices.es\/pt\/wp-json\/wp\/v2\/product_brand?post=4162"},{"taxonomy":"product_cat","embeddable":true,"href":"https:\/\/sultanspices.es\/pt\/wp-json\/wp\/v2\/product_cat?post=4162"},{"taxonomy":"product_tag","embeddable":true,"href":"https:\/\/sultanspices.es\/pt\/wp-json\/wp\/v2\/product_tag?post=4162"}],"curies":[{"name":"wp","href":"https:\/\/api.w.org\/{rel}","templated":true}]}}