{"id":4151,"date":"2024-04-13T09:32:53","date_gmt":"2024-04-13T07:32:53","guid":{"rendered":"https:\/\/sultanspices.es\/agarbatti-hexa-kamasutra\/"},"modified":"2026-02-24T14:06:26","modified_gmt":"2026-02-24T13:06:26","slug":"agarbatti-hexa-kamasutra","status":"publish","type":"product","link":"https:\/\/sultanspices.es\/pt\/produto\/agarbatti-hexa-kamasutra\/","title":{"rendered":"AGARBATTI HEXA KAMASUTRA"},"content":{"rendered":"<div class=\"flex-1 overflow-hidden\">\n<div class=\"react-scroll-to-bottom--css-ahdak-79elbk h-full\">\n<div class=\"react-scroll-to-bottom--css-ahdak-1n7m0yu\">\n<div class=\"flex flex-col text-sm pb-9\">\n<div class=\"w-full text-token-text-primary\" dir=\"auto\" data-testid=\"conversation-turn-653\">\n<div class=\"px-4 py-2 justify-center text-base md:gap-6 m-auto\">\n<div class=\"flex flex-1 text-base mx-auto gap-3 juice:gap-4 juice:md:gap-6 md:px-5 lg:px-1 xl:px-5 md:max-w-3xl lg:max-w-[40rem] xl:max-w-[48rem] group final-completion\">\n<div class=\"relative flex w-full flex-col agent-turn\">\n<div class=\"flex-col gap-1 md:gap-3\">\n<div class=\"flex flex-grow flex-col max-w-full\">\n<div class=\"min-h-[20px] text-message flex flex-col items-start gap-3 whitespace-pre-wrap break-words [.text-message+&amp;]:mt-5 overflow-x-auto\" dir=\"auto\" data-message-author-role=\"assistant\" data-message-id=\"04816367-7825-4469-9247-563e9628e278\">\n<div class=\"markdown prose w-full break-words dark:prose-invert dark\">\n<p>Delicie os seus sentidos com o aroma cativante do Hexa Kamasutra Agarbatti, agora dispon\u00edvel no Sultan Spices &amp; Supermarket. Este incenso ex\u00f3tico \u00e9 meticulosamente trabalhado para criar uma atmosfera sensual, perfeita para melhorar os momentos de descontra\u00e7\u00e3o e intimidade.<\/p>\n<p>O Hexa Kamasutra Agarbatti \u00e9 feito com ingredientes de qualidade superior, cuidadosamente selecionados para evocar sentimentos de paix\u00e3o e romance. Com a sua mistura \u00fanica de especiarias arom\u00e1ticas e notas florais, este incenso cria um ambiente acolhedor e convidativo que ir\u00e1 aumentar os seus sentidos e despertar o seu esp\u00edrito.<\/p>\n<p>Quer pretenda criar o ambiente para uma noite rom\u00e2ntica ou simplesmente descontrair ap\u00f3s um longo dia, o Hexa Kamasutra Agarbatti \u00e9 a escolha perfeita. Acenda um pau e deixe que a fragr\u00e2ncia encantadora o transporte para um mundo de prazer e desejo.<\/p>\n<p>Experimente o fasc\u00ednio do Hexa Kamasutra Agarbatti hoje, dispon\u00edvel exclusivamente no Sultan Spices &amp; Supermarket. Transforme qualquer espa\u00e7o num santu\u00e1rio de sensualidade e embarque numa viagem de relaxamento feliz.<\/p>\n<\/div>\n<\/div>\n<\/div>\n<\/div>\n<\/div>\n<\/div>\n<\/div>\n<\/div>\n<\/div>\n<\/div>\n<\/div>\n<\/div>","protected":false},"excerpt":{"rendered":"<p>Delicie os seus sentidos com o aroma cativante do Hexa Kamasutra Agarbatti, agora dispon\u00edvel no Sultan Spices &amp; Supermarket. Este incenso ex\u00f3tico \u00e9 meticulosamente trabalhado para criar uma atmosfera sensual, perfeita para melhorar os momentos de relaxamento e intimidade. O Hexa Kamasutra Agarbatti \u00e9 feito com ingredientes de qualidade superior, cuidadosamente seleccionados para evocar sentimentos de paix\u00e3o e romance. Com...<\/p>","protected":false},"featured_media":4523,"comment_status":"open","ping_status":"closed","template":"","meta":{"_kad_blocks_custom_css":"","_kad_blocks_head_custom_js":"","_kad_blocks_body_custom_js":"","_kad_blocks_footer_custom_js":"","_kadence_starter_templates_imported_post":false,"_kad_post_transparent":"default","_kad_post_title":"","_kad_post_layout":"default","_kad_post_sidebar_id":"","_kad_post_content_style":"default","_kad_post_vertical_padding":"default","_kad_post_feature":"","_kad_post_feature_position":"","_kad_post_header":false,"_kad_post_footer":false,"_kad_post_classname":""},"product_brand":[],"product_cat":[64],"product_tag":[],"class_list":{"0":"post-4151","1":"product","2":"type-product","3":"status-publish","4":"has-post-thumbnail","6":"product_cat-fragrances","8":"first","9":"instock","10":"shipping-taxable","11":"purchasable","12":"product-type-simple","13":"entry","14":"content-bg","15":"loop-entry"},"taxonomy_info":{"product_cat":[{"value":64,"label":"Fragrances"}]},"featured_image_src_large":["https:\/\/sultanspices.es\/wp-content\/uploads\/2024\/04\/ProductsPIX-65-1024x1024.png",1024,1024,true],"author_info":[],"comment_info":0,"jetpack_sharing_enabled":true,"_links":{"self":[{"href":"https:\/\/sultanspices.es\/pt\/wp-json\/wp\/v2\/product\/4151","targetHints":{"allow":["GET"]}}],"collection":[{"href":"https:\/\/sultanspices.es\/pt\/wp-json\/wp\/v2\/product"}],"about":[{"href":"https:\/\/sultanspices.es\/pt\/wp-json\/wp\/v2\/types\/product"}],"replies":[{"embeddable":true,"href":"https:\/\/sultanspices.es\/pt\/wp-json\/wp\/v2\/comments?post=4151"}],"wp:featuredmedia":[{"embeddable":true,"href":"https:\/\/sultanspices.es\/pt\/wp-json\/wp\/v2\/media\/4523"}],"wp:attachment":[{"href":"https:\/\/sultanspices.es\/pt\/wp-json\/wp\/v2\/media?parent=4151"}],"wp:term":[{"taxonomy":"product_brand","embeddable":true,"href":"https:\/\/sultanspices.es\/pt\/wp-json\/wp\/v2\/product_brand?post=4151"},{"taxonomy":"product_cat","embeddable":true,"href":"https:\/\/sultanspices.es\/pt\/wp-json\/wp\/v2\/product_cat?post=4151"},{"taxonomy":"product_tag","embeddable":true,"href":"https:\/\/sultanspices.es\/pt\/wp-json\/wp\/v2\/product_tag?post=4151"}],"curies":[{"name":"wp","href":"https:\/\/api.w.org\/{rel}","templated":true}]}}