{"id":3986,"date":"2024-02-12T09:14:20","date_gmt":"2024-02-12T08:14:20","guid":{"rendered":"https:\/\/sultanspices.es\/tata-tea-premium-jar-1kg\/"},"modified":"2026-02-23T12:41:22","modified_gmt":"2026-02-23T11:41:22","slug":"tata-tea-premium-jar-1kg","status":"publish","type":"product","link":"https:\/\/sultanspices.es\/pt\/produto\/tata-tea-premium-jar-1kg\/","title":{"rendered":"CH\u00c1 TATA PREMIUM BOI\u00c3O 1KG"},"content":{"rendered":"<div class=\"flex-1 overflow-hidden\">\n<div class=\"react-scroll-to-bottom--css-qbbne-79elbk h-full\">\n<div class=\"react-scroll-to-bottom--css-qbbne-1n7m0yu\">\n<div class=\"flex flex-col pb-9 text-sm\">\n<div class=\"w-full text-token-text-primary\" data-testid=\"conversation-turn-7\">\n<div class=\"px-4 py-2 justify-center text-base md:gap-6 m-auto\">\n<div class=\"flex flex-1 text-base mx-auto gap-3 md:px-5 lg:px-1 xl:px-5 md:max-w-3xl lg:max-w-[40rem] xl:max-w-[48rem] group final-completion\">\n<div class=\"relative flex w-full flex-col lg:w-[calc(100%-115px)] agent-turn\">\n<div class=\"flex-col gap-1 md:gap-3\">\n<div class=\"flex flex-grow flex-col max-w-full\">\n<div class=\"min-h-[20px] text-message flex flex-col items-start gap-3 whitespace-pre-wrap break-words [.text-message+&amp;]:mt-5 overflow-x-auto\" data-message-author-role=\"assistant\" data-message-id=\"66e32e4d-66e2-4126-921e-20ecdcff7400\">\n<div class=\"markdown prose w-full break-words dark:prose-invert dark\">\n<p>Experimente a ch\u00e1vena de ch\u00e1 perfeita com o Tata Tea Premium, agora dispon\u00edvel num pr\u00e1tico frasco de 1 kg no Sultan Spices &amp; Supermarket. Elaborado com as melhores folhas de ch\u00e1 provenientes de jardins de ch\u00e1 seleccionados, o Tata Tea Premium promete uma mistura inigual\u00e1vel de sabor rico e aroma revigorante em cada gole.<\/p>\n<p>Quer prefira o seu ch\u00e1 forte ou suave, o Tata Tea Premium satisfaz as suas prefer\u00eancias com as suas vers\u00e1teis op\u00e7\u00f5es de prepara\u00e7\u00e3o. Cada gole oferece uma sinfonia de sabores, captando a ess\u00eancia da cultura e tradi\u00e7\u00e3o do ch\u00e1 da \u00cdndia.<\/p>\n<p>Embalado num frasco robusto e herm\u00e9tico, o Tata Tea Premium garante uma frescura duradoura, preservando a bondade natural das folhas de ch\u00e1. Quer esteja a come\u00e7ar o seu dia ou a fazer uma pausa bem merecida, delicie-se com o sabor requintado do Tata Tea Premium.<\/p>\n<p>Encomende o seu frasco de Tata Tea Premium 1kg no Sultan Spices &amp; Supermarket, a sua mercearia indiana online de confian\u00e7a em Espanha, e eleve a sua experi\u00eancia de beber ch\u00e1 a novos patamares. Comece sua jornada para a felicidade saborosa hoje.<\/p>\n<\/div>\n<\/div>\n<\/div>\n<\/div>\n<\/div>\n<\/div>\n<\/div>\n<\/div>\n<\/div>\n<\/div>\n<\/div>\n<\/div>","protected":false},"excerpt":{"rendered":"<p>Experimente a ch\u00e1vena de ch\u00e1 perfeita com o Tata Tea Premium, agora dispon\u00edvel num pr\u00e1tico frasco de 1 kg no Sultan Spices &amp; Supermarket. Fabricado com as melhores folhas de ch\u00e1 provenientes de jardins de ch\u00e1 seleccionados, o Tata Tea Premium promete uma mistura inigual\u00e1vel de sabor rico e aroma revigorante em cada gole. Quer prefira o seu ch\u00e1 forte...<\/p>","protected":false},"featured_media":3992,"comment_status":"open","ping_status":"closed","template":"","meta":{"_kad_blocks_custom_css":"","_kad_blocks_head_custom_js":"","_kad_blocks_body_custom_js":"","_kad_blocks_footer_custom_js":"","_kadence_starter_templates_imported_post":false,"_kad_post_transparent":"default","_kad_post_title":"","_kad_post_layout":"default","_kad_post_sidebar_id":"","_kad_post_content_style":"default","_kad_post_vertical_padding":"default","_kad_post_feature":"","_kad_post_feature_position":"","_kad_post_header":false,"_kad_post_footer":false,"_kad_post_classname":""},"product_brand":[],"product_cat":[57],"product_tag":[],"class_list":{"0":"post-3986","1":"product","2":"type-product","3":"status-publish","4":"has-post-thumbnail","6":"product_cat-tea-chai-pati","8":"first","9":"outofstock","10":"shipping-taxable","11":"purchasable","12":"product-type-simple","13":"entry","14":"content-bg","15":"loop-entry"},"taxonomy_info":{"product_cat":[{"value":57,"label":"Tea (Chai Pati)"}]},"featured_image_src_large":["https:\/\/sultanspices.es\/wp-content\/uploads\/2024\/02\/ProductsPIX-1-1024x1024.png",1024,1024,true],"author_info":[],"comment_info":0,"jetpack_sharing_enabled":true,"_links":{"self":[{"href":"https:\/\/sultanspices.es\/pt\/wp-json\/wp\/v2\/product\/3986","targetHints":{"allow":["GET"]}}],"collection":[{"href":"https:\/\/sultanspices.es\/pt\/wp-json\/wp\/v2\/product"}],"about":[{"href":"https:\/\/sultanspices.es\/pt\/wp-json\/wp\/v2\/types\/product"}],"replies":[{"embeddable":true,"href":"https:\/\/sultanspices.es\/pt\/wp-json\/wp\/v2\/comments?post=3986"}],"wp:featuredmedia":[{"embeddable":true,"href":"https:\/\/sultanspices.es\/pt\/wp-json\/wp\/v2\/media\/3992"}],"wp:attachment":[{"href":"https:\/\/sultanspices.es\/pt\/wp-json\/wp\/v2\/media?parent=3986"}],"wp:term":[{"taxonomy":"product_brand","embeddable":true,"href":"https:\/\/sultanspices.es\/pt\/wp-json\/wp\/v2\/product_brand?post=3986"},{"taxonomy":"product_cat","embeddable":true,"href":"https:\/\/sultanspices.es\/pt\/wp-json\/wp\/v2\/product_cat?post=3986"},{"taxonomy":"product_tag","embeddable":true,"href":"https:\/\/sultanspices.es\/pt\/wp-json\/wp\/v2\/product_tag?post=3986"}],"curies":[{"name":"wp","href":"https:\/\/api.w.org\/{rel}","templated":true}]}}