{"id":3985,"date":"2024-02-12T09:14:17","date_gmt":"2024-02-12T08:14:17","guid":{"rendered":"https:\/\/sultanspices.es\/tapal-danedar-tea-bags-300s-750g\/"},"modified":"2026-02-27T21:45:18","modified_gmt":"2026-02-27T20:45:18","slug":"tapal-danedar-tea-bags-300s-750g","status":"publish","type":"product","link":"https:\/\/sultanspices.es\/pt\/produto\/tapal-danedar-tea-bags-300s-750g\/","title":{"rendered":"SAQUETAS DE CH\u00c1 TAPAL DANEDAR 300'S 750G"},"content":{"rendered":"<div class=\"w-full text-token-text-primary\" data-testid=\"conversation-turn-9\">\n<div class=\"px-4 py-2 justify-center text-base md:gap-6 m-auto\">\n<div class=\"flex flex-1 text-base mx-auto gap-3 md:px-5 lg:px-1 xl:px-5 md:max-w-3xl lg:max-w-[40rem] xl:max-w-[48rem] group final-completion\">\n<div class=\"relative flex w-full flex-col lg:w-[calc(100%-115px)] agent-turn\">\n<div class=\"flex-col gap-1 md:gap-3\">\n<div class=\"flex flex-grow flex-col max-w-full\">\n<div class=\"min-h-[20px] text-message flex flex-col items-start gap-3 whitespace-pre-wrap break-words [.text-message+&amp;]:mt-5 overflow-x-auto\" data-message-author-role=\"assistant\" data-message-id=\"03249769-c337-4036-9358-353acd6e3dc3\">\n<div class=\"markdown prose w-full break-words dark:prose-invert dark\">\n<p>Descubra o ep\u00edtome da excel\u00eancia do ch\u00e1 com Tapal Danedar Tea Bags 300's, agora dispon\u00edvel no Sultan Spices &amp; Supermarket. Saboreie o sabor rico e o aroma revigorante desta mistura de primeira qualidade, cuidadosamente elaborada para elevar a sua experi\u00eancia de consumo de ch\u00e1.<\/p>\n<p>Cada saqueta de ch\u00e1 redonda \u00e9 meticulosamente enchida com folhas de ch\u00e1 de alta qualidade, assegurando sempre uma infus\u00e3o deliciosa e consistente. As saquetas de ch\u00e1 redondas exclusivas da Tapal Danedar permitem uma infus\u00e3o \u00f3ptima, maximizando a liberta\u00e7\u00e3o de sabor e aroma em cada infus\u00e3o.<\/p>\n<p>Quer esteja a desfrutar de um momento tranquilo sozinho ou a organizar uma reuni\u00e3o com amigos e familiares, as Saquetas de Ch\u00e1 Tapal Danedar 300's s\u00e3o a escolha perfeita para complementar qualquer ocasi\u00e3o. Delicie-se com a satisfa\u00e7\u00e3o inigual\u00e1vel de uma ch\u00e1vena de ch\u00e1 bem preparada, cortesia de Tapal Danedar.<\/p>\n<p>Com 300 saquetas de ch\u00e1 redondas em cada embalagem, ter\u00e1 um amplo fornecimento para durar durante in\u00fameras sess\u00f5es de ch\u00e1. Experimente o sabor da tradi\u00e7\u00e3o e da excel\u00eancia com os sacos de ch\u00e1 Tapal Danedar 300's, dispon\u00edveis para compra agora no Sultan Spices &amp; Supermarket, o seu principal destino online para artigos de mercearia indianos aut\u00eanticos em Espanha. Encomende hoje e embarque numa viagem de sabor e refresc\u00e2ncia a cada gole.<\/p>\n<\/div>\n<\/div>\n<\/div>\n<\/div>\n<\/div>\n<\/div>\n<\/div>\n<\/div>","protected":false},"excerpt":{"rendered":"<p>Descubra o ep\u00edtome da excel\u00eancia do ch\u00e1 com Tapal Danedar Tea Bags 300's, agora dispon\u00edvel no Sultan Spices &amp; Supermarket. Saboreie o sabor rico e o aroma revigorante desta mistura de qualidade superior, cuidadosamente elaborada para elevar a sua experi\u00eancia de consumo de ch\u00e1. Cada saqueta de ch\u00e1 redonda \u00e9 meticulosamente preenchida com folhas de ch\u00e1 de alta qualidade, garantindo sempre uma infus\u00e3o deliciosa....<\/p>","protected":false},"featured_media":3993,"comment_status":"open","ping_status":"closed","template":"","meta":{"_kad_blocks_custom_css":"","_kad_blocks_head_custom_js":"","_kad_blocks_body_custom_js":"","_kad_blocks_footer_custom_js":"","_kadence_starter_templates_imported_post":false,"_kad_post_transparent":"default","_kad_post_title":"","_kad_post_layout":"default","_kad_post_sidebar_id":"","_kad_post_content_style":"default","_kad_post_vertical_padding":"default","_kad_post_feature":"","_kad_post_feature_position":"","_kad_post_header":false,"_kad_post_footer":false,"_kad_post_classname":""},"product_brand":[],"product_cat":[57],"product_tag":[],"class_list":{"0":"post-3985","1":"product","2":"type-product","3":"status-publish","4":"has-post-thumbnail","6":"product_cat-tea-chai-pati","8":"first","9":"instock","10":"shipping-taxable","11":"purchasable","12":"product-type-simple","13":"entry","14":"content-bg","15":"loop-entry"},"taxonomy_info":{"product_cat":[{"value":57,"label":"Tea (Chai Pati)"}]},"featured_image_src_large":["https:\/\/sultanspices.es\/wp-content\/uploads\/2024\/02\/ProductsPIX-2-1024x1024.png",1024,1024,true],"author_info":[],"comment_info":0,"jetpack_sharing_enabled":true,"_links":{"self":[{"href":"https:\/\/sultanspices.es\/pt\/wp-json\/wp\/v2\/product\/3985","targetHints":{"allow":["GET"]}}],"collection":[{"href":"https:\/\/sultanspices.es\/pt\/wp-json\/wp\/v2\/product"}],"about":[{"href":"https:\/\/sultanspices.es\/pt\/wp-json\/wp\/v2\/types\/product"}],"replies":[{"embeddable":true,"href":"https:\/\/sultanspices.es\/pt\/wp-json\/wp\/v2\/comments?post=3985"}],"wp:featuredmedia":[{"embeddable":true,"href":"https:\/\/sultanspices.es\/pt\/wp-json\/wp\/v2\/media\/3993"}],"wp:attachment":[{"href":"https:\/\/sultanspices.es\/pt\/wp-json\/wp\/v2\/media?parent=3985"}],"wp:term":[{"taxonomy":"product_brand","embeddable":true,"href":"https:\/\/sultanspices.es\/pt\/wp-json\/wp\/v2\/product_brand?post=3985"},{"taxonomy":"product_cat","embeddable":true,"href":"https:\/\/sultanspices.es\/pt\/wp-json\/wp\/v2\/product_cat?post=3985"},{"taxonomy":"product_tag","embeddable":true,"href":"https:\/\/sultanspices.es\/pt\/wp-json\/wp\/v2\/product_tag?post=3985"}],"curies":[{"name":"wp","href":"https:\/\/api.w.org\/{rel}","templated":true}]}}