{"id":3979,"date":"2024-02-12T09:14:01","date_gmt":"2024-02-12T08:14:01","guid":{"rendered":"https:\/\/sultanspices.es\/rte-tata-dal-makhni-285g\/"},"modified":"2026-02-23T12:41:14","modified_gmt":"2026-02-23T11:41:14","slug":"rte-tata-dal-makhni-285g","status":"publish","type":"product","link":"https:\/\/sultanspices.es\/pt\/produto\/rte-tata-dal-makhni-285g\/","title":{"rendered":"RTE TATA DAL MAKHNI 285G"},"content":{"rendered":"<div class=\"flex-1 overflow-hidden\">\n<div class=\"react-scroll-to-bottom--css-qbbne-79elbk h-full\">\n<div class=\"react-scroll-to-bottom--css-qbbne-1n7m0yu\">\n<div class=\"flex flex-col pb-9 text-sm\">\n<div class=\"w-full text-token-text-primary\" data-testid=\"conversation-turn-19\">\n<div class=\"px-4 py-2 justify-center text-base md:gap-6 m-auto\">\n<div class=\"flex flex-1 text-base mx-auto gap-3 md:px-5 lg:px-1 xl:px-5 md:max-w-3xl lg:max-w-[40rem] xl:max-w-[48rem] group final-completion\">\n<div class=\"relative flex w-full flex-col lg:w-[calc(100%-115px)] agent-turn\">\n<div class=\"flex-col gap-1 md:gap-3\">\n<div class=\"flex flex-grow flex-col max-w-full\">\n<div class=\"min-h-[20px] text-message flex flex-col items-start gap-3 whitespace-pre-wrap break-words [.text-message+&amp;]:mt-5 overflow-x-auto\" data-message-author-role=\"assistant\" data-message-id=\"04838de6-7e58-4ac3-9949-1294a6c24644\">\n<div class=\"markdown prose w-full break-words dark:prose-invert dark\">\n<p>Experimente os ricos sabores da cozinha do Norte da \u00cdndia com Tata Dal Makhni 285g, agora dispon\u00edvel no Sultan Spices &amp; Supermarket. Elaborado com cuidado, utilizando os melhores ingredientes, este prato pronto a comer traz o sabor aut\u00eantico do dal makhni diretamente para a sua mesa, sem o inc\u00f3modo de uma longa prepara\u00e7\u00e3o.<\/p>\n<p>Delicie-se com a bondade cremosa das lentilhas pretas e do feij\u00e3o-frade cozinhados numa mistura saborosa de especiarias arom\u00e1ticas e molho cremoso \u00e0 base de tomate. O Tata Dal Makhni oferece um equil\u00edbrio delicioso de sabores salgados e ligeiramente condimentados, tornando-o numa op\u00e7\u00e3o de refei\u00e7\u00e3o reconfortante para qualquer altura do dia.<\/p>\n<p>Perfeito para dias atarefados ou para quando deseja saborear um pouco de conforto caseiro sem esfor\u00e7o, o Tata Dal Makhni pode ser aquecido no micro-ondas e est\u00e1 pronto a servir em minutos. Basta aquecer e saborear com arroz cozinhado a vapor, naan ou o seu p\u00e3o indiano preferido para uma refei\u00e7\u00e3o satisfat\u00f3ria que ir\u00e1 certamente agradar.<\/p>\n<p>Adicione conveni\u00eancia e sabor \u00e0s suas refei\u00e7\u00f5es com Tata Dal Makhni 285g, dispon\u00edvel agora no Sultan Spices &amp; Supermarket, a sua mercearia indiana online de confian\u00e7a em Espanha. Eleve a sua experi\u00eancia gastron\u00f3mica com a conveni\u00eancia da bondade pronta a comer da Tata.<\/p>\n<\/div>\n<\/div>\n<\/div>\n<\/div>\n<\/div>\n<\/div>\n<\/div>\n<\/div>\n<\/div>\n<\/div>\n<\/div>\n<\/div>","protected":false},"excerpt":{"rendered":"<p>Experimente os ricos sabores da cozinha do Norte da \u00cdndia com Tata Dal Makhni 285g, agora dispon\u00edvel no Sultan Spices &amp; Supermarket. Elaborado com cuidado, utilizando os melhores ingredientes, este prato pronto a comer traz o sabor aut\u00eantico do dal makhni diretamente para a sua mesa, sem o inc\u00f3modo de uma longa prepara\u00e7\u00e3o. Delicie-se com a bondade cremosa das lentilhas pretas...<\/p>","protected":false},"featured_media":3999,"comment_status":"open","ping_status":"closed","template":"","meta":{"_kad_blocks_custom_css":"","_kad_blocks_head_custom_js":"","_kad_blocks_body_custom_js":"","_kad_blocks_footer_custom_js":"","_kadence_starter_templates_imported_post":false,"_kad_post_transparent":"default","_kad_post_title":"","_kad_post_layout":"default","_kad_post_sidebar_id":"","_kad_post_content_style":"default","_kad_post_vertical_padding":"default","_kad_post_feature":"","_kad_post_feature_position":"","_kad_post_header":false,"_kad_post_footer":false,"_kad_post_classname":""},"product_brand":[],"product_cat":[54],"product_tag":[],"class_list":{"0":"post-3979","1":"product","2":"type-product","3":"status-publish","4":"has-post-thumbnail","6":"product_cat-instant-meals-rte","8":"first","9":"instock","10":"shipping-taxable","11":"purchasable","12":"product-type-simple","13":"entry","14":"content-bg","15":"loop-entry"},"taxonomy_info":{"product_cat":[{"value":54,"label":"Instant meals RTE"}]},"featured_image_src_large":["https:\/\/sultanspices.es\/wp-content\/uploads\/2024\/02\/ProductsPIX-6-1024x1024.png",1024,1024,true],"author_info":[],"comment_info":0,"jetpack_sharing_enabled":true,"_links":{"self":[{"href":"https:\/\/sultanspices.es\/pt\/wp-json\/wp\/v2\/product\/3979","targetHints":{"allow":["GET"]}}],"collection":[{"href":"https:\/\/sultanspices.es\/pt\/wp-json\/wp\/v2\/product"}],"about":[{"href":"https:\/\/sultanspices.es\/pt\/wp-json\/wp\/v2\/types\/product"}],"replies":[{"embeddable":true,"href":"https:\/\/sultanspices.es\/pt\/wp-json\/wp\/v2\/comments?post=3979"}],"wp:featuredmedia":[{"embeddable":true,"href":"https:\/\/sultanspices.es\/pt\/wp-json\/wp\/v2\/media\/3999"}],"wp:attachment":[{"href":"https:\/\/sultanspices.es\/pt\/wp-json\/wp\/v2\/media?parent=3979"}],"wp:term":[{"taxonomy":"product_brand","embeddable":true,"href":"https:\/\/sultanspices.es\/pt\/wp-json\/wp\/v2\/product_brand?post=3979"},{"taxonomy":"product_cat","embeddable":true,"href":"https:\/\/sultanspices.es\/pt\/wp-json\/wp\/v2\/product_cat?post=3979"},{"taxonomy":"product_tag","embeddable":true,"href":"https:\/\/sultanspices.es\/pt\/wp-json\/wp\/v2\/product_tag?post=3979"}],"curies":[{"name":"wp","href":"https:\/\/api.w.org\/{rel}","templated":true}]}}