{"id":3977,"date":"2024-02-12T09:13:55","date_gmt":"2024-02-12T08:13:55","guid":{"rendered":"https:\/\/sultanspices.es\/regal-traditional-mix-375g\/"},"modified":"2026-02-23T12:41:14","modified_gmt":"2026-02-23T11:41:14","slug":"regal-traditional-mix-375g","status":"publish","type":"product","link":"https:\/\/sultanspices.es\/pt\/produto\/regal-traditional-mix-375g\/","title":{"rendered":"MISTURA TRADICIONAL REGAL 375G"},"content":{"rendered":"<div class=\"flex-1 overflow-hidden\">\n<div class=\"react-scroll-to-bottom--css-qbbne-79elbk h-full\">\n<div class=\"react-scroll-to-bottom--css-qbbne-1n7m0yu\">\n<div class=\"flex flex-col pb-9 text-sm\">\n<div class=\"w-full text-token-text-primary\" data-testid=\"conversation-turn-21\">\n<div class=\"px-4 py-2 justify-center text-base md:gap-6 m-auto\">\n<div class=\"flex flex-1 text-base mx-auto gap-3 md:px-5 lg:px-1 xl:px-5 md:max-w-3xl lg:max-w-[40rem] xl:max-w-[48rem] group final-completion\">\n<div class=\"relative flex w-full flex-col lg:w-[calc(100%-115px)] agent-turn\">\n<div class=\"flex-col gap-1 md:gap-3\">\n<div class=\"flex flex-grow flex-col max-w-full\">\n<div class=\"min-h-[20px] text-message flex flex-col items-start gap-3 whitespace-pre-wrap break-words [.text-message+&amp;]:mt-5 overflow-x-auto\" data-message-author-role=\"assistant\" data-message-id=\"d607e589-0cd7-4769-8711-f43f8c0fd9ca\">\n<div class=\"markdown prose w-full break-words dark:prose-invert dark\">\n<p>Satisfa\u00e7a os seus desejos com o sabor irresist\u00edvel e a croc\u00e2ncia do Regal Traditional Mix Nimko 375g, agora dispon\u00edvel no Sultan Spices &amp; Supermarket. Esta mistura intemporal de snacks combina uma variedade de ingredientes saborosos, habilmente temperados na perfei\u00e7\u00e3o, para criar um snack perfeito para qualquer ocasi\u00e3o.<\/p>\n<p>O Regal Traditional Mix Nimko apresenta uma deliciosa variedade de palitos de lentilhas estaladi\u00e7os, amendoins, noodles de farinha de gr\u00e3o-de-bico e outros petiscos saborosos, todos temperados com uma mistura tentadora de especiarias. Cada dentada oferece uma explos\u00e3o de sabor e um estaladi\u00e7o satisfat\u00f3rio que ir\u00e1 certamente seduzir as suas papilas gustativas.<\/p>\n<p>Quer esteja a organizar uma reuni\u00e3o, a desfrutar de uma noite de cinema em casa ou simplesmente \u00e0 procura de um delicioso snack para petiscar, o Regal Traditional Mix Nimko \u00e9 a escolha perfeita. A sua pr\u00e1tica embalagem de 375 g garante que ter\u00e1 muito para partilhar ou desfrutar sozinho.<\/p>\n<p>Experimente o sabor aut\u00eantico do Nimko tradicional com Regal, um nome de confian\u00e7a em snacks de qualidade. Encomende o seu pacote de Regal Traditional Mix Nimko 375g no Sultan Spices &amp; Supermarket, o seu principal destino online para artigos de mercearia indianos aut\u00eanticos em Espanha. Mergulhe em um mundo de bondade saborosa a cada mordida.<\/p>\n<\/div>\n<\/div>\n<\/div>\n<\/div>\n<\/div>\n<\/div>\n<\/div>\n<\/div>\n<\/div>\n<\/div>\n<\/div>\n<\/div>","protected":false},"excerpt":{"rendered":"<p>Satisfa\u00e7a os seus desejos com o sabor irresist\u00edvel e a croc\u00e2ncia do Regal Traditional Mix Nimko 375g, agora dispon\u00edvel no Sultan Spices &amp; Supermarket. Esta mistura intemporal de snacks combina uma variedade de ingredientes saborosos, habilmente temperados na perfei\u00e7\u00e3o, para criar um snack perfeito para qualquer ocasi\u00e3o. A Mistura Tradicional Regal Nimko apresenta uma deliciosa variedade de...<\/p>","protected":false},"featured_media":4001,"comment_status":"open","ping_status":"closed","template":"","meta":{"_kad_blocks_custom_css":"","_kad_blocks_head_custom_js":"","_kad_blocks_body_custom_js":"","_kad_blocks_footer_custom_js":"","_kadence_starter_templates_imported_post":false,"_kad_post_transparent":"default","_kad_post_title":"","_kad_post_layout":"default","_kad_post_sidebar_id":"","_kad_post_content_style":"default","_kad_post_vertical_padding":"default","_kad_post_feature":"","_kad_post_feature_position":"","_kad_post_header":false,"_kad_post_footer":false,"_kad_post_classname":""},"product_brand":[],"product_cat":[56],"product_tag":[],"class_list":{"0":"post-3977","1":"product","2":"type-product","3":"status-publish","4":"has-post-thumbnail","6":"product_cat-indian-snacks","8":"first","9":"outofstock","10":"shipping-taxable","11":"purchasable","12":"product-type-simple","13":"entry","14":"content-bg","15":"loop-entry"},"taxonomy_info":{"product_cat":[{"value":56,"label":"Snacks"}]},"featured_image_src_large":["https:\/\/sultanspices.es\/wp-content\/uploads\/2024\/02\/ProductsPIX-7-1024x1024.png",1024,1024,true],"author_info":[],"comment_info":0,"jetpack_sharing_enabled":true,"_links":{"self":[{"href":"https:\/\/sultanspices.es\/pt\/wp-json\/wp\/v2\/product\/3977","targetHints":{"allow":["GET"]}}],"collection":[{"href":"https:\/\/sultanspices.es\/pt\/wp-json\/wp\/v2\/product"}],"about":[{"href":"https:\/\/sultanspices.es\/pt\/wp-json\/wp\/v2\/types\/product"}],"replies":[{"embeddable":true,"href":"https:\/\/sultanspices.es\/pt\/wp-json\/wp\/v2\/comments?post=3977"}],"wp:featuredmedia":[{"embeddable":true,"href":"https:\/\/sultanspices.es\/pt\/wp-json\/wp\/v2\/media\/4001"}],"wp:attachment":[{"href":"https:\/\/sultanspices.es\/pt\/wp-json\/wp\/v2\/media?parent=3977"}],"wp:term":[{"taxonomy":"product_brand","embeddable":true,"href":"https:\/\/sultanspices.es\/pt\/wp-json\/wp\/v2\/product_brand?post=3977"},{"taxonomy":"product_cat","embeddable":true,"href":"https:\/\/sultanspices.es\/pt\/wp-json\/wp\/v2\/product_cat?post=3977"},{"taxonomy":"product_tag","embeddable":true,"href":"https:\/\/sultanspices.es\/pt\/wp-json\/wp\/v2\/product_tag?post=3977"}],"curies":[{"name":"wp","href":"https:\/\/api.w.org\/{rel}","templated":true}]}}