{"id":3975,"date":"2024-02-12T09:13:50","date_gmt":"2024-02-12T08:13:50","guid":{"rendered":"https:\/\/sultanspices.es\/regal-chin-chin-mix-375g\/"},"modified":"2026-02-23T12:41:13","modified_gmt":"2026-02-23T11:41:13","slug":"regal-chin-chin-mix-375g","status":"publish","type":"product","link":"https:\/\/sultanspices.es\/pt\/produto\/regal-chin-chin-mix-375g\/","title":{"rendered":"REGAL CHIN CHIN MIX 375G"},"content":{"rendered":"<div class=\"flex-1 overflow-hidden\">\n<div class=\"react-scroll-to-bottom--css-qbbne-79elbk h-full\">\n<div class=\"react-scroll-to-bottom--css-qbbne-1n7m0yu\">\n<div class=\"flex flex-col pb-9 text-sm\">\n<div class=\"w-full text-token-text-primary\" data-testid=\"conversation-turn-25\">\n<div class=\"px-4 py-2 justify-center text-base md:gap-6 m-auto\">\n<div class=\"flex flex-1 text-base mx-auto gap-3 md:px-5 lg:px-1 xl:px-5 md:max-w-3xl lg:max-w-[40rem] xl:max-w-[48rem] group final-completion\">\n<div class=\"relative flex w-full flex-col lg:w-[calc(100%-115px)] agent-turn\">\n<div class=\"flex-col gap-1 md:gap-3\">\n<div class=\"flex flex-grow flex-col max-w-full\">\n<div class=\"min-h-[20px] text-message flex flex-col items-start gap-3 whitespace-pre-wrap break-words [.text-message+&amp;]:mt-5 overflow-x-auto\" data-message-author-role=\"assistant\" data-message-id=\"bef6d042-5a97-4062-b6ed-07735f571d72\">\n<div class=\"markdown prose w-full break-words dark:prose-invert dark\">\n<p>Delicie-se com as del\u00edcias estaladi\u00e7as do Regal Chin Chin Mix 375g, agora dispon\u00edvel no Sultan Spices &amp; Supermarket. Esta deliciosa mistura de snacks combina o charme tradicional do Chin Chin com uma deliciosa fus\u00e3o de sabores e texturas, perfeita para satisfazer os seus desejos de snacks.<\/p>\n<p>O Regal Chin Chin Mix apresenta uma tentadora mistura de peda\u00e7os crocantes, incluindo Chin Chin, palitos de lentilhas saborosos, amendoins estaladi\u00e7os e muito mais, todos habilmente temperados na perfei\u00e7\u00e3o. Cada dentada oferece uma mistura harmoniosa de sabores salgados e doces, tornando-a numa guloseima verdadeiramente irresist\u00edvel.<\/p>\n<p>Quer esteja a desfrutar de uma tarde de lazer em casa, a organizar uma reuni\u00e3o ou a precisar de um snack saboroso para abastecer o seu dia, Regal Chin Chin Mix \u00e9 a escolha ideal. A sua pr\u00e1tica embalagem de 375 g garante que ter\u00e1 muito para partilhar com a fam\u00edlia e os amigos.<\/p>\n<p>Experimente os sabores \u00fanicos e viciantes do Regal Chin Chin Mix, criado com cuidado por um nome de confian\u00e7a em snacks de qualidade. Encomende o seu pacote de Regal Chin Chin Mix 375g no Sultan Spices &amp; Supermarket, o seu principal destino online para artigos de mercearia indianos aut\u00eanticos em Espanha. Mime-se com uma sensa\u00e7\u00e3o crocante que certamente ir\u00e1 deliciar o seu paladar.<\/p>\n<\/div>\n<\/div>\n<\/div>\n<\/div>\n<\/div>\n<\/div>\n<\/div>\n<\/div>\n<\/div>\n<\/div>\n<\/div>\n<\/div>","protected":false},"excerpt":{"rendered":"<p>Delicie-se com as del\u00edcias estaladi\u00e7as do Regal Chin Chin Mix 375g, agora dispon\u00edvel no Sultan Spices &amp; Supermarket. Esta deliciosa mistura de snacks combina o charme tradicional do Chin Chin com uma deliciosa fus\u00e3o de sabores e texturas, perfeita para satisfazer os seus desejos de snacks. Regal Chin Chin Mix apresenta uma tentadora mistura de peda\u00e7os estaladi\u00e7os, incluindo...<\/p>","protected":false},"featured_media":4004,"comment_status":"open","ping_status":"closed","template":"","meta":{"_kad_blocks_custom_css":"","_kad_blocks_head_custom_js":"","_kad_blocks_body_custom_js":"","_kad_blocks_footer_custom_js":"","_kadence_starter_templates_imported_post":false,"_kad_post_transparent":"default","_kad_post_title":"","_kad_post_layout":"default","_kad_post_sidebar_id":"","_kad_post_content_style":"default","_kad_post_vertical_padding":"default","_kad_post_feature":"","_kad_post_feature_position":"","_kad_post_header":false,"_kad_post_footer":false,"_kad_post_classname":""},"product_brand":[],"product_cat":[56],"product_tag":[],"class_list":{"0":"post-3975","1":"product","2":"type-product","3":"status-publish","4":"has-post-thumbnail","6":"product_cat-indian-snacks","8":"first","9":"instock","10":"shipping-taxable","11":"purchasable","12":"product-type-simple","13":"entry","14":"content-bg","15":"loop-entry"},"taxonomy_info":{"product_cat":[{"value":56,"label":"Snacks"}]},"featured_image_src_large":["https:\/\/sultanspices.es\/wp-content\/uploads\/2024\/02\/ProductsPIX-9-1024x1024.png",1024,1024,true],"author_info":[],"comment_info":0,"jetpack_sharing_enabled":true,"_links":{"self":[{"href":"https:\/\/sultanspices.es\/pt\/wp-json\/wp\/v2\/product\/3975","targetHints":{"allow":["GET"]}}],"collection":[{"href":"https:\/\/sultanspices.es\/pt\/wp-json\/wp\/v2\/product"}],"about":[{"href":"https:\/\/sultanspices.es\/pt\/wp-json\/wp\/v2\/types\/product"}],"replies":[{"embeddable":true,"href":"https:\/\/sultanspices.es\/pt\/wp-json\/wp\/v2\/comments?post=3975"}],"wp:featuredmedia":[{"embeddable":true,"href":"https:\/\/sultanspices.es\/pt\/wp-json\/wp\/v2\/media\/4004"}],"wp:attachment":[{"href":"https:\/\/sultanspices.es\/pt\/wp-json\/wp\/v2\/media?parent=3975"}],"wp:term":[{"taxonomy":"product_brand","embeddable":true,"href":"https:\/\/sultanspices.es\/pt\/wp-json\/wp\/v2\/product_brand?post=3975"},{"taxonomy":"product_cat","embeddable":true,"href":"https:\/\/sultanspices.es\/pt\/wp-json\/wp\/v2\/product_cat?post=3975"},{"taxonomy":"product_tag","embeddable":true,"href":"https:\/\/sultanspices.es\/pt\/wp-json\/wp\/v2\/product_tag?post=3975"}],"curies":[{"name":"wp","href":"https:\/\/api.w.org\/{rel}","templated":true}]}}