{"id":3973,"date":"2024-02-12T09:13:43","date_gmt":"2024-02-12T08:13:43","guid":{"rendered":"https:\/\/sultanspices.es\/pistacho-grano-cru-piel-1k\/"},"modified":"2026-02-23T12:41:12","modified_gmt":"2026-02-23T11:41:12","slug":"pistacho-grano-cru-piel-1k","status":"publish","type":"product","link":"https:\/\/sultanspices.es\/pt\/produto\/pistacho-grano-cru-piel-1k\/","title":{"rendered":"PISTACHO GRANO CRU PIEL 1KG"},"content":{"rendered":"<div class=\"w-full text-token-text-primary\" data-testid=\"conversation-turn-29\">\n<div class=\"px-4 py-2 justify-center text-base md:gap-6 m-auto\">\n<div class=\"flex flex-1 text-base mx-auto gap-3 md:px-5 lg:px-1 xl:px-5 md:max-w-3xl lg:max-w-[40rem] xl:max-w-[48rem] group\">\n<div class=\"relative flex w-full flex-col lg:w-[calc(100%-115px)] agent-turn\">\n<div class=\"flex-col gap-1 md:gap-3\">\n<div class=\"flex flex-grow flex-col max-w-full\">\n<div class=\"min-h-[20px] text-message flex flex-col items-start gap-3 whitespace-pre-wrap break-words [.text-message+&amp;]:mt-5 overflow-x-auto\" data-message-author-role=\"assistant\" data-message-id=\"ca404810-b000-46f9-9519-b09663555a6f\">\n<div class=\"markdown prose w-full break-words dark:prose-invert dark\">\n<p>Delicie-se com a bondade natural dos Pist\u00e1cios inteiros crus (Piel) 1kg, dispon\u00edveis no Sultan Spices &amp; Supermarket. Estes pist\u00e1cios de primeira qualidade s\u00e3o meticulosamente seleccionados e embalados para oferecer a mais elevada qualidade e frescura, diretamente na sua cozinha.<\/p>\n<p>Repletos de nutrientes essenciais, os pist\u00e1cios crus oferecem uma croc\u00e2ncia satisfat\u00f3ria e um sabor rico a nozes que \u00e9 perfeito para petiscar ou incorporar nas suas receitas favoritas. Quer os polvilhe em saladas, os transforme em sobremesas ou os aprecie sozinhos, estes pist\u00e1cios v\u00e3o certamente deliciar as suas papilas gustativas.<\/p>\n<p>Cada pist\u00e1cio est\u00e1 envolto na sua pele natural, preservando a sua frescura e sabor. Com uma embalagem pr\u00e1tica de 1 kg, ter\u00e1 uma grande quantidade destes frutos secos nutritivos para saborear sempre que lhe apetecer.<\/p>\n<p>Experimente a bondade natural dos Pist\u00e1cios inteiros crus (Piel) 1kg, dispon\u00edveis agora no Sultan Spices &amp; Supermarket, o seu destino online de confian\u00e7a para ingredientes de qualidade em Espanha. Eleve a sua experi\u00eancia de petiscar e adicione um toque de bondade de nozes \u00e0 sua vida hoje.<\/p>\n<\/div>\n<\/div>\n<\/div>\n<\/div>\n<\/div>\n<\/div>\n<\/div>\n<\/div>","protected":false},"excerpt":{"rendered":"<p>Delicie-se com a bondade natural dos Pist\u00e1cios inteiros crus (Piel) 1kg, dispon\u00edveis no Sultan Spices &amp; Supermarket. Estes pist\u00e1cios de primeira qualidade s\u00e3o meticulosamente seleccionados e embalados para oferecer a mais elevada qualidade e frescura, diretamente na sua cozinha. Repletos de nutrientes essenciais, os pist\u00e1cios crus oferecem uma croc\u00e2ncia satisfat\u00f3ria e um sabor rico a nozes que \u00e9 perfeito para petiscar...<\/p>","protected":false},"featured_media":4008,"comment_status":"open","ping_status":"closed","template":"","meta":{"_kad_blocks_custom_css":"","_kad_blocks_head_custom_js":"","_kad_blocks_body_custom_js":"","_kad_blocks_footer_custom_js":"","_kadence_starter_templates_imported_post":false,"_kad_post_transparent":"default","_kad_post_title":"","_kad_post_layout":"default","_kad_post_sidebar_id":"","_kad_post_content_style":"default","_kad_post_vertical_padding":"default","_kad_post_feature":"","_kad_post_feature_position":"","_kad_post_header":false,"_kad_post_footer":false,"_kad_post_classname":""},"product_brand":[],"product_cat":[60],"product_tag":[],"class_list":{"0":"post-3973","1":"product","2":"type-product","3":"status-publish","4":"has-post-thumbnail","6":"product_cat-dry-fruits","8":"first","9":"instock","10":"shipping-taxable","11":"purchasable","12":"product-type-simple","13":"entry","14":"content-bg","15":"loop-entry"},"taxonomy_info":{"product_cat":[{"value":60,"label":"Dry Fruits"}]},"featured_image_src_large":["https:\/\/sultanspices.es\/wp-content\/uploads\/2024\/02\/ProductsPIX-11-1024x1024.png",1024,1024,true],"author_info":[],"comment_info":0,"jetpack_sharing_enabled":true,"_links":{"self":[{"href":"https:\/\/sultanspices.es\/pt\/wp-json\/wp\/v2\/product\/3973","targetHints":{"allow":["GET"]}}],"collection":[{"href":"https:\/\/sultanspices.es\/pt\/wp-json\/wp\/v2\/product"}],"about":[{"href":"https:\/\/sultanspices.es\/pt\/wp-json\/wp\/v2\/types\/product"}],"replies":[{"embeddable":true,"href":"https:\/\/sultanspices.es\/pt\/wp-json\/wp\/v2\/comments?post=3973"}],"wp:featuredmedia":[{"embeddable":true,"href":"https:\/\/sultanspices.es\/pt\/wp-json\/wp\/v2\/media\/4008"}],"wp:attachment":[{"href":"https:\/\/sultanspices.es\/pt\/wp-json\/wp\/v2\/media?parent=3973"}],"wp:term":[{"taxonomy":"product_brand","embeddable":true,"href":"https:\/\/sultanspices.es\/pt\/wp-json\/wp\/v2\/product_brand?post=3973"},{"taxonomy":"product_cat","embeddable":true,"href":"https:\/\/sultanspices.es\/pt\/wp-json\/wp\/v2\/product_cat?post=3973"},{"taxonomy":"product_tag","embeddable":true,"href":"https:\/\/sultanspices.es\/pt\/wp-json\/wp\/v2\/product_tag?post=3973"}],"curies":[{"name":"wp","href":"https:\/\/api.w.org\/{rel}","templated":true}]}}