{"id":3972,"date":"2024-02-12T09:13:40","date_gmt":"2024-02-12T08:13:40","guid":{"rendered":"https:\/\/sultanspices.es\/pickle-pachranga-mix-800g\/"},"modified":"2025-10-18T18:43:25","modified_gmt":"2025-10-18T16:43:25","slug":"pickle-pachranga-mix-800g","status":"publish","type":"product","link":"https:\/\/sultanspices.es\/pt\/produto\/pickle-pachranga-mix-800g\/","title":{"rendered":"MISTURA DE PICKLE PACHRANGA 800G"},"content":{"rendered":"<div class=\"flex-1 overflow-hidden\">\n<div class=\"react-scroll-to-bottom--css-qbbne-79elbk h-full\">\n<div class=\"react-scroll-to-bottom--css-qbbne-1n7m0yu\">\n<div class=\"flex flex-col pb-9 text-sm\">\n<div class=\"w-full text-token-text-primary\" data-testid=\"conversation-turn-31\">\n<div class=\"px-4 py-2 justify-center text-base md:gap-6 m-auto\">\n<div class=\"flex flex-1 text-base mx-auto gap-3 md:px-5 lg:px-1 xl:px-5 md:max-w-3xl lg:max-w-[40rem] xl:max-w-[48rem] group final-completion\">\n<div class=\"relative flex w-full flex-col lg:w-[calc(100%-115px)] agent-turn\">\n<div class=\"flex-col gap-1 md:gap-3\">\n<div class=\"flex flex-grow flex-col max-w-full\">\n<div class=\"min-h-[20px] text-message flex flex-col items-start gap-3 whitespace-pre-wrap break-words [.text-message+&amp;]:mt-5 overflow-x-auto\" data-message-author-role=\"assistant\" data-message-id=\"ffc12158-adab-403f-b33b-fcd0770ec4ce\">\n<div class=\"markdown prose w-full break-words dark:prose-invert dark\">\n<p>Experimente o aut\u00eantico sabor da \u00cdndia com Pachranga Mixed Pickle 800g, agora dispon\u00edvel no Sultan Spices &amp; Supermarket. Esta deliciosa mistura de pickles re\u00fane uma mistura harmoniosa de sabores picantes, condimentados e salgados, criando uma experi\u00eancia culin\u00e1ria verdadeiramente inesquec\u00edvel.<\/p>\n<p>O Pickle Misto Pachranga \u00e9 feito a partir de uma sele\u00e7\u00e3o diversificada de legumes e frutas, incluindo manga, lima, pimentos e muito mais, todos marinados numa mistura tradicional de especiarias arom\u00e1ticas e vinagre picante. Cada dentada oferece uma explos\u00e3o de sabor que ir\u00e1 certamente seduzir as suas papilas gustativas.<\/p>\n<p>Quer esteja a combin\u00e1-lo com arroz, naan ou com o seu caril favorito, o Pickle Misto Pachranga d\u00e1 um toque picante a qualquer refei\u00e7\u00e3o. A sua natureza vers\u00e1til torna-o um acompanhamento perfeito para uma vasta gama de pratos, elevando a sua experi\u00eancia gastron\u00f3mica a cada colherada.<\/p>\n<p>Experimente o aut\u00eantico sabor da \u00cdndia com Pachranga Mixed Pickle 800g, agora dispon\u00edvel no Sultan Spices &amp; Supermarket, o seu principal destino online para artigos de mercearia indianos aut\u00eanticos em Espanha. Adicione uma explos\u00e3o de sabor \u00e0s suas refei\u00e7\u00f5es e desfrute da verdadeira ess\u00eancia da cozinha indiana.<\/p>\n<\/div>\n<\/div>\n<\/div>\n<\/div>\n<\/div>\n<\/div>\n<\/div>\n<\/div>\n<\/div>\n<\/div>\n<\/div>\n<\/div>","protected":false},"excerpt":{"rendered":"<p>Experimente o aut\u00eantico sabor da \u00cdndia com Pachranga Mixed Pickle 800g, agora dispon\u00edvel no Sultan Spices &amp; Supermarket. Esta deliciosa mistura de pickles re\u00fane uma mistura harmoniosa de sabores picantes, condimentados e salgados, criando uma experi\u00eancia culin\u00e1ria verdadeiramente inesquec\u00edvel. O Pickle Misto Pachranga \u00e9 feito a partir de uma sele\u00e7\u00e3o diversificada de vegetais e frutas, incluindo manga,...<\/p>","protected":false},"featured_media":4009,"comment_status":"open","ping_status":"closed","template":"","meta":{"_kad_blocks_custom_css":"","_kad_blocks_head_custom_js":"","_kad_blocks_body_custom_js":"","_kad_blocks_footer_custom_js":"","_kadence_starter_templates_imported_post":false,"_kad_post_transparent":"default","_kad_post_title":"","_kad_post_layout":"default","_kad_post_sidebar_id":"","_kad_post_content_style":"default","_kad_post_vertical_padding":"default","_kad_post_feature":"","_kad_post_feature_position":"","_kad_post_header":false,"_kad_post_footer":false,"_kad_post_classname":""},"product_brand":[],"product_cat":[55],"product_tag":[],"class_list":{"0":"post-3972","1":"product","2":"type-product","3":"status-publish","4":"has-post-thumbnail","6":"product_cat-pastes","8":"first","9":"outofstock","10":"shipping-taxable","11":"purchasable","12":"product-type-simple","13":"entry","14":"content-bg","15":"loop-entry"},"taxonomy_info":{"product_cat":[{"value":55,"label":"Pastes, Pickles &amp; Sauces"}]},"featured_image_src_large":["https:\/\/sultanspices.es\/wp-content\/uploads\/2024\/02\/ProductsPIX-12-1024x1024.png",1024,1024,true],"author_info":[],"comment_info":1,"jetpack_sharing_enabled":true,"_links":{"self":[{"href":"https:\/\/sultanspices.es\/pt\/wp-json\/wp\/v2\/product\/3972","targetHints":{"allow":["GET"]}}],"collection":[{"href":"https:\/\/sultanspices.es\/pt\/wp-json\/wp\/v2\/product"}],"about":[{"href":"https:\/\/sultanspices.es\/pt\/wp-json\/wp\/v2\/types\/product"}],"replies":[{"embeddable":true,"href":"https:\/\/sultanspices.es\/pt\/wp-json\/wp\/v2\/comments?post=3972"}],"wp:featuredmedia":[{"embeddable":true,"href":"https:\/\/sultanspices.es\/pt\/wp-json\/wp\/v2\/media\/4009"}],"wp:attachment":[{"href":"https:\/\/sultanspices.es\/pt\/wp-json\/wp\/v2\/media?parent=3972"}],"wp:term":[{"taxonomy":"product_brand","embeddable":true,"href":"https:\/\/sultanspices.es\/pt\/wp-json\/wp\/v2\/product_brand?post=3972"},{"taxonomy":"product_cat","embeddable":true,"href":"https:\/\/sultanspices.es\/pt\/wp-json\/wp\/v2\/product_cat?post=3972"},{"taxonomy":"product_tag","embeddable":true,"href":"https:\/\/sultanspices.es\/pt\/wp-json\/wp\/v2\/product_tag?post=3972"}],"curies":[{"name":"wp","href":"https:\/\/api.w.org\/{rel}","templated":true}]}}