{"id":3971,"date":"2024-02-12T09:13:37","date_gmt":"2024-02-12T08:13:37","guid":{"rendered":"https:\/\/sultanspices.es\/pickle-pachranga-lasura-800g\/"},"modified":"2026-02-23T12:41:12","modified_gmt":"2026-02-23T11:41:12","slug":"pickle-pachranga-lasura-800g","status":"publish","type":"product","link":"https:\/\/sultanspices.es\/pt\/produto\/pickle-pachranga-lasura-800g\/","title":{"rendered":"PICKLE PACHRANGA LASURA 800G"},"content":{"rendered":"<div class=\"flex-1 overflow-hidden\">\n<div class=\"react-scroll-to-bottom--css-qbbne-79elbk h-full\">\n<div class=\"react-scroll-to-bottom--css-qbbne-1n7m0yu\">\n<div class=\"flex flex-col pb-9 text-sm\">\n<div class=\"w-full text-token-text-primary\" data-testid=\"conversation-turn-33\">\n<div class=\"px-4 py-2 justify-center text-base md:gap-6 m-auto\">\n<div class=\"flex flex-1 text-base mx-auto gap-3 md:px-5 lg:px-1 xl:px-5 md:max-w-3xl lg:max-w-[40rem] xl:max-w-[48rem] group final-completion\">\n<div class=\"relative flex w-full flex-col lg:w-[calc(100%-115px)] agent-turn\">\n<div class=\"flex-col gap-1 md:gap-3\">\n<div class=\"flex flex-grow flex-col max-w-full\">\n<div class=\"min-h-[20px] text-message flex flex-col items-start gap-3 whitespace-pre-wrap break-words [.text-message+&amp;]:mt-5 overflow-x-auto\" data-message-author-role=\"assistant\" data-message-id=\"dfd2505d-68df-4c0d-b292-9b86c322c27f\">\n<div class=\"markdown prose w-full break-words dark:prose-invert dark\">\n<p>Saboreie os sabores aut\u00eanticos da \u00cdndia com Pachranga Lasura Pickle 800g, agora dispon\u00edvel no Sultan Spices &amp; Supermarket. Este pickle tradicional capta a ess\u00eancia da cozinha indiana com o seu perfil picante e condimentado, criando uma experi\u00eancia culin\u00e1ria que \u00e9 simultaneamente saborosa e satisfat\u00f3ria.<\/p>\n<p>O Pickle Pachranga Lasura \u00e9 feito a partir de frutos de lasura colhidos \u00e0 m\u00e3o, conhecidos pelo seu sabor \u00fanico e cor vibrante. Estes frutos s\u00e3o cuidadosamente temperados com uma mistura de especiarias arom\u00e1ticas, incluindo sementes de mostarda, feno-grego e malagueta vermelha em p\u00f3, para criar um pickle repleto de sabor.<\/p>\n<p>Quer o aprecie com arroz, roti ou como acompanhamento do seu caril favorito, o Pachranga Lasura Pickle d\u00e1 um toque picante a qualquer refei\u00e7\u00e3o. A sua natureza vers\u00e1til torna-o um acompanhamento perfeito para uma vasta gama de pratos, real\u00e7ando o seu sabor a cada dentada.<\/p>\n<p>Experimente o aut\u00eantico sabor da \u00cdndia com Pachranga Lasura Pickle 800g, agora dispon\u00edvel no Sultan Spices &amp; Supermarket, a sua fonte online de confian\u00e7a para artigos de mercearia indianos aut\u00eanticos em Espanha. Adicione um toque de especiarias e picante \u00e0s suas refei\u00e7\u00f5es e delicie as suas papilas gustativas com os sabores da \u00cdndia.<\/p>\n<\/div>\n<\/div>\n<\/div>\n<\/div>\n<\/div>\n<\/div>\n<\/div>\n<\/div>\n<\/div>\n<\/div>\n<\/div>\n<\/div>","protected":false},"excerpt":{"rendered":"<p>Saboreie os sabores aut\u00eanticos da \u00cdndia com Pachranga Lasura Pickle 800g, agora dispon\u00edvel no Sultan Spices &amp; Supermarket. Este pickle tradicional capta a ess\u00eancia da cozinha indiana com o seu perfil picante e condimentado, criando uma experi\u00eancia culin\u00e1ria que \u00e9 simultaneamente saborosa e satisfat\u00f3ria. O Pachranga Lasura Pickle \u00e9 feito a partir de frutos de lasura colhidos \u00e0 m\u00e3o, conhecidos pela sua...<\/p>","protected":false},"featured_media":4012,"comment_status":"open","ping_status":"closed","template":"","meta":{"_kad_blocks_custom_css":"","_kad_blocks_head_custom_js":"","_kad_blocks_body_custom_js":"","_kad_blocks_footer_custom_js":"","_kadence_starter_templates_imported_post":false,"_kad_post_transparent":"default","_kad_post_title":"","_kad_post_layout":"default","_kad_post_sidebar_id":"","_kad_post_content_style":"default","_kad_post_vertical_padding":"default","_kad_post_feature":"","_kad_post_feature_position":"","_kad_post_header":false,"_kad_post_footer":false,"_kad_post_classname":""},"product_brand":[],"product_cat":[55],"product_tag":[],"class_list":{"0":"post-3971","1":"product","2":"type-product","3":"status-publish","4":"has-post-thumbnail","6":"product_cat-pastes","8":"first","9":"instock","10":"shipping-taxable","11":"purchasable","12":"product-type-simple","13":"entry","14":"content-bg","15":"loop-entry"},"taxonomy_info":{"product_cat":[{"value":55,"label":"Pastes, Pickles &amp; Sauces"}]},"featured_image_src_large":["https:\/\/sultanspices.es\/wp-content\/uploads\/2024\/02\/ProductsPIX-13-1024x1024.png",1024,1024,true],"author_info":[],"comment_info":0,"jetpack_sharing_enabled":true,"_links":{"self":[{"href":"https:\/\/sultanspices.es\/pt\/wp-json\/wp\/v2\/product\/3971","targetHints":{"allow":["GET"]}}],"collection":[{"href":"https:\/\/sultanspices.es\/pt\/wp-json\/wp\/v2\/product"}],"about":[{"href":"https:\/\/sultanspices.es\/pt\/wp-json\/wp\/v2\/types\/product"}],"replies":[{"embeddable":true,"href":"https:\/\/sultanspices.es\/pt\/wp-json\/wp\/v2\/comments?post=3971"}],"wp:featuredmedia":[{"embeddable":true,"href":"https:\/\/sultanspices.es\/pt\/wp-json\/wp\/v2\/media\/4012"}],"wp:attachment":[{"href":"https:\/\/sultanspices.es\/pt\/wp-json\/wp\/v2\/media?parent=3971"}],"wp:term":[{"taxonomy":"product_brand","embeddable":true,"href":"https:\/\/sultanspices.es\/pt\/wp-json\/wp\/v2\/product_brand?post=3971"},{"taxonomy":"product_cat","embeddable":true,"href":"https:\/\/sultanspices.es\/pt\/wp-json\/wp\/v2\/product_cat?post=3971"},{"taxonomy":"product_tag","embeddable":true,"href":"https:\/\/sultanspices.es\/pt\/wp-json\/wp\/v2\/product_tag?post=3971"}],"curies":[{"name":"wp","href":"https:\/\/api.w.org\/{rel}","templated":true}]}}