{"id":3968,"date":"2024-02-12T09:13:34","date_gmt":"2024-02-12T08:13:34","guid":{"rendered":"https:\/\/sultanspices.es\/peanuts-red-ali-baba-375g\/"},"modified":"2026-02-23T12:41:10","modified_gmt":"2026-02-23T11:41:10","slug":"peanuts-red-ali-baba-375g","status":"publish","type":"product","link":"https:\/\/sultanspices.es\/pt\/produto\/amendoins-vermelhos-ali-baba-375g\/","title":{"rendered":"AMENDOINS VERMELHOS ALI BABA 375G"},"content":{"rendered":"<div class=\"flex-1 overflow-hidden\">\n<div class=\"react-scroll-to-bottom--css-qbbne-79elbk h-full\">\n<div class=\"react-scroll-to-bottom--css-qbbne-1n7m0yu\">\n<div class=\"flex flex-col pb-9 text-sm\">\n<div class=\"w-full text-token-text-primary\" data-testid=\"conversation-turn-35\">\n<div class=\"px-4 py-2 justify-center text-base md:gap-6 m-auto\">\n<div class=\"flex flex-1 text-base mx-auto gap-3 md:px-5 lg:px-1 xl:px-5 md:max-w-3xl lg:max-w-[40rem] xl:max-w-[48rem] group final-completion\">\n<div class=\"relative flex w-full flex-col lg:w-[calc(100%-115px)] agent-turn\">\n<div class=\"flex-col gap-1 md:gap-3\">\n<div class=\"flex flex-grow flex-col max-w-full\">\n<div class=\"min-h-[20px] text-message flex flex-col items-start gap-3 whitespace-pre-wrap break-words [.text-message+&amp;]:mt-5 overflow-x-auto\" data-message-author-role=\"assistant\" data-message-id=\"fb33ab54-e33b-40e8-8e82-803cfd87d77b\">\n<div class=\"markdown prose w-full break-words dark:prose-invert dark\">\n<p>Eleve a sua experi\u00eancia de petiscar com os amendoins vermelhos Ali Baba 375g, agora dispon\u00edveis no Sultan Spices &amp; Supermarket. Estes amendoins de qualidade superior s\u00e3o torrados na perfei\u00e7\u00e3o e revestidos com uma mistura especial de especiarias, oferecendo uma experi\u00eancia de sabor tentadora em cada dentada.<\/p>\n<p>Os amendoins vermelhos Ali Baba apresentam um revestimento vermelho vibrante, sugerindo os sabores arrojados que os esperam. Cada amendoim \u00e9 cuidadosamente temperado com uma mistura \u00fanica de especiarias, criando um equil\u00edbrio harmonioso de calor e sabor que ir\u00e1 certamente satisfazer os seus desejos.<\/p>\n<p>Quer esteja a organizar uma reuni\u00e3o, a desfrutar de uma noite de cinema ou a precisar de um snack saboroso para alimentar o seu dia, os amendoins vermelhos Ali Baba s\u00e3o a escolha perfeita. A sua textura estaladi\u00e7a e o seu toque picante fazem deles um petisco irresist\u00edvel para os apreciadores de snacks de todas as idades.<\/p>\n<p>Experimente os sabores arrojados e viciantes dos amendoins vermelhos Ali Baba 375g, agora dispon\u00edveis no Sultan Spices &amp; Supermarket, o seu destino online de confian\u00e7a para artigos de mercearia indianos aut\u00eanticos em Espanha. Mime-se com uma explos\u00e3o de sabor a cada dentada crocante.<\/p>\n<\/div>\n<\/div>\n<\/div>\n<\/div>\n<\/div>\n<\/div>\n<\/div>\n<\/div>\n<\/div>\n<\/div>\n<\/div>\n<\/div>","protected":false},"excerpt":{"rendered":"<p>Eleve a sua experi\u00eancia de petiscar com os amendoins vermelhos Ali Baba 375g, agora dispon\u00edveis no Sultan Spices &amp; Supermarket. Estes amendoins de qualidade superior s\u00e3o torrados na perfei\u00e7\u00e3o e revestidos com uma mistura especial de especiarias, oferecendo uma experi\u00eancia de sabor tentadora em cada dentada. Os amendoins vermelhos Ali Baba apresentam um revestimento vermelho vibrante, que sugere os sabores arrojados...<\/p>","protected":false},"featured_media":4014,"comment_status":"open","ping_status":"closed","template":"","meta":{"_kad_blocks_custom_css":"","_kad_blocks_head_custom_js":"","_kad_blocks_body_custom_js":"","_kad_blocks_footer_custom_js":"","_kadence_starter_templates_imported_post":false,"_kad_post_transparent":"default","_kad_post_title":"","_kad_post_layout":"default","_kad_post_sidebar_id":"","_kad_post_content_style":"default","_kad_post_vertical_padding":"default","_kad_post_feature":"","_kad_post_feature_position":"","_kad_post_header":false,"_kad_post_footer":false,"_kad_post_classname":""},"product_brand":[],"product_cat":[60],"product_tag":[],"class_list":{"0":"post-3968","1":"product","2":"type-product","3":"status-publish","4":"has-post-thumbnail","6":"product_cat-dry-fruits","8":"first","9":"outofstock","10":"shipping-taxable","11":"purchasable","12":"product-type-simple","13":"entry","14":"content-bg","15":"loop-entry"},"taxonomy_info":{"product_cat":[{"value":60,"label":"Dry Fruits"}]},"featured_image_src_large":["https:\/\/sultanspices.es\/wp-content\/uploads\/2024\/02\/ProductsPIX-14-1024x1024.png",1024,1024,true],"author_info":[],"comment_info":1,"jetpack_sharing_enabled":true,"_links":{"self":[{"href":"https:\/\/sultanspices.es\/pt\/wp-json\/wp\/v2\/product\/3968","targetHints":{"allow":["GET"]}}],"collection":[{"href":"https:\/\/sultanspices.es\/pt\/wp-json\/wp\/v2\/product"}],"about":[{"href":"https:\/\/sultanspices.es\/pt\/wp-json\/wp\/v2\/types\/product"}],"replies":[{"embeddable":true,"href":"https:\/\/sultanspices.es\/pt\/wp-json\/wp\/v2\/comments?post=3968"}],"wp:featuredmedia":[{"embeddable":true,"href":"https:\/\/sultanspices.es\/pt\/wp-json\/wp\/v2\/media\/4014"}],"wp:attachment":[{"href":"https:\/\/sultanspices.es\/pt\/wp-json\/wp\/v2\/media?parent=3968"}],"wp:term":[{"taxonomy":"product_brand","embeddable":true,"href":"https:\/\/sultanspices.es\/pt\/wp-json\/wp\/v2\/product_brand?post=3968"},{"taxonomy":"product_cat","embeddable":true,"href":"https:\/\/sultanspices.es\/pt\/wp-json\/wp\/v2\/product_cat?post=3968"},{"taxonomy":"product_tag","embeddable":true,"href":"https:\/\/sultanspices.es\/pt\/wp-json\/wp\/v2\/product_tag?post=3968"}],"curies":[{"name":"wp","href":"https:\/\/api.w.org\/{rel}","templated":true}]}}