{"id":3961,"date":"2024-02-12T09:13:10","date_gmt":"2024-02-12T08:13:10","guid":{"rendered":"https:\/\/sultanspices.es\/laila-light-medium-atta-20kg\/"},"modified":"2026-02-23T12:40:52","modified_gmt":"2026-02-23T11:40:52","slug":"laila-light-medium-atta-20kg","status":"publish","type":"product","link":"https:\/\/sultanspices.es\/pt\/produto\/laila-light-medium-atta-20kg\/","title":{"rendered":"LAILA LIGHT MEDIUM ATTA 20KG"},"content":{"rendered":"<div class=\"flex-1 overflow-hidden\">\n<div class=\"react-scroll-to-bottom--css-qbbne-79elbk h-full\">\n<div class=\"react-scroll-to-bottom--css-qbbne-1n7m0yu\">\n<div class=\"flex flex-col pb-9 text-sm\">\n<div class=\"w-full text-token-text-primary\" data-testid=\"conversation-turn-49\">\n<div class=\"px-4 py-2 justify-center text-base md:gap-6 m-auto\">\n<div class=\"flex flex-1 text-base mx-auto gap-3 md:px-5 lg:px-1 xl:px-5 md:max-w-3xl lg:max-w-[40rem] xl:max-w-[48rem] group final-completion\">\n<div class=\"relative flex w-full flex-col lg:w-[calc(100%-115px)] agent-turn\">\n<div class=\"flex-col gap-1 md:gap-3\">\n<div class=\"flex flex-grow flex-col max-w-full\">\n<div class=\"min-h-[20px] text-message flex flex-col items-start gap-3 whitespace-pre-wrap break-words [.text-message+&amp;]:mt-5 overflow-x-auto\" data-message-author-role=\"assistant\" data-message-id=\"edb99dd3-2310-4850-91cc-603d48f7af9c\">\n<div class=\"markdown prose w-full break-words dark:prose-invert dark\">\n<p>Descubra o segredo dos rotis fofos e deliciosos com Laila Light Medium Atta 20kg, agora dispon\u00edvel no Sultan Spices &amp; Supermarket. Esta farinha de trigo integral de qualidade superior \u00e9 meticulosamente mo\u00edda at\u00e9 \u00e0 perfei\u00e7\u00e3o, garantindo uma textura e um sabor superiores em cada dentada.<\/p>\n<p>A Laila Light Medium Atta \u00e9 conhecida pela sua consist\u00eancia fina e elevado teor de fibras, o que a torna a escolha ideal para fazer rotis, chapatis e p\u00e3o macios e nutritivos. Quer seja um chefe experiente ou um cozinheiro principiante, apreciar\u00e1 a facilidade de utiliza\u00e7\u00e3o e os excelentes resultados que esta farinha proporciona.<\/p>\n<p>Com a sua embalagem de 20 kg, a Laila Light Medium Atta \u00e9 perfeita para as fam\u00edlias, restaurantes e empresas de catering. Abaste\u00e7a-se desta farinha vers\u00e1til e desfrute da conveni\u00eancia de ter um ingrediente b\u00e1sico \u00e0 m\u00e3o para todas as suas necessidades de panifica\u00e7\u00e3o.<\/p>\n<p>Experimente a diferen\u00e7a que uma farinha de qualidade pode fazer na sua cozinha com Laila Light Medium Atta 20kg, dispon\u00edvel agora no Sultan Spices &amp; Supermarket, a sua fonte online de confian\u00e7a para artigos de mercearia indianos aut\u00eanticos em Espanha. Eleve as suas cria\u00e7\u00f5es culin\u00e1rias com os melhores ingredientes.<\/p>\n<\/div>\n<\/div>\n<\/div>\n<\/div>\n<\/div>\n<\/div>\n<\/div>\n<\/div>\n<\/div>\n<\/div>\n<\/div>\n<\/div>","protected":false},"excerpt":{"rendered":"<p>Descubra o segredo dos rotis fofos e deliciosos com Laila Light Medium Atta 20kg, agora dispon\u00edvel no Sultan Spices &amp; Supermarket. Esta farinha de trigo integral de qualidade superior \u00e9 meticulosamente mo\u00edda at\u00e9 \u00e0 perfei\u00e7\u00e3o, garantindo uma textura e um sabor superiores em cada dentada. A Laila Light Medium Atta \u00e9 conhecida pela sua consist\u00eancia fina e elevado teor de fibras, o que a torna...<\/p>","protected":false},"featured_media":4024,"comment_status":"open","ping_status":"closed","template":"","meta":{"_kad_blocks_custom_css":"","_kad_blocks_head_custom_js":"","_kad_blocks_body_custom_js":"","_kad_blocks_footer_custom_js":"","_kadence_starter_templates_imported_post":false,"_kad_post_transparent":"default","_kad_post_title":"","_kad_post_layout":"default","_kad_post_sidebar_id":"","_kad_post_content_style":"default","_kad_post_vertical_padding":"default","_kad_post_feature":"","_kad_post_feature_position":"","_kad_post_header":false,"_kad_post_footer":false,"_kad_post_classname":""},"product_brand":[],"product_cat":[52],"product_tag":[],"class_list":{"0":"post-3961","1":"product","2":"type-product","3":"status-publish","4":"has-post-thumbnail","6":"product_cat-flour","8":"first","9":"instock","10":"shipping-taxable","11":"purchasable","12":"product-type-simple","13":"entry","14":"content-bg","15":"loop-entry"},"taxonomy_info":{"product_cat":[{"value":52,"label":"Flour"}]},"featured_image_src_large":["https:\/\/sultanspices.es\/wp-content\/uploads\/2024\/02\/ProductsPIX-21-1024x1024.png",1024,1024,true],"author_info":[],"comment_info":0,"jetpack_sharing_enabled":true,"_links":{"self":[{"href":"https:\/\/sultanspices.es\/pt\/wp-json\/wp\/v2\/product\/3961","targetHints":{"allow":["GET"]}}],"collection":[{"href":"https:\/\/sultanspices.es\/pt\/wp-json\/wp\/v2\/product"}],"about":[{"href":"https:\/\/sultanspices.es\/pt\/wp-json\/wp\/v2\/types\/product"}],"replies":[{"embeddable":true,"href":"https:\/\/sultanspices.es\/pt\/wp-json\/wp\/v2\/comments?post=3961"}],"wp:featuredmedia":[{"embeddable":true,"href":"https:\/\/sultanspices.es\/pt\/wp-json\/wp\/v2\/media\/4024"}],"wp:attachment":[{"href":"https:\/\/sultanspices.es\/pt\/wp-json\/wp\/v2\/media?parent=3961"}],"wp:term":[{"taxonomy":"product_brand","embeddable":true,"href":"https:\/\/sultanspices.es\/pt\/wp-json\/wp\/v2\/product_brand?post=3961"},{"taxonomy":"product_cat","embeddable":true,"href":"https:\/\/sultanspices.es\/pt\/wp-json\/wp\/v2\/product_cat?post=3961"},{"taxonomy":"product_tag","embeddable":true,"href":"https:\/\/sultanspices.es\/pt\/wp-json\/wp\/v2\/product_tag?post=3961"}],"curies":[{"name":"wp","href":"https:\/\/api.w.org\/{rel}","templated":true}]}}