{"id":3960,"date":"2024-02-12T09:13:08","date_gmt":"2024-02-12T08:13:08","guid":{"rendered":"https:\/\/sultanspices.es\/kurkure-solid-masti-75g\/"},"modified":"2026-04-05T10:13:41","modified_gmt":"2026-04-05T08:13:41","slug":"kurkure-solid-masti-75g","status":"publish","type":"product","link":"https:\/\/sultanspices.es\/pt\/produto\/kurkure-solid-masti-75g\/","title":{"rendered":"KURKURE MASTI S\u00d3LIDO 75G"},"content":{"rendered":"<div class=\"flex-1 overflow-hidden\">\n<div class=\"react-scroll-to-bottom--css-qbbne-79elbk h-full\">\n<div class=\"react-scroll-to-bottom--css-qbbne-1n7m0yu\">\n<div class=\"flex flex-col pb-9 text-sm\">\n<div class=\"w-full text-token-text-primary\" data-testid=\"conversation-turn-51\">\n<div class=\"px-4 py-2 justify-center text-base md:gap-6 m-auto\">\n<div class=\"flex flex-1 text-base mx-auto gap-3 md:px-5 lg:px-1 xl:px-5 md:max-w-3xl lg:max-w-[40rem] xl:max-w-[48rem] group final-completion\">\n<div class=\"relative flex w-full flex-col lg:w-[calc(100%-115px)] agent-turn\">\n<div class=\"flex-col gap-1 md:gap-3\">\n<div class=\"flex flex-grow flex-col max-w-full\">\n<div class=\"min-h-[20px] text-message flex flex-col items-start gap-3 whitespace-pre-wrap break-words [.text-message+&amp;]:mt-5 overflow-x-auto\" data-message-author-role=\"assistant\" data-message-id=\"9b117989-e559-47b6-bc82-793dac310086\">\n<div class=\"markdown prose w-full break-words dark:prose-invert dark\">\n<p>Satisfa\u00e7a os seus desejos de petiscar com Kurkure Solid Masti 75g, agora dispon\u00edvel no Sultan Spices &amp; Supermarket. Estes snacks estaladi\u00e7os e saborosos oferecem uma explos\u00e3o de sabor e textura, perfeitos para mastigar a qualquer hora e em qualquer lugar.<\/p>\n<p>O Kurkure Solid Masti apresenta uma mistura \u00fanica de especiarias e sabores salgados, combinados com o irresist\u00edvel estaladi\u00e7o do milho frito e do arroz. Cada dentada proporciona uma explos\u00e3o de picante e calor, deixando as suas papilas gustativas a formigar de prazer.<\/p>\n<p>Quer esteja a desfrutar de uma noite de cinema em casa, a precisar de um est\u00edmulo r\u00e1pido no trabalho ou a organizar uma reuni\u00e3o com amigos, o Kurkure Solid Masti \u00e9 o companheiro perfeito para um lanche. A sua pr\u00e1tica embalagem de 75g garante que pode desfrutar da sua del\u00edcia em qualquer lugar.<\/p>\n<p>Experimente a alegria de petiscar com Kurkure Solid Masti 75g, dispon\u00edvel agora no Sultan Spices &amp; Supermarket, o seu principal destino online para petiscos indianos aut\u00eanticos em Espanha. Delicie-se com uma del\u00edcia saborosa e crocante que certamente trar\u00e1 um sorriso ao seu rosto.<\/p>\n<\/div>\n<\/div>\n<\/div>\n<\/div>\n<\/div>\n<\/div>\n<\/div>\n<\/div>\n<\/div>\n<\/div>\n<\/div>\n<\/div>","protected":false},"excerpt":{"rendered":"<p>Satisfa\u00e7a os seus desejos de petiscar com Kurkure Solid Masti 75g, agora dispon\u00edvel no Sultan Spices &amp; Supermarket. Estes snacks estaladi\u00e7os e saborosos oferecem uma explos\u00e3o de sabor e textura, perfeitos para mastigar a qualquer hora e em qualquer lugar. Kurkure Solid Masti apresenta uma mistura \u00fanica de especiarias e sabores salgados, combinados com o crocante irresist\u00edvel do milho frito e...<\/p>","protected":false},"featured_media":4027,"comment_status":"open","ping_status":"closed","template":"","meta":{"_kad_blocks_custom_css":"","_kad_blocks_head_custom_js":"","_kad_blocks_body_custom_js":"","_kad_blocks_footer_custom_js":"","_kadence_starter_templates_imported_post":false,"_kad_post_transparent":"default","_kad_post_title":"","_kad_post_layout":"default","_kad_post_sidebar_id":"","_kad_post_content_style":"default","_kad_post_vertical_padding":"default","_kad_post_feature":"","_kad_post_feature_position":"","_kad_post_header":false,"_kad_post_footer":false,"_kad_post_classname":""},"product_brand":[],"product_cat":[56],"product_tag":[],"class_list":{"0":"post-3960","1":"product","2":"type-product","3":"status-publish","4":"has-post-thumbnail","6":"product_cat-indian-snacks","8":"first","9":"instock","10":"shipping-taxable","11":"purchasable","12":"product-type-simple","13":"entry","14":"content-bg","15":"loop-entry"},"taxonomy_info":{"product_cat":[{"value":56,"label":"Snacks"}]},"featured_image_src_large":["https:\/\/sultanspices.es\/wp-content\/uploads\/2024\/02\/ProductsPIX-22-1024x1024.png",1024,1024,true],"author_info":[],"comment_info":1,"jetpack_sharing_enabled":true,"_links":{"self":[{"href":"https:\/\/sultanspices.es\/pt\/wp-json\/wp\/v2\/product\/3960","targetHints":{"allow":["GET"]}}],"collection":[{"href":"https:\/\/sultanspices.es\/pt\/wp-json\/wp\/v2\/product"}],"about":[{"href":"https:\/\/sultanspices.es\/pt\/wp-json\/wp\/v2\/types\/product"}],"replies":[{"embeddable":true,"href":"https:\/\/sultanspices.es\/pt\/wp-json\/wp\/v2\/comments?post=3960"}],"wp:featuredmedia":[{"embeddable":true,"href":"https:\/\/sultanspices.es\/pt\/wp-json\/wp\/v2\/media\/4027"}],"wp:attachment":[{"href":"https:\/\/sultanspices.es\/pt\/wp-json\/wp\/v2\/media?parent=3960"}],"wp:term":[{"taxonomy":"product_brand","embeddable":true,"href":"https:\/\/sultanspices.es\/pt\/wp-json\/wp\/v2\/product_brand?post=3960"},{"taxonomy":"product_cat","embeddable":true,"href":"https:\/\/sultanspices.es\/pt\/wp-json\/wp\/v2\/product_cat?post=3960"},{"taxonomy":"product_tag","embeddable":true,"href":"https:\/\/sultanspices.es\/pt\/wp-json\/wp\/v2\/product_tag?post=3960"}],"curies":[{"name":"wp","href":"https:\/\/api.w.org\/{rel}","templated":true}]}}