{"id":3958,"date":"2024-02-12T09:13:01","date_gmt":"2024-02-12T08:13:01","guid":{"rendered":"https:\/\/sultanspices.es\/kurkure-masala-munch-75g\/"},"modified":"2026-03-22T21:58:18","modified_gmt":"2026-03-22T20:58:18","slug":"kurkure-masala-munch-75g","status":"publish","type":"product","link":"https:\/\/sultanspices.es\/pt\/produto\/kurkure-masala-munch-75g\/","title":{"rendered":"KURKURE MASALA MUNCH 75G"},"content":{"rendered":"<div class=\"flex-1 overflow-hidden\">\n<div class=\"react-scroll-to-bottom--css-qbbne-79elbk h-full\">\n<div class=\"react-scroll-to-bottom--css-qbbne-1n7m0yu\">\n<div class=\"flex flex-col pb-9 text-sm\">\n<div class=\"w-full text-token-text-primary\" data-testid=\"conversation-turn-55\">\n<div class=\"px-4 py-2 justify-center text-base md:gap-6 m-auto\">\n<div class=\"flex flex-1 text-base mx-auto gap-3 md:px-5 lg:px-1 xl:px-5 md:max-w-3xl lg:max-w-[40rem] xl:max-w-[48rem] group final-completion\">\n<div class=\"relative flex w-full flex-col lg:w-[calc(100%-115px)] agent-turn\">\n<div class=\"flex-col gap-1 md:gap-3\">\n<div class=\"flex flex-grow flex-col max-w-full\">\n<div class=\"min-h-[20px] text-message flex flex-col items-start gap-3 whitespace-pre-wrap break-words [.text-message+&amp;]:mt-5 overflow-x-auto\" data-message-author-role=\"assistant\" data-message-id=\"c66da2f9-7022-4da6-ad76-06dafa1d3e30\">\n<div class=\"markdown prose w-full break-words dark:prose-invert dark\">\n<p>Satisfa\u00e7a os seus desejos de petiscar com Kurkure Masala Munch 75g, agora dispon\u00edvel no Sultan Spices &amp; Supermarket. Estes snacks estaladi\u00e7os e saborosos s\u00e3o infundidos com uma mistura tentadora de especiarias, criando uma guloseima deliciosamente viciante que \u00e9 perfeita para qualquer ocasi\u00e3o.<\/p>\n<p>O Kurkure Masala Munch apresenta uma combina\u00e7\u00e3o \u00fanica de sabores saborosos e texturas estaladi\u00e7as, criada a partir de milho e arroz fritos. Cada dentada proporciona uma explos\u00e3o de sabor arrojado de masala, seduzindo as suas papilas gustativas com cada tritura\u00e7\u00e3o.<\/p>\n<p>Quer esteja a desfrutar de uma noite de cinema em casa, a precisar de um est\u00edmulo r\u00e1pido no trabalho ou a organizar uma reuni\u00e3o com amigos, o Kurkure Masala Munch \u00e9 o companheiro perfeito para um lanche. A sua pr\u00e1tica embalagem de 75g garante que pode desfrutar da sua del\u00edcia em qualquer lugar.<\/p>\n<p>Experimente a alegria de petiscar com Kurkure Masala Munch 75g, dispon\u00edvel agora no Sultan Spices &amp; Supermarket, o seu principal destino online para aut\u00eanticos snacks indianos em Espanha. Delicie-se com uma indulg\u00eancia saborosa e crocante que certamente ir\u00e1 apimentar o seu dia.<\/p>\n<\/div>\n<\/div>\n<\/div>\n<\/div>\n<\/div>\n<\/div>\n<\/div>\n<\/div>\n<\/div>\n<\/div>\n<\/div>\n<\/div>","protected":false},"excerpt":{"rendered":"<p>Satisfa\u00e7a os seus desejos de petiscar com Kurkure Masala Munch 75g, agora dispon\u00edvel no Sultan Spices &amp; Supermarket. Estes snacks estaladi\u00e7os e saborosos s\u00e3o infundidos com uma mistura tentadora de especiarias, criando uma guloseima deliciosamente viciante que \u00e9 perfeita para qualquer ocasi\u00e3o. O Kurkure Masala Munch apresenta uma combina\u00e7\u00e3o \u00fanica de sabores saborosos e texturas estaladi\u00e7as, criadas a partir de...<\/p>","protected":false},"featured_media":4031,"comment_status":"open","ping_status":"closed","template":"","meta":{"_kad_blocks_custom_css":"","_kad_blocks_head_custom_js":"","_kad_blocks_body_custom_js":"","_kad_blocks_footer_custom_js":"","_kadence_starter_templates_imported_post":false,"_kad_post_transparent":"default","_kad_post_title":"","_kad_post_layout":"default","_kad_post_sidebar_id":"","_kad_post_content_style":"default","_kad_post_vertical_padding":"default","_kad_post_feature":"","_kad_post_feature_position":"","_kad_post_header":false,"_kad_post_footer":false,"_kad_post_classname":""},"product_brand":[],"product_cat":[56],"product_tag":[],"class_list":{"0":"post-3958","1":"product","2":"type-product","3":"status-publish","4":"has-post-thumbnail","6":"product_cat-indian-snacks","8":"first","9":"outofstock","10":"shipping-taxable","11":"purchasable","12":"product-type-simple","13":"entry","14":"content-bg","15":"loop-entry"},"taxonomy_info":{"product_cat":[{"value":56,"label":"Snacks"}]},"featured_image_src_large":["https:\/\/sultanspices.es\/wp-content\/uploads\/2024\/02\/ProductsPIX-24-1024x1024.png",1024,1024,true],"author_info":[],"comment_info":0,"jetpack_sharing_enabled":true,"_links":{"self":[{"href":"https:\/\/sultanspices.es\/pt\/wp-json\/wp\/v2\/product\/3958","targetHints":{"allow":["GET"]}}],"collection":[{"href":"https:\/\/sultanspices.es\/pt\/wp-json\/wp\/v2\/product"}],"about":[{"href":"https:\/\/sultanspices.es\/pt\/wp-json\/wp\/v2\/types\/product"}],"replies":[{"embeddable":true,"href":"https:\/\/sultanspices.es\/pt\/wp-json\/wp\/v2\/comments?post=3958"}],"wp:featuredmedia":[{"embeddable":true,"href":"https:\/\/sultanspices.es\/pt\/wp-json\/wp\/v2\/media\/4031"}],"wp:attachment":[{"href":"https:\/\/sultanspices.es\/pt\/wp-json\/wp\/v2\/media?parent=3958"}],"wp:term":[{"taxonomy":"product_brand","embeddable":true,"href":"https:\/\/sultanspices.es\/pt\/wp-json\/wp\/v2\/product_brand?post=3958"},{"taxonomy":"product_cat","embeddable":true,"href":"https:\/\/sultanspices.es\/pt\/wp-json\/wp\/v2\/product_cat?post=3958"},{"taxonomy":"product_tag","embeddable":true,"href":"https:\/\/sultanspices.es\/pt\/wp-json\/wp\/v2\/product_tag?post=3958"}],"curies":[{"name":"wp","href":"https:\/\/api.w.org\/{rel}","templated":true}]}}