{"id":3957,"date":"2024-02-12T09:12:58","date_gmt":"2024-02-12T08:12:58","guid":{"rendered":"https:\/\/sultanspices.es\/kolson-slanty-vegetable-60g\/"},"modified":"2026-02-23T12:40:52","modified_gmt":"2026-02-23T11:40:52","slug":"kolson-slanty-vegetable-60g","status":"publish","type":"product","link":"https:\/\/sultanspices.es\/pt\/produto\/kolson-slanty-vegetal-60g\/","title":{"rendered":"KOLSON SLANTY VEGETAL 60G"},"content":{"rendered":"<div class=\"flex-1 overflow-hidden\">\n<div class=\"react-scroll-to-bottom--css-qbbne-79elbk h-full\">\n<div class=\"react-scroll-to-bottom--css-qbbne-1n7m0yu\">\n<div class=\"flex flex-col pb-9 text-sm\">\n<div class=\"w-full text-token-text-primary\" data-testid=\"conversation-turn-57\">\n<div class=\"px-4 py-2 justify-center text-base md:gap-6 m-auto\">\n<div class=\"flex flex-1 text-base mx-auto gap-3 md:px-5 lg:px-1 xl:px-5 md:max-w-3xl lg:max-w-[40rem] xl:max-w-[48rem] group final-completion\">\n<div class=\"relative flex w-full flex-col lg:w-[calc(100%-115px)] agent-turn\">\n<div class=\"flex-col gap-1 md:gap-3\">\n<div class=\"flex flex-grow flex-col max-w-full\">\n<div class=\"min-h-[20px] text-message flex flex-col items-start gap-3 whitespace-pre-wrap break-words [.text-message+&amp;]:mt-5 overflow-x-auto\" data-message-author-role=\"assistant\" data-message-id=\"e789f7f7-008f-48fa-8dbf-7a2af53c1320\">\n<div class=\"markdown prose w-full break-words dark:prose-invert dark\">\n<p>Desfrute da bondade estaladi\u00e7a de Kolson Slanty Vegetable 60g, agora dispon\u00edvel no Sultan Spices &amp; Supermarket. Estes snacks salgados oferecem um toque delicioso com os sabores dos legumes frescos, tornando-os num petisco saboroso e satisfat\u00f3rio para qualquer hora do lanche.<\/p>\n<p>Kolson Slanty Vegetable apresenta snacks estaladi\u00e7os e inclinados feitos com ingredientes da melhor qualidade, incluindo farinha de milho e extractos de vegetais. Cada dentada est\u00e1 repleta da bondade saud\u00e1vel dos vegetais, proporcionando uma explos\u00e3o de sabor e textura em cada tritura\u00e7\u00e3o.<\/p>\n<p>Perfeito para mastigar em viagem, desfrutar durante as noites de cinema ou servir como uma op\u00e7\u00e3o de lanche divertido para reuni\u00f5es, o Kolson Slanty Vegetable ser\u00e1 certamente um sucesso entre os entusiastas de lanches de todas as idades. A sua pr\u00e1tica embalagem de 60 g torna-a f\u00e1cil de transportar e partilhar onde quer que v\u00e1.<\/p>\n<p>Experimente a deliciosa fus\u00e3o de snacks estaladi\u00e7os e vegetais com Kolson Slanty Vegetable 60g, agora dispon\u00edvel no Sultan Spices &amp; Supermarket, o seu destino online de confian\u00e7a para snacks aut\u00eanticos em Espanha. Mime-se com um snack saboroso que \u00e9 divertido e satisfat\u00f3rio.<\/p>\n<\/div>\n<\/div>\n<\/div>\n<\/div>\n<\/div>\n<\/div>\n<\/div>\n<\/div>\n<\/div>\n<\/div>\n<\/div>\n<\/div>","protected":false},"excerpt":{"rendered":"<p>Desfrute da bondade crocante de Kolson Slanty Vegetable 60g, agora dispon\u00edvel no Sultan Spices &amp; Supermarket. Estes snacks saborosos oferecem um toque delicioso com os sabores dos legumes frescos, tornando-os num deleite saboroso e satisfat\u00f3rio para qualquer hora do lanche. Kolson Slanty Vegetable apresenta snacks estaladi\u00e7os e inclinados feitos com ingredientes da melhor qualidade, incluindo...<\/p>","protected":false},"featured_media":4033,"comment_status":"open","ping_status":"closed","template":"","meta":{"_kad_blocks_custom_css":"","_kad_blocks_head_custom_js":"","_kad_blocks_body_custom_js":"","_kad_blocks_footer_custom_js":"","_kadence_starter_templates_imported_post":false,"_kad_post_transparent":"default","_kad_post_title":"","_kad_post_layout":"default","_kad_post_sidebar_id":"","_kad_post_content_style":"default","_kad_post_vertical_padding":"default","_kad_post_feature":"","_kad_post_feature_position":"","_kad_post_header":false,"_kad_post_footer":false,"_kad_post_classname":""},"product_brand":[],"product_cat":[56],"product_tag":[],"class_list":{"0":"post-3957","1":"product","2":"type-product","3":"status-publish","4":"has-post-thumbnail","6":"product_cat-indian-snacks","8":"first","9":"instock","10":"shipping-taxable","11":"purchasable","12":"product-type-simple","13":"entry","14":"content-bg","15":"loop-entry"},"taxonomy_info":{"product_cat":[{"value":56,"label":"Snacks"}]},"featured_image_src_large":["https:\/\/sultanspices.es\/wp-content\/uploads\/2024\/02\/ProductsPIX-25-1024x1024.png",1024,1024,true],"author_info":[],"comment_info":0,"jetpack_sharing_enabled":true,"_links":{"self":[{"href":"https:\/\/sultanspices.es\/pt\/wp-json\/wp\/v2\/product\/3957","targetHints":{"allow":["GET"]}}],"collection":[{"href":"https:\/\/sultanspices.es\/pt\/wp-json\/wp\/v2\/product"}],"about":[{"href":"https:\/\/sultanspices.es\/pt\/wp-json\/wp\/v2\/types\/product"}],"replies":[{"embeddable":true,"href":"https:\/\/sultanspices.es\/pt\/wp-json\/wp\/v2\/comments?post=3957"}],"wp:featuredmedia":[{"embeddable":true,"href":"https:\/\/sultanspices.es\/pt\/wp-json\/wp\/v2\/media\/4033"}],"wp:attachment":[{"href":"https:\/\/sultanspices.es\/pt\/wp-json\/wp\/v2\/media?parent=3957"}],"wp:term":[{"taxonomy":"product_brand","embeddable":true,"href":"https:\/\/sultanspices.es\/pt\/wp-json\/wp\/v2\/product_brand?post=3957"},{"taxonomy":"product_cat","embeddable":true,"href":"https:\/\/sultanspices.es\/pt\/wp-json\/wp\/v2\/product_cat?post=3957"},{"taxonomy":"product_tag","embeddable":true,"href":"https:\/\/sultanspices.es\/pt\/wp-json\/wp\/v2\/product_tag?post=3957"}],"curies":[{"name":"wp","href":"https:\/\/api.w.org\/{rel}","templated":true}]}}