{"id":3955,"date":"2024-02-12T09:12:53","date_gmt":"2024-02-12T08:12:53","guid":{"rendered":"https:\/\/sultanspices.es\/kolson-slanty-jalapeno-60g\/"},"modified":"2026-03-31T18:37:41","modified_gmt":"2026-03-31T16:37:41","slug":"kolson-slanty-jalapeno-60g","status":"publish","type":"product","link":"https:\/\/sultanspices.es\/pt\/produto\/kolson-slanty-jalapeno-60g\/","title":{"rendered":"KOLSON SLANTY JALAPENO 60G"},"content":{"rendered":"<div class=\"flex-1 overflow-hidden\">\n<div class=\"react-scroll-to-bottom--css-qbbne-79elbk h-full\">\n<div class=\"react-scroll-to-bottom--css-qbbne-1n7m0yu\">\n<div class=\"flex flex-col pb-9 text-sm\">\n<div class=\"w-full text-token-text-primary\" data-testid=\"conversation-turn-61\">\n<div class=\"px-4 py-2 justify-center text-base md:gap-6 m-auto\">\n<div class=\"flex flex-1 text-base mx-auto gap-3 md:px-5 lg:px-1 xl:px-5 md:max-w-3xl lg:max-w-[40rem] xl:max-w-[48rem] group final-completion\">\n<div class=\"relative flex w-full flex-col lg:w-[calc(100%-115px)] agent-turn\">\n<div class=\"flex-col gap-1 md:gap-3\">\n<div class=\"flex flex-grow flex-col max-w-full\">\n<div class=\"min-h-[20px] text-message flex flex-col items-start gap-3 whitespace-pre-wrap break-words [.text-message+&amp;]:mt-5 overflow-x-auto\" data-message-author-role=\"assistant\" data-message-id=\"ada8898d-4adc-4af5-9853-de8f1cf4c20c\">\n<div class=\"markdown prose w-full break-words dark:prose-invert dark\">\n<p>Experimente um pontap\u00e9 de fogo com Kolson Slanty Jalapeno 60g, agora dispon\u00edvel no Sultan Spices &amp; Supermarket. Estes snacks estaladi\u00e7os s\u00e3o infundidos com o sabor arrojado das pimentas jalapeno, criando um deleite deliciosamente picante para as suas papilas gustativas.<\/p>\n<p>Kolson Slanty Jalapeno apresenta snacks inclinados e estaladi\u00e7os feitos com ingredientes da melhor qualidade, incluindo farinha de milho, temperados com sabor a jalapeno. Cada dentada proporciona uma combina\u00e7\u00e3o tentadora de calor e estaladi\u00e7o, tornando-o um favorito entre os amantes de especiarias.<\/p>\n<p>Quer esteja a desfrutar de uma noite de cinema em casa, a precisar de um snack saboroso no trabalho ou a organizar uma reuni\u00e3o com amigos, o Kolson Slanty Jalapeno vai certamente dar um toque especial \u00e0 sua experi\u00eancia de snack. A sua pr\u00e1tica embalagem de 60g torna-a f\u00e1cil de saborear a qualquer hora e em qualquer lugar.<\/p>\n<p>Satisfa\u00e7a os seus desejos de sabores ousados com Kolson Slanty Jalapeno 60g, dispon\u00edvel agora no Sultan Spices &amp; Supermarket, o seu destino online de confian\u00e7a para snacks aut\u00eanticos em Espanha. Mime-se com uma del\u00edcia picante que o deixar\u00e1 com vontade de comer mais.<\/p>\n<\/div>\n<\/div>\n<\/div>\n<\/div>\n<\/div>\n<\/div>\n<\/div>\n<\/div>\n<\/div>\n<\/div>\n<\/div>\n<\/div>","protected":false},"excerpt":{"rendered":"<p>Experimente um pontap\u00e9 de fogo com Kolson Slanty Jalapeno 60g, agora dispon\u00edvel no Sultan Spices &amp; Supermarket. Estes snacks estaladi\u00e7os s\u00e3o infundidos com o sabor arrojado das pimentas jalapeno, criando um deleite deliciosamente picante para as suas papilas gustativas. Kolson Slanty Jalapeno apresenta snacks inclinados e estaladi\u00e7os feitos com ingredientes da melhor qualidade, incluindo farinha de milho, temperada com...<\/p>","protected":false},"featured_media":4036,"comment_status":"open","ping_status":"closed","template":"","meta":{"_kad_blocks_custom_css":"","_kad_blocks_head_custom_js":"","_kad_blocks_body_custom_js":"","_kad_blocks_footer_custom_js":"","_kadence_starter_templates_imported_post":false,"_kad_post_transparent":"default","_kad_post_title":"","_kad_post_layout":"default","_kad_post_sidebar_id":"","_kad_post_content_style":"default","_kad_post_vertical_padding":"default","_kad_post_feature":"","_kad_post_feature_position":"","_kad_post_header":false,"_kad_post_footer":false,"_kad_post_classname":""},"product_brand":[],"product_cat":[56],"product_tag":[],"class_list":{"0":"post-3955","1":"product","2":"type-product","3":"status-publish","4":"has-post-thumbnail","6":"product_cat-indian-snacks","8":"first","9":"instock","10":"shipping-taxable","11":"purchasable","12":"product-type-simple","13":"entry","14":"content-bg","15":"loop-entry"},"taxonomy_info":{"product_cat":[{"value":56,"label":"Snacks"}]},"featured_image_src_large":["https:\/\/sultanspices.es\/wp-content\/uploads\/2024\/02\/ProductsPIX-27-1024x1024.png",1024,1024,true],"author_info":[],"comment_info":0,"jetpack_sharing_enabled":true,"_links":{"self":[{"href":"https:\/\/sultanspices.es\/pt\/wp-json\/wp\/v2\/product\/3955","targetHints":{"allow":["GET"]}}],"collection":[{"href":"https:\/\/sultanspices.es\/pt\/wp-json\/wp\/v2\/product"}],"about":[{"href":"https:\/\/sultanspices.es\/pt\/wp-json\/wp\/v2\/types\/product"}],"replies":[{"embeddable":true,"href":"https:\/\/sultanspices.es\/pt\/wp-json\/wp\/v2\/comments?post=3955"}],"wp:featuredmedia":[{"embeddable":true,"href":"https:\/\/sultanspices.es\/pt\/wp-json\/wp\/v2\/media\/4036"}],"wp:attachment":[{"href":"https:\/\/sultanspices.es\/pt\/wp-json\/wp\/v2\/media?parent=3955"}],"wp:term":[{"taxonomy":"product_brand","embeddable":true,"href":"https:\/\/sultanspices.es\/pt\/wp-json\/wp\/v2\/product_brand?post=3955"},{"taxonomy":"product_cat","embeddable":true,"href":"https:\/\/sultanspices.es\/pt\/wp-json\/wp\/v2\/product_cat?post=3955"},{"taxonomy":"product_tag","embeddable":true,"href":"https:\/\/sultanspices.es\/pt\/wp-json\/wp\/v2\/product_tag?post=3955"}],"curies":[{"name":"wp","href":"https:\/\/api.w.org\/{rel}","templated":true}]}}