{"id":3952,"date":"2024-02-12T09:12:50","date_gmt":"2024-02-12T08:12:50","guid":{"rendered":"https:\/\/sultanspices.es\/kasuri-methiind-ali-baba-1kg\/"},"modified":"2026-02-23T12:40:44","modified_gmt":"2026-02-23T11:40:44","slug":"kasuri-methiind-ali-baba-1kg","status":"publish","type":"product","link":"https:\/\/sultanspices.es\/pt\/produto\/kasuri-methiind-ali-baba-1kg\/","title":{"rendered":"FENUGREEK LEAVES(KASURI METHI) ALI BABA 1KG"},"content":{"rendered":"<div class=\"w-full text-token-text-primary\" data-testid=\"conversation-turn-67\">\n<div class=\"px-4 py-2 justify-center text-base md:gap-6 m-auto\">\n<div class=\"flex flex-1 text-base mx-auto gap-3 md:px-5 lg:px-1 xl:px-5 md:max-w-3xl lg:max-w-[40rem] xl:max-w-[48rem] group\">\n<div class=\"relative flex w-full flex-col lg:w-[calc(100%-115px)] agent-turn\">\n<div class=\"flex-col gap-1 md:gap-3\">\n<div class=\"flex flex-grow flex-col max-w-full\">\n<div class=\"min-h-[20px] text-message flex flex-col items-start gap-3 whitespace-pre-wrap break-words [.text-message+&amp;]:mt-5 overflow-x-auto\" data-message-author-role=\"assistant\" data-message-id=\"de6a937f-01d5-425b-ae1d-052c56c6f1ad\">\n<div class=\"markdown prose w-full break-words dark:prose-invert dark\">\n<p>Realce o aroma e o sabor das suas cria\u00e7\u00f5es culin\u00e1rias com Ali Baba Kasuri Methi (folhas de feno-grego indianas) 1kg, agora dispon\u00edvel no Sultan Spices &amp; Supermarket. Estas folhas secas de feno-grego de qualidade superior, tamb\u00e9m conhecidas como Kasuri Methi, s\u00e3o um elemento b\u00e1sico da cozinha indiana, apreciadas pelo seu sabor e aroma distintos.<\/p>\n<p>Ali Baba Kasuri Methi \u00e9 obtido a partir das melhores folhas de feno-grego, cuidadosamente secas para preservar a sua ess\u00eancia e sabor naturais. Com o seu aroma \u00fanico que lembra notas doces e ligeiramente amargas, estas folhas secas acrescentam profundidade e complexidade a uma variedade de pratos.<\/p>\n<p>Quer esteja a preparar caril, guisados ou parathas, o Ali Baba Kasuri Methi confere um sabor rico e arom\u00e1tico que eleva os seus cozinhados a novos patamares. Basta esmagar as folhas entre as palmas das m\u00e3os e polvilh\u00e1-las nos seus pratos no final da cozedura para obter uma explos\u00e3o de sabor.<\/p>\n<p>Experimente o sabor aut\u00eantico da cozinha indiana com Ali Baba Kasuri Methi (Indian Fenugreek Leaves) 1kg, dispon\u00edvel agora no Sultan Spices &amp; Supermarket, o seu destino online de confian\u00e7a para ervas e especiarias indianas aut\u00eanticas em Espanha. Eleve os seus pratos com a bondade arom\u00e1tica de Kasuri Methi e delicie os seus sentidos com cada dentada.<\/p>\n<\/div>\n<\/div>\n<\/div>\n<\/div>\n<\/div>\n<\/div>\n<\/div>\n<\/div>","protected":false},"excerpt":{"rendered":"<p>Realce o aroma e o sabor das suas cria\u00e7\u00f5es culin\u00e1rias com Ali Baba Kasuri Methi (folhas de feno-grego indianas) 1kg, agora dispon\u00edvel no Sultan Spices &amp; Supermarket. Estas folhas secas de feno-grego de qualidade superior, tamb\u00e9m conhecidas como Kasuri Methi, s\u00e3o um elemento b\u00e1sico da cozinha indiana, apreciadas pelo seu sabor e aroma distintos. O Ali Baba Kasuri Methi \u00e9 obtido...<\/p>","protected":false},"featured_media":4063,"comment_status":"open","ping_status":"closed","template":"","meta":{"_kad_blocks_custom_css":"","_kad_blocks_head_custom_js":"","_kad_blocks_body_custom_js":"","_kad_blocks_footer_custom_js":"","_kadence_starter_templates_imported_post":false,"_kad_post_transparent":"default","_kad_post_title":"","_kad_post_layout":"default","_kad_post_sidebar_id":"","_kad_post_content_style":"default","_kad_post_vertical_padding":"default","_kad_post_feature":"","_kad_post_feature_position":"","_kad_post_header":false,"_kad_post_footer":false,"_kad_post_classname":""},"product_brand":[],"product_cat":[50],"product_tag":[],"class_list":{"0":"post-3952","1":"product","2":"type-product","3":"status-publish","4":"has-post-thumbnail","6":"product_cat-spices","8":"first","9":"instock","10":"shipping-taxable","11":"purchasable","12":"product-type-simple","13":"entry","14":"content-bg","15":"loop-entry"},"taxonomy_info":{"product_cat":[{"value":50,"label":"Spices"}]},"featured_image_src_large":["https:\/\/sultanspices.es\/wp-content\/uploads\/2024\/02\/ProductsPIX-43-1024x1024.png",1024,1024,true],"author_info":[],"comment_info":1,"jetpack_sharing_enabled":true,"_links":{"self":[{"href":"https:\/\/sultanspices.es\/pt\/wp-json\/wp\/v2\/product\/3952","targetHints":{"allow":["GET"]}}],"collection":[{"href":"https:\/\/sultanspices.es\/pt\/wp-json\/wp\/v2\/product"}],"about":[{"href":"https:\/\/sultanspices.es\/pt\/wp-json\/wp\/v2\/types\/product"}],"replies":[{"embeddable":true,"href":"https:\/\/sultanspices.es\/pt\/wp-json\/wp\/v2\/comments?post=3952"}],"wp:featuredmedia":[{"embeddable":true,"href":"https:\/\/sultanspices.es\/pt\/wp-json\/wp\/v2\/media\/4063"}],"wp:attachment":[{"href":"https:\/\/sultanspices.es\/pt\/wp-json\/wp\/v2\/media?parent=3952"}],"wp:term":[{"taxonomy":"product_brand","embeddable":true,"href":"https:\/\/sultanspices.es\/pt\/wp-json\/wp\/v2\/product_brand?post=3952"},{"taxonomy":"product_cat","embeddable":true,"href":"https:\/\/sultanspices.es\/pt\/wp-json\/wp\/v2\/product_cat?post=3952"},{"taxonomy":"product_tag","embeddable":true,"href":"https:\/\/sultanspices.es\/pt\/wp-json\/wp\/v2\/product_tag?post=3952"}],"curies":[{"name":"wp","href":"https:\/\/api.w.org\/{rel}","templated":true}]}}