{"id":3950,"date":"2024-02-12T09:12:46","date_gmt":"2024-02-12T08:12:46","guid":{"rendered":"https:\/\/sultanspices.es\/jelly-ahmed-strawbery-70g\/"},"modified":"2026-02-23T12:40:49","modified_gmt":"2026-02-23T11:40:49","slug":"jelly-ahmed-strawbery-70g","status":"publish","type":"product","link":"https:\/\/sultanspices.es\/pt\/produto\/gelatina-ahmed-palha-70g\/","title":{"rendered":"GELATINA AHMED STRAWBERY 70G"},"content":{"rendered":"<div class=\"flex-1 overflow-hidden\">\n<div class=\"react-scroll-to-bottom--css-qbbne-79elbk h-full\">\n<div class=\"react-scroll-to-bottom--css-qbbne-1n7m0yu\">\n<div class=\"flex flex-col pb-9 text-sm\">\n<div class=\"w-full text-token-text-primary\" data-testid=\"conversation-turn-69\">\n<div class=\"px-4 py-2 justify-center text-base md:gap-6 m-auto\">\n<div class=\"flex flex-1 text-base mx-auto gap-3 md:px-5 lg:px-1 xl:px-5 md:max-w-3xl lg:max-w-[40rem] xl:max-w-[48rem] group final-completion\">\n<div class=\"relative flex w-full flex-col lg:w-[calc(100%-115px)] agent-turn\">\n<div class=\"flex-col gap-1 md:gap-3\">\n<div class=\"flex flex-grow flex-col max-w-full\">\n<div class=\"min-h-[20px] text-message flex flex-col items-start gap-3 whitespace-pre-wrap break-words [.text-message+&amp;]:mt-5 overflow-x-auto\" data-message-author-role=\"assistant\" data-message-id=\"8a2f32f0-bf1f-42fc-9962-72c90af22c66\">\n<div class=\"markdown prose w-full break-words dark:prose-invert dark\">\n<p>Delicie-se com o sabor delicioso da Ahmed Strawberry Jelly 70g, agora dispon\u00edvel no Sultan Spices &amp; Supermarket. Esta op\u00e7\u00e3o de sobremesa cl\u00e1ssica oferece uma explos\u00e3o de sabor doce e picante, perfeita para satisfazer os seus desejos de doces.<\/p>\n<p>A Ahmed Strawberry Jelly \u00e9 elaborada com cuidado, utilizando ingredientes da melhor qualidade, incluindo o verdadeiro aroma de morango, para garantir uma experi\u00eancia de sabor aut\u00eantica e agrad\u00e1vel. A sua textura suave e gelatinosa torna-a uma op\u00e7\u00e3o de sobremesa refrescante e leve para qualquer ocasi\u00e3o.<\/p>\n<p>A prepara\u00e7\u00e3o da geleia de morango Ahmed \u00e9 r\u00e1pida e f\u00e1cil. Basta dissolver os cristais de geleia em \u00e1gua quente, deixar arrefecer e colocar no frigor\u00edfico e, em pouco tempo, ter\u00e1 uma deliciosa guloseima pronta a saborear. Sirva-a gelada, sozinha ou como cobertura para gelado ou creme, para uma maior satisfa\u00e7\u00e3o.<\/p>\n<p>Experimente a do\u00e7ura da geleia de morango Ahmed 70g, agora dispon\u00edvel no Sultan Spices &amp; Supermarket, a sua fonte online de confian\u00e7a para aut\u00eanticas op\u00e7\u00f5es de sobremesas indianas em Espanha. Delicie-se com a bondade frutada do morango e adicione um toque de do\u00e7ura ao seu dia.<\/p>\n<\/div>\n<\/div>\n<\/div>\n<\/div>\n<\/div>\n<\/div>\n<\/div>\n<\/div>\n<\/div>\n<\/div>\n<\/div>\n<\/div>","protected":false},"excerpt":{"rendered":"<p>Delicie-se com o sabor delicioso da Ahmed Strawberry Jelly 70g, agora dispon\u00edvel no Sultan Spices &amp; Supermarket. Esta op\u00e7\u00e3o de sobremesa cl\u00e1ssica oferece uma explos\u00e3o de sabor doce e picante, perfeita para satisfazer os seus desejos por doces. A geleia de morango Ahmed \u00e9 confeccionada com cuidado, utilizando ingredientes da melhor qualidade, incluindo o verdadeiro aroma de morango, para garantir...<\/p>","protected":false},"featured_media":4041,"comment_status":"open","ping_status":"closed","template":"","meta":{"_kad_blocks_custom_css":"","_kad_blocks_head_custom_js":"","_kad_blocks_body_custom_js":"","_kad_blocks_footer_custom_js":"","_kadence_starter_templates_imported_post":false,"_kad_post_transparent":"default","_kad_post_title":"","_kad_post_layout":"default","_kad_post_sidebar_id":"","_kad_post_content_style":"default","_kad_post_vertical_padding":"default","_kad_post_feature":"","_kad_post_feature_position":"","_kad_post_header":false,"_kad_post_footer":false,"_kad_post_classname":""},"product_brand":[],"product_cat":[48],"product_tag":[],"class_list":{"0":"post-3950","1":"product","2":"type-product","3":"status-publish","4":"has-post-thumbnail","6":"product_cat-dessert-mixes-for-indian-sweets","8":"first","9":"instock","10":"shipping-taxable","11":"purchasable","12":"product-type-simple","13":"entry","14":"content-bg","15":"loop-entry"},"taxonomy_info":{"product_cat":[{"value":48,"label":"Dessert Mixes for Indian Sweets"}]},"featured_image_src_large":["https:\/\/sultanspices.es\/wp-content\/uploads\/2024\/02\/ProductsPIX-30-1024x1024.png",1024,1024,true],"author_info":[],"comment_info":0,"jetpack_sharing_enabled":true,"_links":{"self":[{"href":"https:\/\/sultanspices.es\/pt\/wp-json\/wp\/v2\/product\/3950","targetHints":{"allow":["GET"]}}],"collection":[{"href":"https:\/\/sultanspices.es\/pt\/wp-json\/wp\/v2\/product"}],"about":[{"href":"https:\/\/sultanspices.es\/pt\/wp-json\/wp\/v2\/types\/product"}],"replies":[{"embeddable":true,"href":"https:\/\/sultanspices.es\/pt\/wp-json\/wp\/v2\/comments?post=3950"}],"wp:featuredmedia":[{"embeddable":true,"href":"https:\/\/sultanspices.es\/pt\/wp-json\/wp\/v2\/media\/4041"}],"wp:attachment":[{"href":"https:\/\/sultanspices.es\/pt\/wp-json\/wp\/v2\/media?parent=3950"}],"wp:term":[{"taxonomy":"product_brand","embeddable":true,"href":"https:\/\/sultanspices.es\/pt\/wp-json\/wp\/v2\/product_brand?post=3950"},{"taxonomy":"product_cat","embeddable":true,"href":"https:\/\/sultanspices.es\/pt\/wp-json\/wp\/v2\/product_cat?post=3950"},{"taxonomy":"product_tag","embeddable":true,"href":"https:\/\/sultanspices.es\/pt\/wp-json\/wp\/v2\/product_tag?post=3950"}],"curies":[{"name":"wp","href":"https:\/\/api.w.org\/{rel}","templated":true}]}}