{"id":3949,"date":"2024-02-12T09:12:43","date_gmt":"2024-02-12T08:12:43","guid":{"rendered":"https:\/\/sultanspices.es\/jelly-ahmed-pineapple-70g\/"},"modified":"2026-02-23T12:40:49","modified_gmt":"2026-02-23T11:40:49","slug":"jelly-ahmed-pineapple-70g","status":"publish","type":"product","link":"https:\/\/sultanspices.es\/pt\/produto\/gelatina-ahmed-abacaxi-70g\/","title":{"rendered":"GELATINA AHMED ANAN\u00c1S 70G"},"content":{"rendered":"<div class=\"flex-1 overflow-hidden\">\n<div class=\"react-scroll-to-bottom--css-qbbne-79elbk h-full\">\n<div class=\"react-scroll-to-bottom--css-qbbne-1n7m0yu\">\n<div class=\"flex flex-col pb-9 text-sm\">\n<div class=\"w-full text-token-text-primary\" data-testid=\"conversation-turn-71\">\n<div class=\"px-4 py-2 justify-center text-base md:gap-6 m-auto\">\n<div class=\"flex flex-1 text-base mx-auto gap-3 md:px-5 lg:px-1 xl:px-5 md:max-w-3xl lg:max-w-[40rem] xl:max-w-[48rem] group final-completion\">\n<div class=\"relative flex w-full flex-col lg:w-[calc(100%-115px)] agent-turn\">\n<div class=\"flex-col gap-1 md:gap-3\">\n<div class=\"flex flex-grow flex-col max-w-full\">\n<div class=\"min-h-[20px] text-message flex flex-col items-start gap-3 whitespace-pre-wrap break-words [.text-message+&amp;]:mt-5 overflow-x-auto\" data-message-author-role=\"assistant\" data-message-id=\"650dc301-b4dc-42fc-9c72-d397f925e7f2\">\n<div class=\"markdown prose w-full break-words dark:prose-invert dark\">\n<p>Experimente os sabores tropicais da Ahmed Pineapple Jelly 70g, agora dispon\u00edvel no Sultan Spices &amp; Supermarket. Esta deliciosa op\u00e7\u00e3o de sobremesa oferece uma explos\u00e3o de sabor doce e picante de anan\u00e1s, perfeita para satisfazer as suas papilas gustativas com um sabor do para\u00edso.<\/p>\n<p>Criada com cuidado utilizando ingredientes de qualidade superior, incluindo extrato de anan\u00e1s verdadeiro, a Ahmed Pineapple Jelly garante uma experi\u00eancia de sabor aut\u00eantica e agrad\u00e1vel. A sua textura suave e gelatinosa torna-a uma op\u00e7\u00e3o de sobremesa refrescante e leve para qualquer ocasi\u00e3o.<\/p>\n<p>Preparar a Geleia de Anan\u00e1s Ahmed \u00e9 r\u00e1pido e sem esfor\u00e7o. Basta dissolver os cristais de geleia em \u00e1gua quente, deixar arrefecer e colocar no frigor\u00edfico e, em poucos minutos, ter\u00e1 uma deliciosa guloseima pronta a saborear. Sirva-a gelada, sozinha ou como cobertura para gelado ou iogurte, para uma maior indulg\u00eancia tropical.<\/p>\n<p>Delicie-se com a do\u00e7ura da geleia de anan\u00e1s Ahmed 70g, agora dispon\u00edvel no Sultan Spices &amp; Supermarket, o seu destino online de confian\u00e7a para aut\u00eanticas op\u00e7\u00f5es de sobremesas indianas em Espanha. Deixe que os sabores tropicais o transportem para um para\u00edso ensolarado com cada mordida deliciosa.<\/p>\n<\/div>\n<\/div>\n<\/div>\n<\/div>\n<\/div>\n<\/div>\n<\/div>\n<\/div>\n<\/div>\n<\/div>\n<\/div>\n<\/div>","protected":false},"excerpt":{"rendered":"<p>Experimente os sabores tropicais da Ahmed Pineapple Jelly 70g, agora dispon\u00edvel no Sultan Spices &amp; Supermarket. Esta deliciosa op\u00e7\u00e3o de sobremesa oferece uma explos\u00e3o de sabor doce e picante de anan\u00e1s, perfeita para satisfazer as suas papilas gustativas com um sabor do para\u00edso. Elaborada com cuidado, utilizando ingredientes de qualidade superior, incluindo extrato de anan\u00e1s verdadeiro, a geleia de anan\u00e1s Ahmed garante um...<\/p>","protected":false},"featured_media":4043,"comment_status":"open","ping_status":"closed","template":"","meta":{"_kad_blocks_custom_css":"","_kad_blocks_head_custom_js":"","_kad_blocks_body_custom_js":"","_kad_blocks_footer_custom_js":"","_kadence_starter_templates_imported_post":false,"_kad_post_transparent":"default","_kad_post_title":"","_kad_post_layout":"default","_kad_post_sidebar_id":"","_kad_post_content_style":"default","_kad_post_vertical_padding":"default","_kad_post_feature":"","_kad_post_feature_position":"","_kad_post_header":false,"_kad_post_footer":false,"_kad_post_classname":""},"product_brand":[],"product_cat":[51,48],"product_tag":[],"class_list":{"0":"post-3949","1":"product","2":"type-product","3":"status-publish","4":"has-post-thumbnail","6":"product_cat-desserts-sweets","7":"product_cat-dessert-mixes-for-indian-sweets","9":"first","10":"instock","11":"shipping-taxable","12":"purchasable","13":"product-type-simple","14":"entry","15":"content-bg","16":"loop-entry"},"taxonomy_info":{"product_cat":[{"value":51,"label":"Desserts and Sweets"},{"value":48,"label":"Dessert Mixes for Indian Sweets"}]},"featured_image_src_large":["https:\/\/sultanspices.es\/wp-content\/uploads\/2024\/02\/ProductsPIX-31-1024x1024.png",1024,1024,true],"author_info":[],"comment_info":0,"jetpack_sharing_enabled":true,"_links":{"self":[{"href":"https:\/\/sultanspices.es\/pt\/wp-json\/wp\/v2\/product\/3949","targetHints":{"allow":["GET"]}}],"collection":[{"href":"https:\/\/sultanspices.es\/pt\/wp-json\/wp\/v2\/product"}],"about":[{"href":"https:\/\/sultanspices.es\/pt\/wp-json\/wp\/v2\/types\/product"}],"replies":[{"embeddable":true,"href":"https:\/\/sultanspices.es\/pt\/wp-json\/wp\/v2\/comments?post=3949"}],"wp:featuredmedia":[{"embeddable":true,"href":"https:\/\/sultanspices.es\/pt\/wp-json\/wp\/v2\/media\/4043"}],"wp:attachment":[{"href":"https:\/\/sultanspices.es\/pt\/wp-json\/wp\/v2\/media?parent=3949"}],"wp:term":[{"taxonomy":"product_brand","embeddable":true,"href":"https:\/\/sultanspices.es\/pt\/wp-json\/wp\/v2\/product_brand?post=3949"},{"taxonomy":"product_cat","embeddable":true,"href":"https:\/\/sultanspices.es\/pt\/wp-json\/wp\/v2\/product_cat?post=3949"},{"taxonomy":"product_tag","embeddable":true,"href":"https:\/\/sultanspices.es\/pt\/wp-json\/wp\/v2\/product_tag?post=3949"}],"curies":[{"name":"wp","href":"https:\/\/api.w.org\/{rel}","templated":true}]}}