{"id":3946,"date":"2024-02-12T09:12:37","date_gmt":"2024-02-12T08:12:37","guid":{"rendered":"https:\/\/sultanspices.es\/javentrymace-ali-baba-50g-2\/"},"modified":"2026-04-15T10:32:46","modified_gmt":"2026-04-15T08:32:46","slug":"javentrymace-ali-baba-50g-2","status":"publish","type":"product","link":"https:\/\/sultanspices.es\/pt\/produto\/javentrymace-ali-baba-50g-2\/","title":{"rendered":"JAVENTRY(MACE) ALI BABA 50G"},"content":{"rendered":"<div class=\"flex-1 overflow-hidden\">\n<div class=\"react-scroll-to-bottom--css-qbbne-79elbk h-full\">\n<div class=\"react-scroll-to-bottom--css-qbbne-1n7m0yu\">\n<div class=\"flex flex-col pb-9 text-sm\">\n<div class=\"w-full text-token-text-primary\" data-testid=\"conversation-turn-77\">\n<div class=\"px-4 py-2 justify-center text-base md:gap-6 m-auto\">\n<div class=\"flex flex-1 text-base mx-auto gap-3 md:px-5 lg:px-1 xl:px-5 md:max-w-3xl lg:max-w-[40rem] xl:max-w-[48rem] group final-completion\">\n<div class=\"relative flex w-full flex-col lg:w-[calc(100%-115px)] agent-turn\">\n<div class=\"flex-col gap-1 md:gap-3\">\n<div class=\"flex flex-grow flex-col max-w-full\">\n<div class=\"min-h-[20px] text-message flex flex-col items-start gap-3 whitespace-pre-wrap break-words [.text-message+&amp;]:mt-5 overflow-x-auto\" data-message-author-role=\"assistant\" data-message-id=\"7b554150-5bf8-47c1-b4b9-4716fe52c8e6\">\n<div class=\"markdown prose w-full break-words dark:prose-invert dark\">\n<p>Eleve as suas cria\u00e7\u00f5es culin\u00e1rias com Ali Baba Javentry (Mace) 50g, agora oferecido no Sultan Spices &amp; Supermarket. Esta especiaria de qualidade superior, tamb\u00e9m conhecida como mace, acrescenta um sabor \u00fanico e arom\u00e1tico aos seus pratos, real\u00e7ando o seu sabor e aroma.<\/p>\n<p>O Ali Baba Javentry \u00e9 meticulosamente obtido e preparado para garantir a mais elevada qualidade e frescura. Colhida da cobertura exterior da semente de noz-moscada, a ma\u00e7a tem um perfil de sabor quente e subtilmente doce, com notas de canela e pimenta.<\/p>\n<p>Perfeito para utilizar tanto em pratos doces como salgados, o Ali Baba Javentry pode ser adicionado a sopas, guisados, pratos de arroz e produtos de pastelaria para conferir um sabor delicado e complexo. A sua natureza vers\u00e1til torna-o um ingrediente b\u00e1sico nas cozinhas indiana, do M\u00e9dio Oriente e europeia.<\/p>\n<p>Experimente a versatilidade culin\u00e1ria do Ali Baba Javentry (Mace) 50g, dispon\u00edvel agora no Sultan Spices &amp; Supermarket, a sua fonte online de confian\u00e7a para especiarias aut\u00eanticas em Espanha. D\u00ea um toque de excel\u00eancia arom\u00e1tica aos seus pratos e eleve a sua cozinha a novos patamares com Javentry.<\/p>\n<\/div>\n<\/div>\n<\/div>\n<\/div>\n<\/div>\n<\/div>\n<\/div>\n<\/div>\n<\/div>\n<\/div>\n<\/div>\n<\/div>","protected":false},"excerpt":{"rendered":"<p>Eleve as suas cria\u00e7\u00f5es culin\u00e1rias com Ali Baba Javentry (Mace) 50g, agora oferecido no Sultan Spices &amp; Supermarket. Esta especiaria de qualidade superior, tamb\u00e9m conhecida como mace, acrescenta um sabor \u00fanico e arom\u00e1tico aos seus pratos, real\u00e7ando o seu sabor e aroma. O Ali Baba Javentry \u00e9 meticulosamente obtido e preparado para garantir a mais elevada qualidade e frescura. Colhido de...<\/p>","protected":false},"featured_media":4047,"comment_status":"open","ping_status":"closed","template":"","meta":{"_kad_blocks_custom_css":"","_kad_blocks_head_custom_js":"","_kad_blocks_body_custom_js":"","_kad_blocks_footer_custom_js":"","_kadence_starter_templates_imported_post":false,"_kad_post_transparent":"default","_kad_post_title":"","_kad_post_layout":"default","_kad_post_sidebar_id":"","_kad_post_content_style":"default","_kad_post_vertical_padding":"default","_kad_post_feature":"","_kad_post_feature_position":"","_kad_post_header":false,"_kad_post_footer":false,"_kad_post_classname":""},"product_brand":[],"product_cat":[50],"product_tag":[],"class_list":{"0":"post-3946","1":"product","2":"type-product","3":"status-publish","4":"has-post-thumbnail","6":"product_cat-spices","8":"first","9":"instock","10":"shipping-taxable","11":"purchasable","12":"product-type-simple","13":"entry","14":"content-bg","15":"loop-entry"},"taxonomy_info":{"product_cat":[{"value":50,"label":"Spices"}]},"featured_image_src_large":["https:\/\/sultanspices.es\/wp-content\/uploads\/2024\/02\/ProductsPIX-34-1024x1024.png",1024,1024,true],"author_info":[],"comment_info":0,"jetpack_sharing_enabled":true,"_links":{"self":[{"href":"https:\/\/sultanspices.es\/pt\/wp-json\/wp\/v2\/product\/3946","targetHints":{"allow":["GET"]}}],"collection":[{"href":"https:\/\/sultanspices.es\/pt\/wp-json\/wp\/v2\/product"}],"about":[{"href":"https:\/\/sultanspices.es\/pt\/wp-json\/wp\/v2\/types\/product"}],"replies":[{"embeddable":true,"href":"https:\/\/sultanspices.es\/pt\/wp-json\/wp\/v2\/comments?post=3946"}],"wp:featuredmedia":[{"embeddable":true,"href":"https:\/\/sultanspices.es\/pt\/wp-json\/wp\/v2\/media\/4047"}],"wp:attachment":[{"href":"https:\/\/sultanspices.es\/pt\/wp-json\/wp\/v2\/media?parent=3946"}],"wp:term":[{"taxonomy":"product_brand","embeddable":true,"href":"https:\/\/sultanspices.es\/pt\/wp-json\/wp\/v2\/product_brand?post=3946"},{"taxonomy":"product_cat","embeddable":true,"href":"https:\/\/sultanspices.es\/pt\/wp-json\/wp\/v2\/product_cat?post=3946"},{"taxonomy":"product_tag","embeddable":true,"href":"https:\/\/sultanspices.es\/pt\/wp-json\/wp\/v2\/product_tag?post=3946"}],"curies":[{"name":"wp","href":"https:\/\/api.w.org\/{rel}","templated":true}]}}