{"id":3944,"date":"2024-02-12T09:12:33","date_gmt":"2024-02-12T08:12:33","guid":{"rendered":"https:\/\/sultanspices.es\/harina-de-maiz-1-kg-pan\/"},"modified":"2026-03-07T12:51:05","modified_gmt":"2026-03-07T11:51:05","slug":"corn-flour-1-kg-pan","status":"publish","type":"product","link":"https:\/\/sultanspices.es\/pt\/produto\/farinha-de-milho-1-kg-pan\/","title":{"rendered":"FARINHA PAN MAIS BRANCA 1KG(PACOTE AMARELO)"},"content":{"rendered":"<div class=\"flex-1 overflow-hidden\">\n<div class=\"react-scroll-to-bottom--css-dyfsc-79elbk h-full\">\n<div class=\"react-scroll-to-bottom--css-dyfsc-1n7m0yu\">\n<div class=\"flex flex-col pb-9 text-sm\">\n<div class=\"w-full text-token-text-primary\" data-testid=\"conversation-turn-81\">\n<div class=\"px-4 py-2 justify-center text-base md:gap-6 m-auto\">\n<div class=\"flex flex-1 text-base mx-auto gap-3 md:px-5 lg:px-1 xl:px-5 md:max-w-3xl lg:max-w-[40rem] xl:max-w-[48rem] group final-completion\">\n<div class=\"relative flex w-full flex-col lg:w-[calc(100%-115px)] agent-turn\">\n<div class=\"flex-col gap-1 md:gap-3\">\n<div class=\"flex flex-grow flex-col max-w-full\">\n<div class=\"min-h-[20px] text-message flex flex-col items-start gap-3 whitespace-pre-wrap break-words [.text-message+&amp;]:mt-5 overflow-x-auto\" data-message-author-role=\"assistant\" data-message-id=\"ba82ec92-eff2-40c3-a7ef-78b64b986eef\">\n<div class=\"markdown prose w-full break-words dark:prose-invert dark\">\n<p>Eleve as suas cria\u00e7\u00f5es culin\u00e1rias com P.A.N. Harina de Ma\u00edz 1kg, agora dispon\u00edvel no Sultan Spices &amp; Supermarket. Esta farinha de milho premium, conhecida pela sua qualidade superior e versatilidade, \u00e9 um ingrediente b\u00e1sico na cozinha latino-americana, perfeito para preparar uma grande variedade de pratos.<\/p>\n<p>A Harina de Ma\u00edz P.A.N. \u00e9 feita a partir de farinha de milho pr\u00e9-cozinhada 100%, finamente mo\u00edda para garantir uma textura suave e um sabor aut\u00eantico. Quer esteja a fazer arepas tradicionais, empanadas, tamales ou p\u00e3o de milho, esta farinha de milho proporciona sempre resultados consistentes.<\/p>\n<p>Com a sua c\u00f3moda embalagem de 1kg, a Harina de Ma\u00edz P.A.N. \u00e9 ideal tanto para cozinheiros dom\u00e9sticos como para chefs profissionais. A sua versatilidade vai para al\u00e9m da cozinha latino-americana, tornando-a um ingrediente valioso para experimentar novas receitas e sabores.<\/p>\n<p>Experimente o sabor e a textura aut\u00eanticos da P.A.N. Harina de Ma\u00edz 1kg, agora dispon\u00edvel no Sultan Spices &amp; Supermarket, a sua fonte online de confian\u00e7a para ingredientes latino-americanos em Espanha. Melhore os seus cozinhados com a farinha de milho da melhor qualidade e desfrute dos deliciosos sabores da cozinha latino-americana em casa.<\/p>\n<\/div>\n<\/div>\n<\/div>\n<\/div>\n<\/div>\n<\/div>\n<\/div>\n<\/div>\n<\/div>\n<\/div>\n<\/div>\n<\/div>","protected":false},"excerpt":{"rendered":"<p>Eleve as suas cria\u00e7\u00f5es culin\u00e1rias com P.A.N. Harina de Ma\u00edz 1kg, agora dispon\u00edvel no Sultan Spices &amp; Supermarket. Esta farinha de milho premium, conhecida pela sua qualidade superior e versatilidade, \u00e9 um ingrediente b\u00e1sico na cozinha latino-americana, perfeito para preparar uma grande variedade de pratos. A Harina de Ma\u00edz P.A.N. \u00e9 feita a partir de farinha de milho pr\u00e9-cozinhada 100%, finamente...<\/p>","protected":false},"featured_media":4050,"comment_status":"open","ping_status":"closed","template":"","meta":{"_kad_blocks_custom_css":"","_kad_blocks_head_custom_js":"","_kad_blocks_body_custom_js":"","_kad_blocks_footer_custom_js":"","_kadence_starter_templates_imported_post":false,"_kad_post_transparent":"default","_kad_post_title":"","_kad_post_layout":"default","_kad_post_sidebar_id":"","_kad_post_content_style":"default","_kad_post_vertical_padding":"default","_kad_post_feature":"","_kad_post_feature_position":"","_kad_post_header":false,"_kad_post_footer":false,"_kad_post_classname":""},"product_brand":[],"product_cat":[52],"product_tag":[],"class_list":{"0":"post-3944","1":"product","2":"type-product","3":"status-publish","4":"has-post-thumbnail","6":"product_cat-flour","8":"first","9":"instock","10":"shipping-taxable","11":"purchasable","12":"product-type-simple","13":"entry","14":"content-bg","15":"loop-entry"},"taxonomy_info":{"product_cat":[{"value":52,"label":"Flour"}]},"featured_image_src_large":["https:\/\/sultanspices.es\/wp-content\/uploads\/2024\/02\/ProductsPIX-36-1024x1024.png",1024,1024,true],"author_info":[],"comment_info":4,"jetpack_sharing_enabled":true,"_links":{"self":[{"href":"https:\/\/sultanspices.es\/pt\/wp-json\/wp\/v2\/product\/3944","targetHints":{"allow":["GET"]}}],"collection":[{"href":"https:\/\/sultanspices.es\/pt\/wp-json\/wp\/v2\/product"}],"about":[{"href":"https:\/\/sultanspices.es\/pt\/wp-json\/wp\/v2\/types\/product"}],"replies":[{"embeddable":true,"href":"https:\/\/sultanspices.es\/pt\/wp-json\/wp\/v2\/comments?post=3944"}],"wp:featuredmedia":[{"embeddable":true,"href":"https:\/\/sultanspices.es\/pt\/wp-json\/wp\/v2\/media\/4050"}],"wp:attachment":[{"href":"https:\/\/sultanspices.es\/pt\/wp-json\/wp\/v2\/media?parent=3944"}],"wp:term":[{"taxonomy":"product_brand","embeddable":true,"href":"https:\/\/sultanspices.es\/pt\/wp-json\/wp\/v2\/product_brand?post=3944"},{"taxonomy":"product_cat","embeddable":true,"href":"https:\/\/sultanspices.es\/pt\/wp-json\/wp\/v2\/product_cat?post=3944"},{"taxonomy":"product_tag","embeddable":true,"href":"https:\/\/sultanspices.es\/pt\/wp-json\/wp\/v2\/product_tag?post=3944"}],"curies":[{"name":"wp","href":"https:\/\/api.w.org\/{rel}","templated":true}]}}