{"id":3943,"date":"2024-02-12T09:12:29","date_gmt":"2024-02-12T08:12:29","guid":{"rendered":"https:\/\/sultanspices.es\/goor-pesi-ali-baba-500g\/"},"modified":"2026-02-23T12:40:46","modified_gmt":"2026-02-23T11:40:46","slug":"goor-pesi-ali-baba-500g","status":"publish","type":"product","link":"https:\/\/sultanspices.es\/pt\/produto\/goor-pesi-ali-baba-500g\/","title":{"rendered":"GOOR PESI ALI BABA 500G"},"content":{"rendered":"<div class=\"flex-1 overflow-hidden\">\n<div class=\"react-scroll-to-bottom--css-dyfsc-79elbk h-full\">\n<div class=\"react-scroll-to-bottom--css-dyfsc-1n7m0yu\">\n<div class=\"flex flex-col pb-9 text-sm\">\n<div class=\"w-full text-token-text-primary\" data-testid=\"conversation-turn-83\">\n<div class=\"px-4 py-2 justify-center text-base md:gap-6 m-auto\">\n<div class=\"flex flex-1 text-base mx-auto gap-3 md:px-5 lg:px-1 xl:px-5 md:max-w-3xl lg:max-w-[40rem] xl:max-w-[48rem] group final-completion\">\n<div class=\"relative flex w-full flex-col lg:w-[calc(100%-115px)] agent-turn\">\n<div class=\"flex-col gap-1 md:gap-3\">\n<div class=\"flex flex-grow flex-col max-w-full\">\n<div class=\"min-h-[20px] text-message flex flex-col items-start gap-3 whitespace-pre-wrap break-words [.text-message+&amp;]:mt-5 overflow-x-auto\" data-message-author-role=\"assistant\" data-message-id=\"d1155772-c597-412b-9b01-b382c660d9a0\">\n<div class=\"markdown prose w-full break-words dark:prose-invert dark\">\n<p>Delicie-se com a rica do\u00e7ura do Ali Baba Goor Pesi 500g, agora dispon\u00edvel no Sultan Spices &amp; Supermarket. Este a\u00e7\u00facar de cana de qualidade superior, tamb\u00e9m conhecido como jaggery, \u00e9 apreciado pela sua do\u00e7ura natural e sabor rico, tornando-o um ingrediente adorado em v\u00e1rias cozinhas de todo o mundo.<\/p>\n<p>O Ali Baba Goor Pesi \u00e9 feito a partir de sumo de cana puro e natural, cuidadosamente processado para manter o seu valor nutricional e sabor distinto. Isento de aditivos e ingredientes artificiais, este a\u00e7\u00facar doce oferece uma alternativa saud\u00e1vel aos a\u00e7\u00facares refinados, acrescentando profundidade e complexidade aos seus pratos.<\/p>\n<p>Perfeito para ado\u00e7ar bebidas, sobremesas e pratos salgados, o Ali Baba Goor Pesi infunde um sabor quente e semelhante a caramelo que melhora a experi\u00eancia geral do paladar. A sua natureza vers\u00e1til torna-o um favorito entre os cozinheiros dom\u00e9sticos e os chefes profissionais que procuram adicionar um toque de do\u00e7ura \u00e0s suas cria\u00e7\u00f5es culin\u00e1rias.<\/p>\n<p>Experimente a pura do\u00e7ura de Ali Baba Goor Pesi 500g, dispon\u00edvel agora no Sultan Spices &amp; Supermarket, o seu destino online de confian\u00e7a para ingredientes indianos aut\u00eanticos em Espanha. Eleve os seus cozinhados com a bondade natural do jaggery e delicie o seu paladar com cada prato.<\/p>\n<\/div>\n<\/div>\n<\/div>\n<\/div>\n<\/div>\n<\/div>\n<\/div>\n<\/div>\n<\/div>\n<\/div>\n<\/div>\n<\/div>","protected":false},"excerpt":{"rendered":"<p>Delicie-se com a rica do\u00e7ura do Ali Baba Goor Pesi 500g, agora dispon\u00edvel no Sultan Spices &amp; Supermarket. Este a\u00e7\u00facar de cana de qualidade superior, tamb\u00e9m conhecido como jaggery, \u00e9 apreciado pela sua do\u00e7ura natural e sabor rico, tornando-o um ingrediente adorado em v\u00e1rias cozinhas de todo o mundo. O Ali Baba Goor Pesi \u00e9 feito a partir de a\u00e7\u00facar puro e...<\/p>","protected":false},"featured_media":4053,"comment_status":"open","ping_status":"closed","template":"","meta":{"_kad_blocks_custom_css":"","_kad_blocks_head_custom_js":"","_kad_blocks_body_custom_js":"","_kad_blocks_footer_custom_js":"","_kadence_starter_templates_imported_post":false,"_kad_post_transparent":"default","_kad_post_title":"","_kad_post_layout":"default","_kad_post_sidebar_id":"","_kad_post_content_style":"default","_kad_post_vertical_padding":"default","_kad_post_feature":"","_kad_post_feature_position":"","_kad_post_header":false,"_kad_post_footer":false,"_kad_post_classname":""},"product_brand":[],"product_cat":[51,15],"product_tag":[],"class_list":{"0":"post-3943","1":"product","2":"type-product","3":"status-publish","4":"has-post-thumbnail","6":"product_cat-desserts-sweets","7":"product_cat-indian-items","9":"first","10":"instock","11":"shipping-taxable","12":"purchasable","13":"product-type-simple","14":"entry","15":"content-bg","16":"loop-entry"},"taxonomy_info":{"product_cat":[{"value":51,"label":"Desserts and Sweets"},{"value":15,"label":"Other Indian Items"}]},"featured_image_src_large":["https:\/\/sultanspices.es\/wp-content\/uploads\/2024\/02\/ProductsPIX-37-1024x1024.png",1024,1024,true],"author_info":[],"comment_info":1,"jetpack_sharing_enabled":true,"_links":{"self":[{"href":"https:\/\/sultanspices.es\/pt\/wp-json\/wp\/v2\/product\/3943","targetHints":{"allow":["GET"]}}],"collection":[{"href":"https:\/\/sultanspices.es\/pt\/wp-json\/wp\/v2\/product"}],"about":[{"href":"https:\/\/sultanspices.es\/pt\/wp-json\/wp\/v2\/types\/product"}],"replies":[{"embeddable":true,"href":"https:\/\/sultanspices.es\/pt\/wp-json\/wp\/v2\/comments?post=3943"}],"wp:featuredmedia":[{"embeddable":true,"href":"https:\/\/sultanspices.es\/pt\/wp-json\/wp\/v2\/media\/4053"}],"wp:attachment":[{"href":"https:\/\/sultanspices.es\/pt\/wp-json\/wp\/v2\/media?parent=3943"}],"wp:term":[{"taxonomy":"product_brand","embeddable":true,"href":"https:\/\/sultanspices.es\/pt\/wp-json\/wp\/v2\/product_brand?post=3943"},{"taxonomy":"product_cat","embeddable":true,"href":"https:\/\/sultanspices.es\/pt\/wp-json\/wp\/v2\/product_cat?post=3943"},{"taxonomy":"product_tag","embeddable":true,"href":"https:\/\/sultanspices.es\/pt\/wp-json\/wp\/v2\/product_tag?post=3943"}],"curies":[{"name":"wp","href":"https:\/\/api.w.org\/{rel}","templated":true}]}}