{"id":3940,"date":"2024-02-12T09:12:20","date_gmt":"2024-02-12T08:12:20","guid":{"rendered":"https:\/\/sultanspices.es\/garlic-paste-ali-baba-300g\/"},"modified":"2026-04-22T10:41:45","modified_gmt":"2026-04-22T08:41:45","slug":"garlic-paste-ali-baba-300g","status":"publish","type":"product","link":"https:\/\/sultanspices.es\/pt\/produto\/pasta-de-alho-ali-baba-300g\/","title":{"rendered":"PASTA DE ALHO ALI BABA 300G"},"content":{"rendered":"<div class=\"flex-1 overflow-hidden\">\n<div class=\"react-scroll-to-bottom--css-dyfsc-79elbk h-full\">\n<div class=\"react-scroll-to-bottom--css-dyfsc-1n7m0yu\">\n<div class=\"flex flex-col pb-9 text-sm\">\n<div class=\"w-full text-token-text-primary\" data-testid=\"conversation-turn-87\">\n<div class=\"px-4 py-2 justify-center text-base md:gap-6 m-auto\">\n<div class=\"flex flex-1 text-base mx-auto gap-3 md:px-5 lg:px-1 xl:px-5 md:max-w-3xl lg:max-w-[40rem] xl:max-w-[48rem] group final-completion\">\n<div class=\"relative flex w-full flex-col lg:w-[calc(100%-115px)] agent-turn\">\n<div class=\"flex-col gap-1 md:gap-3\">\n<div class=\"flex flex-grow flex-col max-w-full\">\n<div class=\"min-h-[20px] text-message flex flex-col items-start gap-3 whitespace-pre-wrap break-words [.text-message+&amp;]:mt-5 overflow-x-auto\" data-message-author-role=\"assistant\" data-message-id=\"bc14062c-db8f-45a3-8385-0a2d88ee58ea\">\n<div class=\"markdown prose w-full break-words dark:prose-invert dark\">\n<p>Eleve as suas cria\u00e7\u00f5es culin\u00e1rias com a conveni\u00eancia e o sabor robusto da Pasta de Alho Ali Baba 300g, agora dispon\u00edvel no Sultan Spices &amp; Supermarket. Esta pasta de alho de qualidade superior oferece uma forma r\u00e1pida e sem complica\u00e7\u00f5es de infundir os seus pratos com o aroma e o sabor distintos do alho.<\/p>\n<p>A Pasta de Alho Ali Baba \u00e9 habilmente elaborada a partir de dentes de alho acabados de descascar, finamente mo\u00eddos e misturados na perfei\u00e7\u00e3o para preservar a sua ess\u00eancia natural. Com a sua textura suave e sabor intenso, esta pasta acrescenta profundidade e complexidade a uma vasta gama de pratos salgados, desde caris e marinadas a sopas e molhos.<\/p>\n<p>Perfeita para cozinheiros dom\u00e9sticos ocupados e chefes profissionais, a pasta de alho Ali Baba poupa-lhe tempo na cozinha sem comprometer o sabor. A sua embalagem pr\u00e1tica garante uma frescura duradoura, permitindo-lhe desfrutar do sabor arrojado do alho sempre que a inspira\u00e7\u00e3o surgir.<\/p>\n<p>Experimente a conveni\u00eancia e o sabor da Pasta de Alho Ali Baba 300g, dispon\u00edvel agora no Sultan Spices &amp; Supermarket, a sua fonte online de confian\u00e7a para ingredientes indianos aut\u00eanticos em Espanha. Melhore os seus cozinhados com a bondade arom\u00e1tica do alho e eleve os seus pratos com cada colherada.<\/p>\n<\/div>\n<\/div>\n<\/div>\n<\/div>\n<\/div>\n<\/div>\n<\/div>\n<\/div>\n<\/div>\n<\/div>\n<\/div>\n<\/div>","protected":false},"excerpt":{"rendered":"<p>Eleve as suas cria\u00e7\u00f5es culin\u00e1rias com a conveni\u00eancia e o sabor robusto da Pasta de Alho Ali Baba 300g, agora dispon\u00edvel no Sultan Spices &amp; Supermarket. Esta pasta de alho de qualidade superior oferece uma forma r\u00e1pida e sem complica\u00e7\u00f5es de infundir os seus pratos com o aroma e o sabor distintos do alho. A Pasta de Alho Ali Baba \u00e9 habilmente elaborada a partir de alho fresco descascado...<\/p>","protected":false},"featured_media":4059,"comment_status":"open","ping_status":"closed","template":"","meta":{"_kad_blocks_custom_css":"","_kad_blocks_head_custom_js":"","_kad_blocks_body_custom_js":"","_kad_blocks_footer_custom_js":"","_kadence_starter_templates_imported_post":false,"_kad_post_transparent":"default","_kad_post_title":"","_kad_post_layout":"default","_kad_post_sidebar_id":"","_kad_post_content_style":"default","_kad_post_vertical_padding":"default","_kad_post_feature":"","_kad_post_feature_position":"","_kad_post_header":false,"_kad_post_footer":false,"_kad_post_classname":""},"product_brand":[],"product_cat":[55],"product_tag":[],"class_list":{"0":"post-3940","1":"product","2":"type-product","3":"status-publish","4":"has-post-thumbnail","6":"product_cat-pastes","8":"first","9":"instock","10":"shipping-taxable","11":"purchasable","12":"product-type-simple","13":"entry","14":"content-bg","15":"loop-entry"},"taxonomy_info":{"product_cat":[{"value":55,"label":"Pastes, Pickles &amp; Sauces"}]},"featured_image_src_large":["https:\/\/sultanspices.es\/wp-content\/uploads\/2024\/02\/ProductsPIX-40-1024x1024.png",1024,1024,true],"author_info":[],"comment_info":0,"jetpack_sharing_enabled":true,"_links":{"self":[{"href":"https:\/\/sultanspices.es\/pt\/wp-json\/wp\/v2\/product\/3940","targetHints":{"allow":["GET"]}}],"collection":[{"href":"https:\/\/sultanspices.es\/pt\/wp-json\/wp\/v2\/product"}],"about":[{"href":"https:\/\/sultanspices.es\/pt\/wp-json\/wp\/v2\/types\/product"}],"replies":[{"embeddable":true,"href":"https:\/\/sultanspices.es\/pt\/wp-json\/wp\/v2\/comments?post=3940"}],"wp:featuredmedia":[{"embeddable":true,"href":"https:\/\/sultanspices.es\/pt\/wp-json\/wp\/v2\/media\/4059"}],"wp:attachment":[{"href":"https:\/\/sultanspices.es\/pt\/wp-json\/wp\/v2\/media?parent=3940"}],"wp:term":[{"taxonomy":"product_brand","embeddable":true,"href":"https:\/\/sultanspices.es\/pt\/wp-json\/wp\/v2\/product_brand?post=3940"},{"taxonomy":"product_cat","embeddable":true,"href":"https:\/\/sultanspices.es\/pt\/wp-json\/wp\/v2\/product_cat?post=3940"},{"taxonomy":"product_tag","embeddable":true,"href":"https:\/\/sultanspices.es\/pt\/wp-json\/wp\/v2\/product_tag?post=3940"}],"curies":[{"name":"wp","href":"https:\/\/api.w.org\/{rel}","templated":true}]}}