{"id":3938,"date":"2024-02-12T09:12:15","date_gmt":"2024-02-12T08:12:15","guid":{"rendered":"https:\/\/sultanspices.es\/garam-masala-whole-ali-baba-200g\/"},"modified":"2026-02-23T12:40:46","modified_gmt":"2026-02-23T11:40:46","slug":"garam-masala-whole-ali-baba-200g","status":"publish","type":"product","link":"https:\/\/sultanspices.es\/pt\/produto\/garam-masala-ali-baba-inteiro-200g\/","title":{"rendered":"GARAM MASALA INTEIRO ALI BABA 200G"},"content":{"rendered":"<div class=\"flex-1 overflow-hidden\">\n<div class=\"react-scroll-to-bottom--css-dyfsc-79elbk h-full\">\n<div class=\"react-scroll-to-bottom--css-dyfsc-1n7m0yu\">\n<div class=\"flex flex-col pb-9 text-sm\">\n<div class=\"w-full text-token-text-primary\" data-testid=\"conversation-turn-89\">\n<div class=\"px-4 py-2 justify-center text-base md:gap-6 m-auto\">\n<div class=\"flex flex-1 text-base mx-auto gap-3 md:px-5 lg:px-1 xl:px-5 md:max-w-3xl lg:max-w-[40rem] xl:max-w-[48rem] group final-completion\">\n<div class=\"relative flex w-full flex-col lg:w-[calc(100%-115px)] agent-turn\">\n<div class=\"flex-col gap-1 md:gap-3\">\n<div class=\"flex flex-grow flex-col max-w-full\">\n<div class=\"min-h-[20px] text-message flex flex-col items-start gap-3 whitespace-pre-wrap break-words [.text-message+&amp;]:mt-5 overflow-x-auto\" data-message-author-role=\"assistant\" data-message-id=\"3c1ac945-eb8a-4f0e-870c-1462fbaa6ed3\">\n<div class=\"markdown prose w-full break-words dark:prose-invert dark\">\n<p>Eleve os seus cozinhados com a riqueza arom\u00e1tica de Ali Baba Garam Masala Inteiro 200g, agora dispon\u00edvel no Sultan Spices &amp; Supermarket. Esta mistura de especiarias inteiras de qualidade superior oferece uma adi\u00e7\u00e3o tradicional e saborosa aos seus pratos indianos.<\/p>\n<p>Ali Baba Garam Masala Inteiro \u00e9 meticulosamente elaborado a partir de uma sele\u00e7\u00e3o de especiarias inteiras de primeira qualidade, incluindo canela, cardamomo, cravinho, pimenta preta e sementes de cominho, entre outras. Cada especiaria \u00e9 cuidadosamente selecionada e misturada na perfei\u00e7\u00e3o, garantindo um equil\u00edbrio harmonioso de sabores e aromas.<\/p>\n<p>Perfeito para adicionar profundidade e complexidade a caris, guisados, marinadas e pratos de arroz, Ali Baba Garam Masala Whole infunde os seus cozinhados com o sabor aut\u00eantico da cozinha indiana. A sua natureza vers\u00e1til permite-lhe personalizar a intensidade dos sabores de acordo com as suas prefer\u00eancias, tornando-o um elemento b\u00e1sico em qualquer cozinha.<\/p>\n<p>Experimente a riqueza culin\u00e1ria de Ali Baba Garam Masala Inteiro 200g, dispon\u00edvel agora no Sultan Spices &amp; Supermarket, o seu destino online de confian\u00e7a para especiarias indianas aut\u00eanticas em Espanha. Melhore os seus pratos com o calor perfumado das especiarias inteiras e delicie o seu paladar com cada dentada.<\/p>\n<\/div>\n<\/div>\n<\/div>\n<\/div>\n<\/div>\n<\/div>\n<\/div>\n<\/div>\n<\/div>\n<\/div>\n<\/div>\n<\/div>","protected":false},"excerpt":{"rendered":"<p>Eleve os seus cozinhados com a riqueza arom\u00e1tica de Ali Baba Garam Masala Inteiro 200g, agora dispon\u00edvel no Sultan Spices &amp; Supermarket. Esta mistura de especiarias inteiras de qualidade superior oferece uma adi\u00e7\u00e3o tradicional e saborosa aos seus pratos indianos. Ali Baba Garam Masala Inteiro \u00e9 meticulosamente elaborado a partir de uma sele\u00e7\u00e3o de especiarias inteiras de primeira qualidade, incluindo canela, cardamomo,...<\/p>","protected":false},"featured_media":4060,"comment_status":"open","ping_status":"closed","template":"","meta":{"_kad_blocks_custom_css":"","_kad_blocks_head_custom_js":"","_kad_blocks_body_custom_js":"","_kad_blocks_footer_custom_js":"","_kadence_starter_templates_imported_post":false,"_kad_post_transparent":"default","_kad_post_title":"","_kad_post_layout":"default","_kad_post_sidebar_id":"","_kad_post_content_style":"default","_kad_post_vertical_padding":"default","_kad_post_feature":"","_kad_post_feature_position":"","_kad_post_header":false,"_kad_post_footer":false,"_kad_post_classname":""},"product_brand":[],"product_cat":[50],"product_tag":[],"class_list":{"0":"post-3938","1":"product","2":"type-product","3":"status-publish","4":"has-post-thumbnail","6":"product_cat-spices","8":"first","9":"instock","10":"shipping-taxable","11":"purchasable","12":"product-type-simple","13":"entry","14":"content-bg","15":"loop-entry"},"taxonomy_info":{"product_cat":[{"value":50,"label":"Spices"}]},"featured_image_src_large":["https:\/\/sultanspices.es\/wp-content\/uploads\/2024\/02\/ProductsPIX-41-1024x1024.png",1024,1024,true],"author_info":[],"comment_info":1,"jetpack_sharing_enabled":true,"_links":{"self":[{"href":"https:\/\/sultanspices.es\/pt\/wp-json\/wp\/v2\/product\/3938","targetHints":{"allow":["GET"]}}],"collection":[{"href":"https:\/\/sultanspices.es\/pt\/wp-json\/wp\/v2\/product"}],"about":[{"href":"https:\/\/sultanspices.es\/pt\/wp-json\/wp\/v2\/types\/product"}],"replies":[{"embeddable":true,"href":"https:\/\/sultanspices.es\/pt\/wp-json\/wp\/v2\/comments?post=3938"}],"wp:featuredmedia":[{"embeddable":true,"href":"https:\/\/sultanspices.es\/pt\/wp-json\/wp\/v2\/media\/4060"}],"wp:attachment":[{"href":"https:\/\/sultanspices.es\/pt\/wp-json\/wp\/v2\/media?parent=3938"}],"wp:term":[{"taxonomy":"product_brand","embeddable":true,"href":"https:\/\/sultanspices.es\/pt\/wp-json\/wp\/v2\/product_brand?post=3938"},{"taxonomy":"product_cat","embeddable":true,"href":"https:\/\/sultanspices.es\/pt\/wp-json\/wp\/v2\/product_cat?post=3938"},{"taxonomy":"product_tag","embeddable":true,"href":"https:\/\/sultanspices.es\/pt\/wp-json\/wp\/v2\/product_tag?post=3938"}],"curies":[{"name":"wp","href":"https:\/\/api.w.org\/{rel}","templated":true}]}}